{"id":42554,"date":"2025-08-08T08:52:21","date_gmt":"2025-08-08T08:52:21","guid":{"rendered":"https:\/\/skinstudio.ee\/?post_type=product&#038;p=42554"},"modified":"2025-12-30T17:05:43","modified_gmt":"2025-12-30T17:05:43","slug":"triolift-mask","status":"publish","type":"product","link":"https:\/\/skinstudio.ee\/lt\/catalog\/noon-aesthetics\/triolift-mask\/","title":{"rendered":"TrioLift Mask"},"content":{"rendered":"<p data-start=\"1577\" data-end=\"1810\"><strong data-start=\"1594\" data-end=\"1627\">NOON Aesthetics TrioLift Mask<\/strong> \u2013 tai pa\u017eangi anti\u2011sen\u0117jimo kauk\u0117, kuri jau po pirmo karto suteikia akivaizd\u0173 liftin\u012f efekt\u0105 ir aptempia od\u0105. Sud\u0117tis veikia greitai \u2014 ma\u017eina rauk\u0161li\u0173 matomum\u0105 ir gerina odos tonus\u0105.<\/p>\n<p data-start=\"1812\" data-end=\"2018\">Kauk\u0117 ne tik lygina od\u0105, bet ir intensyviai dr\u0117kina, mink\u0161tina bei ramina, palikdama od\u0105 glotni\u0105 ir spindin\u010di\u0105. <strong data-start=\"1924\" data-end=\"1941\">TrioLift Mask<\/strong> tinka visiems odos tipams ir tonams, ypa\u010d veiksminga anti\u2011sen\u0117jimo rutinoje.<\/p>\n<p data-start=\"2020\" data-end=\"2039\"><strong data-start=\"2020\" data-end=\"2030\">T\u016bris:<\/strong> <strong data-start=\"2031\" data-end=\"2039\">70\u202fg<\/strong><\/p>\n<p data-start=\"2041\" data-end=\"2261\">\n","protected":false},"excerpt":{"rendered":"<p data-start=\"1268\" data-end=\"1300\">Anti\u2011sen\u0117jimo liftingo kauk\u0117<\/p>\n<h2 data-start=\"1302\" data-end=\"1575\"><strong data-start=\"1302\" data-end=\"1343\">Savyb\u0117s NOON Aesthetics TrioLift Mask<\/strong><\/h2>\n<p data-start=\"1302\" data-end=\"1575\">\u2714\ufe0f Akimirksniu liftina ir suteikia odai tvirtumo<br data-start=\"1394\" data-end=\"1397\" \/>\u2714\ufe0f I\u0161lygina rauk\u0161les ir pagerina odos tekst\u016br\u0105<br data-start=\"1443\" data-end=\"1446\" \/>\u2714\ufe0f Intensyviai dr\u0117kina ir mink\u0161tina od\u0105<br data-start=\"1485\" data-end=\"1488\" \/>\u2714\ufe0f Ramina jautri\u0105, dr\u0117kinam\u0105 od\u0105<br data-start=\"1520\" data-end=\"1523\" \/>\u2714\ufe0f Tinka visiems odos tipams ir tonams visus metus<\/p>\n","protected":false},"featured_media":66541,"template":"","meta":[],"pwb-brand":[791],"product_brand":[],"product_cat":[726,1150],"product_tag":[],"giftcard-category":[],"class_list":{"0":"post-42554","1":"product","2":"type-product","3":"status-publish","4":"has-post-thumbnail","6":"pwb-brand-noon-aesthetics","7":"product_cat-maskas-lt","8":"product_cat-noon-aesthetics-lt","10":"first","11":"instock","12":"taxable","13":"shipping-taxable","14":"purchasable","15":"product-type-simple"},"acf":[],"brands":[{"id":791,"name":"NOON Aesthetics","slug":"noon-aesthetics"}],"_links":{"self":[{"href":"https:\/\/skinstudio.ee\/lt\/wp-json\/wp\/v2\/product\/42554","targetHints":{"allow":["GET"]}}],"collection":[{"href":"https:\/\/skinstudio.ee\/lt\/wp-json\/wp\/v2\/product"}],"about":[{"href":"https:\/\/skinstudio.ee\/lt\/wp-json\/wp\/v2\/types\/product"}],"version-history":[{"count":0,"href":"https:\/\/skinstudio.ee\/lt\/wp-json\/wp\/v2\/product\/42554\/revisions"}],"wp:featuredmedia":[{"embeddable":true,"href":"https:\/\/skinstudio.ee\/lt\/wp-json\/wp\/v2\/media\/66541"}],"wp:attachment":[{"href":"https:\/\/skinstudio.ee\/lt\/wp-json\/wp\/v2\/media?parent=42554"}],"wp:term":[{"taxonomy":"pwb-brand","embeddable":true,"href":"https:\/\/skinstudio.ee\/lt\/wp-json\/wp\/v2\/pwb-brand?post=42554"},{"taxonomy":"product_brand","embeddable":true,"href":"https:\/\/skinstudio.ee\/lt\/wp-json\/wp\/v2\/product_brand?post=42554"},{"taxonomy":"product_cat","embeddable":true,"href":"https:\/\/skinstudio.ee\/lt\/wp-json\/wp\/v2\/product_cat?post=42554"},{"taxonomy":"product_tag","embeddable":true,"href":"https:\/\/skinstudio.ee\/lt\/wp-json\/wp\/v2\/product_tag?post=42554"},{"taxonomy":"giftcard-category","embeddable":true,"href":"https:\/\/skinstudio.ee\/lt\/wp-json\/wp\/v2\/giftcard-category?post=42554"}],"curies":[{"name":"wp","href":"https:\/\/api.w.org\/{rel}","templated":true}]}}