{"id":42570,"date":"2025-08-08T09:10:18","date_gmt":"2025-08-08T09:10:18","guid":{"rendered":"https:\/\/skinstudio.ee\/?post_type=product&#038;p=42570"},"modified":"2026-02-14T11:23:59","modified_gmt":"2026-02-14T11:23:59","slug":"lacto-10","status":"publish","type":"product","link":"https:\/\/skinstudio.ee\/lt\/catalog\/noon-aesthetics\/lacto-10\/","title":{"rendered":"Lacto-10"},"content":{"rendered":"<p data-start=\"1740\" data-end=\"2117\">NOON Aesthetics Lacto-10 \u2013 tai unikalus kasdienis kremas, kuris aktyviai skatina odos atsinaujinim\u0105, gerina jos tekst\u016br\u0105, i\u0161lygina ton\u0105 ir palaiko tinkam\u0105 dr\u0117gm\u0117s lyg\u012f. Formul\u0117je yra 10 % pieno r\u016bg\u0161ties (pH 3,5), praturtintos apsauginiu kompleksu DermShield\u2122, leid\u017eian\u010diu kasdien naudoti didel\u0117s koncentracijos AHA r\u016bg\u0161tis be \u012fprastai pasitaikan\u010dio sudirginimo.<\/p>\n<p data-start=\"2119\" data-end=\"2234\">Kremas be aliej\u0173, greitai \u012fsigeria ir puikiai tinka vis\u0173 tip\u0173 odai. Produktas visi\u0161kai saugus naudoti aki\u0173 srityje.<\/p>\n<p data-start=\"2239\" data-end=\"2258\"><strong data-start=\"2239\" data-end=\"2249\">T\u016bris:<\/strong> 15 ml \/ 50 g<\/p>\n","protected":false},"excerpt":{"rendered":"<p data-start=\"1417\" data-end=\"1461\">Lengvas AHA kremas kasdieniam naudojimui<\/p>\n<h2 data-start=\"1466\" data-end=\"1735\"><strong data-start=\"1466\" data-end=\"1502\">NOON Aesthetics &#8211; Lacto-10 <\/strong><strong data-start=\"1466\" data-end=\"1502\">Savyb\u0117s<\/strong><\/h2>\n<p data-start=\"1466\" data-end=\"1735\">\u2714\ufe0f Kasdien atnaujina ir atjaunina od\u0105<br data-start=\"1542\" data-end=\"1545\" \/>\u2714\ufe0f Pagerina odos tekst\u016br\u0105 ir suvienodina atspalv\u012f<br data-start=\"1594\" data-end=\"1597\" \/>\u2714\ufe0f Dr\u0117kina ir palaiko dr\u0117gm\u0117s balans\u0105<br data-start=\"1634\" data-end=\"1637\" \/>\u2714\ufe0f Nesukelia sudirginimo d\u0117l DermShield\u2122 komplekso<br data-start=\"1687\" data-end=\"1690\" \/>\u2714\ufe0f Tinka vis\u0173 tip\u0173 odai, \u012fskaitant aki\u0173 srit\u012f<\/p>\n","protected":false},"featured_media":66536,"template":"","meta":[],"pwb-brand":[791],"product_brand":[],"product_cat":[738,1150,752,750,754],"product_tag":[],"giftcard-category":[],"class_list":{"0":"post-42570","1":"product","2":"type-product","3":"status-publish","4":"has-post-thumbnail","6":"pwb-brand-noon-aesthetics","7":"product_cat-drekinimas","8":"product_cat-noon-aesthetics-lt","9":"product_cat-pigmentacija-lt","10":"product_cat-senstanti-oda","11":"product_cat-travel-size-lt","12":"pa_suurus-15-ml","13":"pa_suurus-50-g","15":"first","16":"instock","17":"taxable","18":"shipping-taxable","19":"purchasable","20":"product-type-variable"},"acf":[],"brands":[{"id":791,"name":"NOON Aesthetics","slug":"noon-aesthetics"}],"_links":{"self":[{"href":"https:\/\/skinstudio.ee\/lt\/wp-json\/wp\/v2\/product\/42570","targetHints":{"allow":["GET"]}}],"collection":[{"href":"https:\/\/skinstudio.ee\/lt\/wp-json\/wp\/v2\/product"}],"about":[{"href":"https:\/\/skinstudio.ee\/lt\/wp-json\/wp\/v2\/types\/product"}],"version-history":[{"count":1,"href":"https:\/\/skinstudio.ee\/lt\/wp-json\/wp\/v2\/product\/42570\/revisions"}],"predecessor-version":[{"id":80787,"href":"https:\/\/skinstudio.ee\/lt\/wp-json\/wp\/v2\/product\/42570\/revisions\/80787"}],"wp:featuredmedia":[{"embeddable":true,"href":"https:\/\/skinstudio.ee\/lt\/wp-json\/wp\/v2\/media\/66536"}],"wp:attachment":[{"href":"https:\/\/skinstudio.ee\/lt\/wp-json\/wp\/v2\/media?parent=42570"}],"wp:term":[{"taxonomy":"pwb-brand","embeddable":true,"href":"https:\/\/skinstudio.ee\/lt\/wp-json\/wp\/v2\/pwb-brand?post=42570"},{"taxonomy":"product_brand","embeddable":true,"href":"https:\/\/skinstudio.ee\/lt\/wp-json\/wp\/v2\/product_brand?post=42570"},{"taxonomy":"product_cat","embeddable":true,"href":"https:\/\/skinstudio.ee\/lt\/wp-json\/wp\/v2\/product_cat?post=42570"},{"taxonomy":"product_tag","embeddable":true,"href":"https:\/\/skinstudio.ee\/lt\/wp-json\/wp\/v2\/product_tag?post=42570"},{"taxonomy":"giftcard-category","embeddable":true,"href":"https:\/\/skinstudio.ee\/lt\/wp-json\/wp\/v2\/giftcard-category?post=42570"}],"curies":[{"name":"wp","href":"https:\/\/api.w.org\/{rel}","templated":true}]}}