{"id":42586,"date":"2025-08-08T09:21:26","date_gmt":"2025-08-08T09:21:26","guid":{"rendered":"https:\/\/skinstudio.ee\/?post_type=product&#038;p=42586"},"modified":"2026-02-14T11:32:23","modified_gmt":"2026-02-14T11:32:23","slug":"lactoceramide-15","status":"publish","type":"product","link":"https:\/\/skinstudio.ee\/lt\/catalog\/noon-aesthetics\/lactoceramide-15\/","title":{"rendered":"Lacto-C 15"},"content":{"rendered":"<p data-start=\"1034\" data-end=\"1317\">Lacto-C 15 yra intensyvi priemon\u0117 nuo sen\u0117jimo, pagr\u012fsta stipria 15 % pieno r\u016bg\u0161ties ir keramid\u0173 (2, 3 ir 6 tip\u0173) kombinacija. Efektyvus AHA ir apsauginio DermShield\u2122 komplekso derinys leid\u017eia naudoti \u0161\u012f krem\u0105 vis\u0173 tip\u0173 odai i\u0161tisus metus be sudirginimo ir sausumo poj\u016b\u010dio.<\/p>\n<p data-start=\"1319\" data-end=\"1338\"><strong data-start=\"1319\" data-end=\"1329\">T\u016bris:<\/strong> 15 ml \/ 50 g<\/p>\n","protected":false},"excerpt":{"rendered":"<p data-start=\"1547\" data-end=\"1602\">Kremas nuo sen\u0117jimo su pieno r\u016bg\u0161timi ir keramidais<\/p>\n<h2 data-start=\"1604\" data-end=\"1909\"><strong data-start=\"1604\" data-end=\"1632\">NOON Aesthetics &#8211; Lacto-C 15 savyb\u0117s<\/strong><\/h2>\n<p data-start=\"1604\" data-end=\"1909\">\u2714\ufe0f Pagerina odos elastingum\u0105 ir stangrum\u0105<br data-start=\"1676\" data-end=\"1679\" \/>\u2714\ufe0f Paspartina l\u0105steli\u0173 atsinaujinim\u0105 ir i\u0161lygina tekst\u016br\u0105<br data-start=\"1736\" data-end=\"1739\" \/>\u2714\ufe0f Sustiprina lipidin\u012f barjer\u0105 ir apsaugo nuo dehidratacijos<br data-start=\"1799\" data-end=\"1802\" \/>\u2714\ufe0f Suteikia odai glotnumo, spindesio ir pri\u017ei\u016br\u0117t\u0105 i\u0161vaizd\u0105<br data-start=\"1861\" data-end=\"1864\" \/>\u2714\ufe0f Tinka reguliariam naudojimui i\u0161tisus metus<\/p>\n","protected":false},"featured_media":80793,"template":"","meta":[],"pwb-brand":[791],"product_brand":[],"product_cat":[738,1150,752,750,754],"product_tag":[],"giftcard-category":[],"class_list":{"0":"post-42586","1":"product","2":"type-product","3":"status-publish","4":"has-post-thumbnail","6":"pwb-brand-noon-aesthetics","7":"product_cat-drekinimas","8":"product_cat-noon-aesthetics-lt","9":"product_cat-pigmentacija-lt","10":"product_cat-senstanti-oda","11":"product_cat-travel-size-lt","12":"pa_suurus-15-ml-2-lt","13":"pa_suurus-50-g-2-lt","15":"first","16":"instock","17":"taxable","18":"shipping-taxable","19":"purchasable","20":"product-type-variable"},"acf":[],"brands":[{"id":791,"name":"NOON Aesthetics","slug":"noon-aesthetics"}],"_links":{"self":[{"href":"https:\/\/skinstudio.ee\/lt\/wp-json\/wp\/v2\/product\/42586","targetHints":{"allow":["GET"]}}],"collection":[{"href":"https:\/\/skinstudio.ee\/lt\/wp-json\/wp\/v2\/product"}],"about":[{"href":"https:\/\/skinstudio.ee\/lt\/wp-json\/wp\/v2\/types\/product"}],"version-history":[{"count":3,"href":"https:\/\/skinstudio.ee\/lt\/wp-json\/wp\/v2\/product\/42586\/revisions"}],"predecessor-version":[{"id":80819,"href":"https:\/\/skinstudio.ee\/lt\/wp-json\/wp\/v2\/product\/42586\/revisions\/80819"}],"wp:featuredmedia":[{"embeddable":true,"href":"https:\/\/skinstudio.ee\/lt\/wp-json\/wp\/v2\/media\/80793"}],"wp:attachment":[{"href":"https:\/\/skinstudio.ee\/lt\/wp-json\/wp\/v2\/media?parent=42586"}],"wp:term":[{"taxonomy":"pwb-brand","embeddable":true,"href":"https:\/\/skinstudio.ee\/lt\/wp-json\/wp\/v2\/pwb-brand?post=42586"},{"taxonomy":"product_brand","embeddable":true,"href":"https:\/\/skinstudio.ee\/lt\/wp-json\/wp\/v2\/product_brand?post=42586"},{"taxonomy":"product_cat","embeddable":true,"href":"https:\/\/skinstudio.ee\/lt\/wp-json\/wp\/v2\/product_cat?post=42586"},{"taxonomy":"product_tag","embeddable":true,"href":"https:\/\/skinstudio.ee\/lt\/wp-json\/wp\/v2\/product_tag?post=42586"},{"taxonomy":"giftcard-category","embeddable":true,"href":"https:\/\/skinstudio.ee\/lt\/wp-json\/wp\/v2\/giftcard-category?post=42586"}],"curies":[{"name":"wp","href":"https:\/\/api.w.org\/{rel}","templated":true}]}}