{"id":42605,"date":"2025-08-08T09:36:55","date_gmt":"2025-08-08T09:36:55","guid":{"rendered":"https:\/\/skinstudio.ee\/?post_type=product&#038;p=42605"},"modified":"2025-12-30T17:05:44","modified_gmt":"2025-12-30T17:05:44","slug":"intensive-hydrogel","status":"publish","type":"product","link":"https:\/\/skinstudio.ee\/lt\/catalog\/noon-aesthetics\/intensive-hydrogel\/","title":{"rendered":"Intensive Hydrogel"},"content":{"rendered":"<p data-start=\"1502\" data-end=\"1651\"><strong data-start=\"1502\" data-end=\"1540\">NOON Aesthetics Intensive Hydrogel<\/strong> \u2013 tai subalansuota emulsija, kurioje yra 10 % pieno r\u016bg\u0161ties, 2 % salicilo r\u016bg\u0161ties ir DermShield\u2122 kompleksas.<\/p>\n<p data-start=\"1653\" data-end=\"1854\">DermShield\u2122 leid\u017eia naudoti didel\u0117s koncentracijos r\u016bg\u0161tis ir \u017eem\u0105 pH nesukeliant sudirgimo (paraudimo, nie\u017eulio, pleiskanojimo ar diskomforto), kartu u\u017etikrinant veiksming\u0105 odos gydym\u0105 ir atjauninim\u0105.<\/p>\n<p data-start=\"1856\" data-end=\"1978\">Intensyvusis hidrogelis pagerina riebios ir mi\u0161rios odos b\u016bkl\u0119, u\u017etikrina intensyv\u0173 gydym\u0105 be sudirginimo d\u0117l DermShield\u2122.<\/p>\n<p data-start=\"1980\" data-end=\"2036\">Naudojama 100 % nat\u016brali ir ekologi\u0161ka salicilo r\u016bg\u0161tis!<\/p>\n<p data-start=\"2038\" data-end=\"2266\">Hidrogelis turi stipri\u0173 antimikrobini\u0173 ir prie\u0161u\u017edegimini\u0173 savybi\u0173, tod\u0117l puikiai tinka riebios odos valymui ir u\u017edegim\u0173 nuraminimui. Salicilo r\u016bg\u0161tis padeda pa\u0161alinti surag\u0117jus\u012f odos sluoksn\u012f ir skatina epidermio atsinaujinim\u0105.<\/p>\n<p data-start=\"2268\" data-end=\"2283\"><strong data-start=\"2268\" data-end=\"2278\">T\u016bris:<\/strong> 50 g<\/p>\n","protected":false},"excerpt":{"rendered":"<p data-start=\"2487\" data-end=\"2539\">Kasdieniam naudojimui skirtas dr\u0117kinamasis gelis<\/p>\n<h2 data-start=\"2541\" data-end=\"2836\"><strong data-start=\"2541\" data-end=\"2587\">NOON Aesthetics Intensive Hydrogel savyb\u0117s<\/strong><\/h2>\n<p data-start=\"2541\" data-end=\"2836\">\u2714\ufe0f Atjaunina, pa\u0161viesina ir i\u0161lygina od\u0105<br data-start=\"2630\" data-end=\"2633\" \/>\u2714\ufe0f Pa\u0161alina rieb\u0173 blizges\u012f ir giliai dr\u0117kina<br data-start=\"2677\" data-end=\"2680\" \/>\u2714\ufe0f I\u0161valo od\u0105 ir padeda pa\u0161alinti tr\u016bkumus<br data-start=\"2722\" data-end=\"2725\" \/>\u2714\ufe0f Padaro od\u0105 lygi\u0105 ir spindin\u010di\u0105<br data-start=\"2758\" data-end=\"2761\" \/>\u2714\ufe0f Tinka naudoti su kitomis kosmetikos priemon\u0117mis ir gydomaisiais tepalais<\/p>\n","protected":false},"featured_media":66526,"template":"","meta":[],"pwb-brand":[791],"product_brand":[],"product_cat":[742,738,746,1150,750,748],"product_tag":[],"giftcard-category":[],"class_list":{"0":"post-42605","1":"product","2":"type-product","3":"status-publish","4":"has-post-thumbnail","6":"pwb-brand-noon-aesthetics","7":"product_cat-berimai","8":"product_cat-drekinimas","9":"product_cat-jautriai-odai","10":"product_cat-noon-aesthetics-lt","11":"product_cat-senstanti-oda","12":"product_cat-taukainai-adai-lt","14":"first","15":"instock","16":"taxable","17":"shipping-taxable","18":"purchasable","19":"product-type-simple"},"acf":[],"brands":[{"id":791,"name":"NOON Aesthetics","slug":"noon-aesthetics"}],"_links":{"self":[{"href":"https:\/\/skinstudio.ee\/lt\/wp-json\/wp\/v2\/product\/42605","targetHints":{"allow":["GET"]}}],"collection":[{"href":"https:\/\/skinstudio.ee\/lt\/wp-json\/wp\/v2\/product"}],"about":[{"href":"https:\/\/skinstudio.ee\/lt\/wp-json\/wp\/v2\/types\/product"}],"version-history":[{"count":0,"href":"https:\/\/skinstudio.ee\/lt\/wp-json\/wp\/v2\/product\/42605\/revisions"}],"wp:featuredmedia":[{"embeddable":true,"href":"https:\/\/skinstudio.ee\/lt\/wp-json\/wp\/v2\/media\/66526"}],"wp:attachment":[{"href":"https:\/\/skinstudio.ee\/lt\/wp-json\/wp\/v2\/media?parent=42605"}],"wp:term":[{"taxonomy":"pwb-brand","embeddable":true,"href":"https:\/\/skinstudio.ee\/lt\/wp-json\/wp\/v2\/pwb-brand?post=42605"},{"taxonomy":"product_brand","embeddable":true,"href":"https:\/\/skinstudio.ee\/lt\/wp-json\/wp\/v2\/product_brand?post=42605"},{"taxonomy":"product_cat","embeddable":true,"href":"https:\/\/skinstudio.ee\/lt\/wp-json\/wp\/v2\/product_cat?post=42605"},{"taxonomy":"product_tag","embeddable":true,"href":"https:\/\/skinstudio.ee\/lt\/wp-json\/wp\/v2\/product_tag?post=42605"},{"taxonomy":"giftcard-category","embeddable":true,"href":"https:\/\/skinstudio.ee\/lt\/wp-json\/wp\/v2\/giftcard-category?post=42605"}],"curies":[{"name":"wp","href":"https:\/\/api.w.org\/{rel}","templated":true}]}}