{"id":42621,"date":"2025-08-08T09:48:05","date_gmt":"2025-08-08T09:48:05","guid":{"rendered":"https:\/\/skinstudio.ee\/?post_type=product&#038;p=42621"},"modified":"2026-02-14T11:36:43","modified_gmt":"2026-02-14T11:36:43","slug":"vit-c-serum-11s","status":"publish","type":"product","link":"https:\/\/skinstudio.ee\/lt\/catalog\/noon-aesthetics\/vit-c-serum-11s\/","title":{"rendered":"Vit C Serum 11S"},"content":{"rendered":"<div class=\"product-short__title _mb-lg\">\n<p data-start=\"1113\" data-end=\"1663\"><strong data-start=\"1113\" data-end=\"1148\">NOON Aesthetics Vit C Serum 11S<\/strong> \u2013 tai skaistinantis veido serumas su dideliu vitamino C kiekiu. Sud\u0117tyje esantis stiprus antioksidantas padeda suvienodinti odos atspalv\u012f, suma\u017einti pigmentines d\u0117mes ir pagerinti tekst\u016br\u0105. Formul\u0117 skatina kolageno gamyb\u0105, pagerina odos elastingum\u0105 ir stangrum\u0105. Produktas padeda suma\u017einti pigmentacij\u0105, strazdanas ir tamsias d\u0117mes, tod\u0117l oda atrodo \u0161viesesn\u0117 ir tolygesn\u0117. Vitaminas C veikia kaip galingas antioksidantas, saugantis od\u0105 nuo laisv\u0173j\u0173 radikal\u0173 poveikio ir padedantis i\u0161vengti prie\u0161laikinio sen\u0117jimo.<\/p>\n<p data-start=\"1665\" data-end=\"1680\"><strong data-start=\"1665\" data-end=\"1675\">T\u016bris:<\/strong> 10 ml \/ 30 g<\/p>\n<\/div>\n","protected":false},"excerpt":{"rendered":"<p data-start=\"1768\" data-end=\"1808\">Antioksidantinis vitaminas C serumas<\/p>\n<h2 data-start=\"1810\" data-end=\"2063\"><strong data-start=\"1810\" data-end=\"1853\">NOON Aesthetics &#8211; Vit C Serum 11S savyb\u0117s<\/strong><\/h2>\n<p data-start=\"1810\" data-end=\"2063\">\u2714\ufe0f Suteikia stipri\u0105 antioksidacin\u0119 apsaug\u0105<br data-start=\"1898\" data-end=\"1901\" \/>\u2714\ufe0f Skaistina ir suvienodina odos atspalv\u012f<br data-start=\"1942\" data-end=\"1945\" \/>\u2714\ufe0f Skatina kolageno gamyb\u0105<br data-start=\"1971\" data-end=\"1974\" \/>\u2714\ufe0f Gerina odos stangrum\u0105 ir elastingum\u0105<br data-start=\"2013\" data-end=\"2016\" \/>\u2714\ufe0f Suteikia odai \u0161vyt\u0117jimo ir sveikos i\u0161vaizdos<\/p>\n","protected":false},"featured_media":66521,"template":"","meta":[],"pwb-brand":[791],"product_brand":[],"product_cat":[746,1150,752,750,724,754,730],"product_tag":[],"giftcard-category":[],"class_list":{"0":"post-42621","1":"product","2":"type-product","3":"status-publish","4":"has-post-thumbnail","6":"pwb-brand-noon-aesthetics","7":"product_cat-jautriai-odai","8":"product_cat-noon-aesthetics-lt","9":"product_cat-pigmentacija-lt","10":"product_cat-senstanti-oda","11":"product_cat-serumai","12":"product_cat-travel-size-lt","13":"product_cat-vitaminas-c","14":"pa_suurus-10ml-lt","15":"pa_suurus-30g-lt","17":"first","18":"instock","19":"taxable","20":"shipping-taxable","21":"purchasable","22":"product-type-variable"},"acf":[],"brands":[{"id":791,"name":"NOON Aesthetics","slug":"noon-aesthetics"}],"_links":{"self":[{"href":"https:\/\/skinstudio.ee\/lt\/wp-json\/wp\/v2\/product\/42621","targetHints":{"allow":["GET"]}}],"collection":[{"href":"https:\/\/skinstudio.ee\/lt\/wp-json\/wp\/v2\/product"}],"about":[{"href":"https:\/\/skinstudio.ee\/lt\/wp-json\/wp\/v2\/types\/product"}],"version-history":[{"count":1,"href":"https:\/\/skinstudio.ee\/lt\/wp-json\/wp\/v2\/product\/42621\/revisions"}],"predecessor-version":[{"id":80841,"href":"https:\/\/skinstudio.ee\/lt\/wp-json\/wp\/v2\/product\/42621\/revisions\/80841"}],"wp:featuredmedia":[{"embeddable":true,"href":"https:\/\/skinstudio.ee\/lt\/wp-json\/wp\/v2\/media\/66521"}],"wp:attachment":[{"href":"https:\/\/skinstudio.ee\/lt\/wp-json\/wp\/v2\/media?parent=42621"}],"wp:term":[{"taxonomy":"pwb-brand","embeddable":true,"href":"https:\/\/skinstudio.ee\/lt\/wp-json\/wp\/v2\/pwb-brand?post=42621"},{"taxonomy":"product_brand","embeddable":true,"href":"https:\/\/skinstudio.ee\/lt\/wp-json\/wp\/v2\/product_brand?post=42621"},{"taxonomy":"product_cat","embeddable":true,"href":"https:\/\/skinstudio.ee\/lt\/wp-json\/wp\/v2\/product_cat?post=42621"},{"taxonomy":"product_tag","embeddable":true,"href":"https:\/\/skinstudio.ee\/lt\/wp-json\/wp\/v2\/product_tag?post=42621"},{"taxonomy":"giftcard-category","embeddable":true,"href":"https:\/\/skinstudio.ee\/lt\/wp-json\/wp\/v2\/giftcard-category?post=42621"}],"curies":[{"name":"wp","href":"https:\/\/api.w.org\/{rel}","templated":true}]}}