{"id":42639,"date":"2025-08-08T09:57:26","date_gmt":"2025-08-08T09:57:26","guid":{"rendered":"https:\/\/skinstudio.ee\/?post_type=product&#038;p=42639"},"modified":"2026-02-19T10:15:17","modified_gmt":"2026-02-19T10:15:17","slug":"retinol-charisma-delicate","status":"publish","type":"product","link":"https:\/\/skinstudio.ee\/lt\/catalog\/noon-aesthetics\/retinol-charisma-delicate\/","title":{"rendered":"Retinol Charisma Delicate"},"content":{"rendered":"<p data-start=\"1743\" data-end=\"1977\"><strong data-start=\"1743\" data-end=\"1788\">NOON Aesthetics Retinol Charisma Delicate<\/strong> \u2013 tai idealiai jautriai odai arba tiems, kurie tik pradeda naudoti retinol\u012f. Sud\u0117tyje yra \u0161velnios 0,3 % retinolio koncentracijos kartu su od\u0105 pri\u017ei\u016brin\u010diomis ir raminan\u010diomis med\u017eiagomis.<\/p>\n<p data-start=\"1979\" data-end=\"2334\">Reguliariai naudojant serumas padeda suma\u017einti smulkias rauk\u0161leles, pagerina odos tekst\u016br\u0105, i\u0161lygina spalv\u0105 ir skatina odos atsinaujinim\u0105 bei jaun\u0117jim\u0105.<br data-start=\"2131\" data-end=\"2134\" \/>Vitaminas E ramina od\u0105, o niacinamidas stiprina jos nat\u016bralius apsauginius mechanizmus.<br data-start=\"2221\" data-end=\"2224\" \/>Tinka net tiems, kurie niekada anks\u010diau nenaudojo retinolio arba ie\u0161ko \u0161velnesn\u0117s, bet veiksmingos prie\u017ei\u016bros.<\/p>\n<p data-start=\"2336\" data-end=\"2351\"><strong data-start=\"2336\" data-end=\"2346\">T\u016bris:<\/strong> 15 ml \/ 35 g<\/p>\n","protected":false},"excerpt":{"rendered":"<p data-start=\"1392\" data-end=\"1421\">\u0160velnus retinolio serumas<\/p>\n<h2 data-start=\"1426\" data-end=\"1740\"><strong data-start=\"1426\" data-end=\"1479\">NOON Aesthetics &#8211; Retinol Charisma Delicate savyb\u0117s<\/strong><\/h2>\n<p data-start=\"1426\" data-end=\"1740\">\u2714\ufe0f Stimuliuoja odos atsinaujinim\u0105 ir ma\u017eina rauk\u0161les<br data-start=\"1534\" data-end=\"1537\" \/>\u2714\ufe0f Pagerina odos ton\u0105 ir tekst\u016br\u0105<br data-start=\"1570\" data-end=\"1573\" \/>\u2714\ufe0f Tinka jautriai odai ir pradedantiesiems naudoti retinol\u012f<br data-start=\"1632\" data-end=\"1635\" \/>\u2714\ufe0f Sud\u0117tyje yra raminan\u010di\u0173 ingredient\u0173 (vitaminas E, niacinamidas)<br data-start=\"1701\" data-end=\"1704\" \/>\u2714\ufe0f Stiprina odos apsaugin\u012f barjer\u0105<\/p>\n","protected":false},"featured_media":66516,"template":"","meta":[],"pwb-brand":[791],"product_brand":[],"product_cat":[746,1150,752,750,724,754,728],"product_tag":[],"giftcard-category":[],"class_list":{"0":"post-42639","1":"product","2":"type-product","3":"status-publish","4":"has-post-thumbnail","6":"pwb-brand-noon-aesthetics","7":"product_cat-jautriai-odai","8":"product_cat-noon-aesthetics-lt","9":"product_cat-pigmentacija-lt","10":"product_cat-senstanti-oda","11":"product_cat-serumai","12":"product_cat-travel-size-lt","13":"product_cat-vitaminas-a-retinolis","14":"pa_suurus-15ml-lt","15":"pa_suurus-35-g","17":"first","18":"instock","19":"taxable","20":"shipping-taxable","21":"purchasable","22":"product-type-variable"},"acf":[],"brands":[{"id":791,"name":"NOON Aesthetics","slug":"noon-aesthetics"}],"_links":{"self":[{"href":"https:\/\/skinstudio.ee\/lt\/wp-json\/wp\/v2\/product\/42639","targetHints":{"allow":["GET"]}}],"collection":[{"href":"https:\/\/skinstudio.ee\/lt\/wp-json\/wp\/v2\/product"}],"about":[{"href":"https:\/\/skinstudio.ee\/lt\/wp-json\/wp\/v2\/types\/product"}],"version-history":[{"count":1,"href":"https:\/\/skinstudio.ee\/lt\/wp-json\/wp\/v2\/product\/42639\/revisions"}],"predecessor-version":[{"id":80890,"href":"https:\/\/skinstudio.ee\/lt\/wp-json\/wp\/v2\/product\/42639\/revisions\/80890"}],"wp:featuredmedia":[{"embeddable":true,"href":"https:\/\/skinstudio.ee\/lt\/wp-json\/wp\/v2\/media\/66516"}],"wp:attachment":[{"href":"https:\/\/skinstudio.ee\/lt\/wp-json\/wp\/v2\/media?parent=42639"}],"wp:term":[{"taxonomy":"pwb-brand","embeddable":true,"href":"https:\/\/skinstudio.ee\/lt\/wp-json\/wp\/v2\/pwb-brand?post=42639"},{"taxonomy":"product_brand","embeddable":true,"href":"https:\/\/skinstudio.ee\/lt\/wp-json\/wp\/v2\/product_brand?post=42639"},{"taxonomy":"product_cat","embeddable":true,"href":"https:\/\/skinstudio.ee\/lt\/wp-json\/wp\/v2\/product_cat?post=42639"},{"taxonomy":"product_tag","embeddable":true,"href":"https:\/\/skinstudio.ee\/lt\/wp-json\/wp\/v2\/product_tag?post=42639"},{"taxonomy":"giftcard-category","embeddable":true,"href":"https:\/\/skinstudio.ee\/lt\/wp-json\/wp\/v2\/giftcard-category?post=42639"}],"curies":[{"name":"wp","href":"https:\/\/api.w.org\/{rel}","templated":true}]}}