{"id":42654,"date":"2025-08-08T10:17:46","date_gmt":"2025-08-08T10:17:46","guid":{"rendered":"https:\/\/skinstudio.ee\/?post_type=product&#038;p=42654"},"modified":"2026-02-14T11:49:59","modified_gmt":"2026-02-14T11:49:59","slug":"retinol-charisma-intense","status":"publish","type":"product","link":"https:\/\/skinstudio.ee\/lt\/catalog\/noon-aesthetics\/retinol-charisma-intense\/","title":{"rendered":"Retinol Charisma Intense"},"content":{"rendered":"<p data-start=\"1211\" data-end=\"1810\"><strong data-start=\"1211\" data-end=\"1255\">Retinol Charisma Intense<\/strong> \u2013 tai atjauninamasis, stangrinamasis ir \u0161viesinamasis serumas, ma\u017einantis smulkias rauk\u0161leles ir gerinantis odos tekst\u016br\u0105 bei ton\u0105. Tinka vis\u0173 tip\u0173 odai, taip pat n\u0117\u0161tumo ir \u017eindymo laikotarpiu. 1 % retinolio koncentracija \u0161\u012f produkt\u0105 daro intensyvesn\u012f, palyginti su ma\u017eesn\u0117s koncentracijos produktais. Retinolis, \u017einomas d\u0117l savo sen\u0117jim\u0105 stabdan\u010di\u0173 savybi\u0173, padeda ma\u017einti rauk\u0161les, gerina tekst\u016br\u0105 ir skatina kolageno gamyb\u0105. Jis spartina l\u0105steli\u0173 atsinaujinim\u0105, pa\u0161alina senas l\u0105steles ir skatina nauj\u0173 augim\u0105, tod\u0117l oda tampa glotnesn\u0117 ir \u0161viesesn\u0117.<\/p>\n<p data-start=\"1812\" data-end=\"1831\"><strong data-start=\"1812\" data-end=\"1822\">T\u016bris:<\/strong> 15 ml \/ 35 g<\/p>\n","protected":false},"excerpt":{"rendered":"<p data-start=\"1991\" data-end=\"2023\">Intensyvus retinolio serumas<\/p>\n<h2 data-start=\"2025\" data-end=\"2302\"><strong data-start=\"2025\" data-end=\"2077\">NOON Aesthetics &#8211; Retinol Charisma Intense savyb\u0117s<\/strong><\/h2>\n<p data-start=\"2025\" data-end=\"2302\">\u2714\ufe0f Atnaujina ir jaunina od\u0105<br data-start=\"2107\" data-end=\"2110\" \/>\u2714\ufe0f I\u0161lygina tekst\u016br\u0105 ir tolygina ton\u0105<br data-start=\"2147\" data-end=\"2150\" \/>\u2714\ufe0f Ma\u017eina rauk\u0161li\u0173 matomum\u0105<br data-start=\"2177\" data-end=\"2180\" \/>\u2714\ufe0f Tinka vis\u0173 tip\u0173 odai, \u012fskaitant n\u0117\u0161\u010di\u0105sias ir \u017eindan\u010dias moteris<br data-start=\"2247\" data-end=\"2250\" \/>\u2714\ufe0f Skatina kolageno gamyb\u0105 ir l\u0105steli\u0173 atsinaujinim\u0105<\/p>\n","protected":false},"featured_media":66511,"template":"","meta":[],"pwb-brand":[791],"product_brand":[],"product_cat":[738,1150,752,750,724,754,728],"product_tag":[],"giftcard-category":[],"class_list":{"0":"post-42654","1":"product","2":"type-product","3":"status-publish","4":"has-post-thumbnail","6":"pwb-brand-noon-aesthetics","7":"product_cat-drekinimas","8":"product_cat-noon-aesthetics-lt","9":"product_cat-pigmentacija-lt","10":"product_cat-senstanti-oda","11":"product_cat-serumai","12":"product_cat-travel-size-lt","13":"product_cat-vitaminas-a-retinolis","14":"pa_suurus-15-ml","15":"pa_suurus-35-g","17":"first","18":"instock","19":"taxable","20":"shipping-taxable","21":"purchasable","22":"product-type-variable"},"acf":[],"brands":[{"id":791,"name":"NOON Aesthetics","slug":"noon-aesthetics"}],"_links":{"self":[{"href":"https:\/\/skinstudio.ee\/lt\/wp-json\/wp\/v2\/product\/42654","targetHints":{"allow":["GET"]}}],"collection":[{"href":"https:\/\/skinstudio.ee\/lt\/wp-json\/wp\/v2\/product"}],"about":[{"href":"https:\/\/skinstudio.ee\/lt\/wp-json\/wp\/v2\/types\/product"}],"version-history":[{"count":3,"href":"https:\/\/skinstudio.ee\/lt\/wp-json\/wp\/v2\/product\/42654\/revisions"}],"predecessor-version":[{"id":80868,"href":"https:\/\/skinstudio.ee\/lt\/wp-json\/wp\/v2\/product\/42654\/revisions\/80868"}],"wp:featuredmedia":[{"embeddable":true,"href":"https:\/\/skinstudio.ee\/lt\/wp-json\/wp\/v2\/media\/66511"}],"wp:attachment":[{"href":"https:\/\/skinstudio.ee\/lt\/wp-json\/wp\/v2\/media?parent=42654"}],"wp:term":[{"taxonomy":"pwb-brand","embeddable":true,"href":"https:\/\/skinstudio.ee\/lt\/wp-json\/wp\/v2\/pwb-brand?post=42654"},{"taxonomy":"product_brand","embeddable":true,"href":"https:\/\/skinstudio.ee\/lt\/wp-json\/wp\/v2\/product_brand?post=42654"},{"taxonomy":"product_cat","embeddable":true,"href":"https:\/\/skinstudio.ee\/lt\/wp-json\/wp\/v2\/product_cat?post=42654"},{"taxonomy":"product_tag","embeddable":true,"href":"https:\/\/skinstudio.ee\/lt\/wp-json\/wp\/v2\/product_tag?post=42654"},{"taxonomy":"giftcard-category","embeddable":true,"href":"https:\/\/skinstudio.ee\/lt\/wp-json\/wp\/v2\/giftcard-category?post=42654"}],"curies":[{"name":"wp","href":"https:\/\/api.w.org\/{rel}","templated":true}]}}