{"id":42669,"date":"2025-08-08T10:37:19","date_gmt":"2025-08-08T10:37:19","guid":{"rendered":"https:\/\/skinstudio.ee\/?post_type=product&#038;p=42669"},"modified":"2025-12-30T17:05:44","modified_gmt":"2025-12-30T17:05:44","slug":"retinol-charisma-plus","status":"publish","type":"product","link":"https:\/\/skinstudio.ee\/lt\/catalog\/noon-aesthetics\/retinol-charisma-plus\/","title":{"rendered":"Retinol Charisma Plus"},"content":{"rendered":"<p data-start=\"1262\" data-end=\"1538\"><strong data-start=\"1262\" data-end=\"1303\">NOON Aesthetics Retinol Charisma Plus<\/strong> yra stipriausias retinolio serumas i\u0161 NOON, kurio sud\u0117tyje yra 1,6 % gryno retinolio. Jis sukurtas patyrusiems vartotojams, kuri\u0173 oda jau pripratusi prie retinolio ir kurie siekia maksimalaus poveikio odos atjauninimui ir i\u0161lyginimui.<\/p>\n<p data-start=\"1540\" data-end=\"1847\">Serumas suma\u017eina tiek smulkias, tiek gilesnes rauk\u0161les, i\u0161lygina odos atspalv\u012f, skatina kolageno gamyb\u0105 ir padeda atkurti jaunatvi\u0161k\u0105, stangri\u0105 ir \u0161vytin\u010di\u0105 i\u0161vaizd\u0105. Produktas tinka tik patyrusiems vartotojams ir turi b\u016bti naudojamas atsakingai kartu su apsauga nuo saul\u0117s ir, jei reikia, raminan\u010diu kremu.<\/p>\n<p data-start=\"1849\" data-end=\"1864\"><strong data-start=\"1849\" data-end=\"1859\">T\u016bris:<\/strong> 35 g<\/p>\n","protected":false},"excerpt":{"rendered":"<p data-start=\"2071\" data-end=\"2126\">Intensyvus sen\u0117jim\u0105 stabdantis serumas su retinoliu<\/p>\n<h2 data-start=\"2128\" data-end=\"2351\"><strong data-start=\"2128\" data-end=\"2177\">NOON Aesthetics Retinol Charisma Plus savyb\u0117s<\/strong><\/h2>\n<p data-start=\"2128\" data-end=\"2351\">\u2714\ufe0f Ma\u017eina rauk\u0161les ir smulkias linijas<br data-start=\"2218\" data-end=\"2221\" \/>\u2714\ufe0f Lygina ir atnaujina od\u0105<br data-start=\"2247\" data-end=\"2250\" \/>\u2714\ufe0f Skatina kolageno sintez\u0119<br data-start=\"2277\" data-end=\"2280\" \/>\u2714\ufe0f Padidina odos stangrum\u0105 ir tank\u012f<br data-start=\"2315\" data-end=\"2318\" \/>\u2714\ufe0f \u0160viesina ir tolygina odos ton\u0105<\/p>\n","protected":false},"featured_media":66506,"template":"","meta":[],"pwb-brand":[791],"product_brand":[],"product_cat":[738,1150,752,750,724,728],"product_tag":[],"giftcard-category":[],"class_list":{"0":"post-42669","1":"product","2":"type-product","3":"status-publish","4":"has-post-thumbnail","6":"pwb-brand-noon-aesthetics","7":"product_cat-drekinimas","8":"product_cat-noon-aesthetics-lt","9":"product_cat-pigmentacija-lt","10":"product_cat-senstanti-oda","11":"product_cat-serumai","12":"product_cat-vitaminas-a-retinolis","14":"first","15":"instock","16":"taxable","17":"shipping-taxable","18":"purchasable","19":"product-type-simple"},"acf":[],"brands":[{"id":791,"name":"NOON Aesthetics","slug":"noon-aesthetics"}],"_links":{"self":[{"href":"https:\/\/skinstudio.ee\/lt\/wp-json\/wp\/v2\/product\/42669","targetHints":{"allow":["GET"]}}],"collection":[{"href":"https:\/\/skinstudio.ee\/lt\/wp-json\/wp\/v2\/product"}],"about":[{"href":"https:\/\/skinstudio.ee\/lt\/wp-json\/wp\/v2\/types\/product"}],"version-history":[{"count":0,"href":"https:\/\/skinstudio.ee\/lt\/wp-json\/wp\/v2\/product\/42669\/revisions"}],"wp:featuredmedia":[{"embeddable":true,"href":"https:\/\/skinstudio.ee\/lt\/wp-json\/wp\/v2\/media\/66506"}],"wp:attachment":[{"href":"https:\/\/skinstudio.ee\/lt\/wp-json\/wp\/v2\/media?parent=42669"}],"wp:term":[{"taxonomy":"pwb-brand","embeddable":true,"href":"https:\/\/skinstudio.ee\/lt\/wp-json\/wp\/v2\/pwb-brand?post=42669"},{"taxonomy":"product_brand","embeddable":true,"href":"https:\/\/skinstudio.ee\/lt\/wp-json\/wp\/v2\/product_brand?post=42669"},{"taxonomy":"product_cat","embeddable":true,"href":"https:\/\/skinstudio.ee\/lt\/wp-json\/wp\/v2\/product_cat?post=42669"},{"taxonomy":"product_tag","embeddable":true,"href":"https:\/\/skinstudio.ee\/lt\/wp-json\/wp\/v2\/product_tag?post=42669"},{"taxonomy":"giftcard-category","embeddable":true,"href":"https:\/\/skinstudio.ee\/lt\/wp-json\/wp\/v2\/giftcard-category?post=42669"}],"curies":[{"name":"wp","href":"https:\/\/api.w.org\/{rel}","templated":true}]}}