{"id":42685,"date":"2025-08-08T10:49:43","date_gmt":"2025-08-08T10:49:43","guid":{"rendered":"https:\/\/skinstudio.ee\/?post_type=product&#038;p=42685"},"modified":"2025-12-30T17:05:44","modified_gmt":"2025-12-30T17:05:44","slug":"reform-eye-cream","status":"publish","type":"product","link":"https:\/\/skinstudio.ee\/lt\/catalog\/noon-aesthetics\/reform-eye-cream\/","title":{"rendered":"Reform Eye Cream"},"content":{"rendered":"<p data-start=\"1201\" data-end=\"1791\"><strong data-start=\"1201\" data-end=\"1237\">NOON Aesthetics Reform Eye Cream<\/strong> \u2013 tai 5 viename formul\u0117 visi\u0161kam odos aplink akis atjauninimui. Kremas turi veikli\u0173j\u0173 med\u017eiag\u0173 derin\u012f, kuris padeda suma\u017einti paburkim\u0105 ir tamsius ratilus po akimis. Jis taip pat kovoja su laisvaisiais radikalais aki\u0173 srityje ir padeda i\u0161vengti odos suplon\u0117jimo. Be to, kremas ma\u017eina rauk\u0161li\u0173 gyl\u012f ir matomum\u0105 aplink akis bei padeda ma\u017einti raumen\u0173 susitraukimus, \u0161velnindamas mimikos linijas. Papildytas <strong data-start=\"1643\" data-end=\"1658\">DermShield\u2122<\/strong>kompleksas apsaugo jautri\u0105 od\u0105 nuo sudirgimo ir leid\u017eia naudoti krem\u0105 kasdien net esant didel\u0117ms veikli\u0173j\u0173 med\u017eiag\u0173 koncentracijoms.<\/p>\n<p data-start=\"1796\" data-end=\"1812\"><strong data-start=\"1796\" data-end=\"1806\">T\u016bris:<\/strong> 15 ml<\/p>\n","protected":false},"excerpt":{"rendered":"<p data-start=\"1934\" data-end=\"1971\">Senas rauk\u0161les ma\u017einantis aki\u0173 kremas<\/p>\n<h2 data-start=\"1973\" data-end=\"2285\"><strong data-start=\"1973\" data-end=\"2017\">NOON Aesthetics Reform Eye Cream savyb\u0117s<\/strong><\/h2>\n<p data-start=\"1973\" data-end=\"2285\">\u2714\ufe0f Ma\u017eina paburkim\u0105 ir tamsius ratilus<br data-start=\"2058\" data-end=\"2061\" \/>\u2714\ufe0f Kovoja su laisvaisiais radikalais ir neleid\u017eia plon\u0117ti odai<br data-start=\"2123\" data-end=\"2126\" \/>\u2714\ufe0f I\u0161lygina rauk\u0161les ir ma\u017eina \u201e\u017e\u0105sies kojeles\u201c<br data-start=\"2173\" data-end=\"2176\" \/>\u2714\ufe0f \u0160velnina mimik\u0105 ir ma\u017eina raumen\u0173 susitraukimus<br data-start=\"2226\" data-end=\"2229\" \/>\u2714\ufe0f Tinka kasdieniam naudojimui d\u0117l DermShield\u2122 komplekso<\/p>\n","protected":false},"featured_media":42676,"template":"","meta":[],"pwb-brand":[791],"product_brand":[],"product_cat":[738,1150,734,750],"product_tag":[],"giftcard-category":[],"class_list":{"0":"post-42685","1":"product","2":"type-product","3":"status-publish","4":"has-post-thumbnail","6":"pwb-brand-noon-aesthetics","7":"product_cat-drekinimas","8":"product_cat-noon-aesthetics-lt","9":"product_cat-oda-aplink-akis","10":"product_cat-senstanti-oda","12":"first","13":"instock","14":"taxable","15":"shipping-taxable","16":"purchasable","17":"product-type-simple"},"acf":[],"brands":[{"id":791,"name":"NOON Aesthetics","slug":"noon-aesthetics"}],"_links":{"self":[{"href":"https:\/\/skinstudio.ee\/lt\/wp-json\/wp\/v2\/product\/42685","targetHints":{"allow":["GET"]}}],"collection":[{"href":"https:\/\/skinstudio.ee\/lt\/wp-json\/wp\/v2\/product"}],"about":[{"href":"https:\/\/skinstudio.ee\/lt\/wp-json\/wp\/v2\/types\/product"}],"version-history":[{"count":0,"href":"https:\/\/skinstudio.ee\/lt\/wp-json\/wp\/v2\/product\/42685\/revisions"}],"wp:featuredmedia":[{"embeddable":true,"href":"https:\/\/skinstudio.ee\/lt\/wp-json\/wp\/v2\/media\/42676"}],"wp:attachment":[{"href":"https:\/\/skinstudio.ee\/lt\/wp-json\/wp\/v2\/media?parent=42685"}],"wp:term":[{"taxonomy":"pwb-brand","embeddable":true,"href":"https:\/\/skinstudio.ee\/lt\/wp-json\/wp\/v2\/pwb-brand?post=42685"},{"taxonomy":"product_brand","embeddable":true,"href":"https:\/\/skinstudio.ee\/lt\/wp-json\/wp\/v2\/product_brand?post=42685"},{"taxonomy":"product_cat","embeddable":true,"href":"https:\/\/skinstudio.ee\/lt\/wp-json\/wp\/v2\/product_cat?post=42685"},{"taxonomy":"product_tag","embeddable":true,"href":"https:\/\/skinstudio.ee\/lt\/wp-json\/wp\/v2\/product_tag?post=42685"},{"taxonomy":"giftcard-category","embeddable":true,"href":"https:\/\/skinstudio.ee\/lt\/wp-json\/wp\/v2\/giftcard-category?post=42685"}],"curies":[{"name":"wp","href":"https:\/\/api.w.org\/{rel}","templated":true}]}}