{"id":42700,"date":"2025-08-08T11:52:08","date_gmt":"2025-08-08T11:52:08","guid":{"rendered":"https:\/\/skinstudio.ee\/?post_type=product&#038;p=42700"},"modified":"2026-02-19T10:14:01","modified_gmt":"2026-02-19T10:14:01","slug":"acno-solution","status":"publish","type":"product","link":"https:\/\/skinstudio.ee\/lt\/catalog\/noon-aesthetics\/acno-solution\/","title":{"rendered":"AcNo Solution"},"content":{"rendered":"<p data-start=\"999\" data-end=\"1412\"><strong data-start=\"999\" data-end=\"1032\">NOON Aesthetics AcNo Solution<\/strong> sukurtas naudojant veikli\u0173j\u0173 med\u017eiag\u0173 mi\u0161in\u012f, padedant\u012f suma\u017einti patogenini\u0173 bakterij\u0173 apkrov\u0105, kontroliuoti odos riebum\u0105 ir suma\u017einti u\u017edegim\u0105, kuris sukelia paraudim\u0105 ir sudirgim\u0105. Formul\u0117je yra 30 % perfluorangliavandenili\u0173 emulsijos, kuri i\u0161skiria deguon\u012f \u012f poras, sukurdama deguonimi prisotint\u0105 aplink\u0105, stabdan\u010di\u0105 anaerobini\u0173 bakterij\u0173, toki\u0173 kaip <em data-start=\"1388\" data-end=\"1398\">P. acnes<\/em>, dauginim\u0105si.<\/p>\n<p data-start=\"1414\" data-end=\"1433\"><strong data-start=\"1414\" data-end=\"1424\">T\u016bris: <\/strong>10 g \/ 30 g<\/p>\n","protected":false},"excerpt":{"rendered":"<p data-start=\"1553\" data-end=\"1598\">Priemon\u0117 linkusiai \u012f u\u017edegimus ir akn\u0119 odai<\/p>\n<h2 data-start=\"1600\" data-end=\"1641\"><strong data-start=\"1600\" data-end=\"1641\">NOON Aesthetics &#8211; AcNo Solution savyb\u0117s<\/strong><\/h2>\n<p data-start=\"1643\" data-end=\"1878\">\u2714\ufe0f Suma\u017eina bakterij\u0173 apkrov\u0105 odoje<br data-start=\"1678\" data-end=\"1681\" \/>\u2714\ufe0f Kontroliuoja riebal\u0173 i\u0161siskyrim\u0105<br data-start=\"1716\" data-end=\"1719\" \/>\u2714\ufe0f Ma\u017eina u\u017edegim\u0105, paraudim\u0105 ir sudirgim\u0105<br data-start=\"1761\" data-end=\"1764\" \/>\u2714\ufe0f Praturtina poras deguonimi d\u0117l perfluorangliavandenili\u0173 emulsijos<br data-start=\"1832\" data-end=\"1835\" \/>\u2714\ufe0f Veiksmingas prie\u0161 anaerobines bakterijas<\/p>\n","protected":false},"featured_media":66500,"template":"","meta":[],"pwb-brand":[791],"product_brand":[],"product_cat":[742,746,1150,750,724,754],"product_tag":[],"giftcard-category":[],"class_list":{"0":"post-42700","1":"product","2":"type-product","3":"status-publish","4":"has-post-thumbnail","6":"pwb-brand-noon-aesthetics","7":"product_cat-berimai","8":"product_cat-jautriai-odai","9":"product_cat-noon-aesthetics-lt","10":"product_cat-senstanti-oda","11":"product_cat-serumai","12":"product_cat-travel-size-lt","13":"pa_suurus-10-g-lt","14":"pa_suurus-30-g-lt","16":"first","17":"instock","18":"taxable","19":"shipping-taxable","20":"purchasable","21":"product-type-variable"},"acf":[],"brands":[{"id":791,"name":"NOON Aesthetics","slug":"noon-aesthetics"}],"_links":{"self":[{"href":"https:\/\/skinstudio.ee\/lt\/wp-json\/wp\/v2\/product\/42700","targetHints":{"allow":["GET"]}}],"collection":[{"href":"https:\/\/skinstudio.ee\/lt\/wp-json\/wp\/v2\/product"}],"about":[{"href":"https:\/\/skinstudio.ee\/lt\/wp-json\/wp\/v2\/types\/product"}],"version-history":[{"count":1,"href":"https:\/\/skinstudio.ee\/lt\/wp-json\/wp\/v2\/product\/42700\/revisions"}],"predecessor-version":[{"id":80635,"href":"https:\/\/skinstudio.ee\/lt\/wp-json\/wp\/v2\/product\/42700\/revisions\/80635"}],"wp:featuredmedia":[{"embeddable":true,"href":"https:\/\/skinstudio.ee\/lt\/wp-json\/wp\/v2\/media\/66500"}],"wp:attachment":[{"href":"https:\/\/skinstudio.ee\/lt\/wp-json\/wp\/v2\/media?parent=42700"}],"wp:term":[{"taxonomy":"pwb-brand","embeddable":true,"href":"https:\/\/skinstudio.ee\/lt\/wp-json\/wp\/v2\/pwb-brand?post=42700"},{"taxonomy":"product_brand","embeddable":true,"href":"https:\/\/skinstudio.ee\/lt\/wp-json\/wp\/v2\/product_brand?post=42700"},{"taxonomy":"product_cat","embeddable":true,"href":"https:\/\/skinstudio.ee\/lt\/wp-json\/wp\/v2\/product_cat?post=42700"},{"taxonomy":"product_tag","embeddable":true,"href":"https:\/\/skinstudio.ee\/lt\/wp-json\/wp\/v2\/product_tag?post=42700"},{"taxonomy":"giftcard-category","embeddable":true,"href":"https:\/\/skinstudio.ee\/lt\/wp-json\/wp\/v2\/giftcard-category?post=42700"}],"curies":[{"name":"wp","href":"https:\/\/api.w.org\/{rel}","templated":true}]}}