{"id":42781,"date":"2025-08-08T13:13:38","date_gmt":"2025-08-08T13:13:38","guid":{"rendered":"https:\/\/skinstudio.ee\/?post_type=product&#038;p=42781"},"modified":"2025-12-30T17:05:44","modified_gmt":"2025-12-30T17:05:44","slug":"in-depth-filler-serum","status":"publish","type":"product","link":"https:\/\/skinstudio.ee\/lt\/catalog\/noon-aesthetics\/in-depth-filler-serum\/","title":{"rendered":"In-Depth Filler Serum"},"content":{"rendered":"<p data-start=\"1170\" data-end=\"1532\">In-Depth Filler Serum yra stipri rauk\u0161les u\u017epildanti priemon\u0117, sukurta naudojant sinergi\u0161kai veikian\u010dius sen\u0117jim\u0105 stabdan\u010dius komponentus. Produktas efektyviai suma\u017eina rauk\u0161li\u0173 ir kit\u0173 sen\u0117jimo po\u017eymi\u0173 matomum\u0105, pagerina odos tekst\u016br\u0105 ir tonus\u0105, skatina gil\u0173 dr\u0117kinim\u0105 bei didina elastingum\u0105. Taip pat padeda suma\u017einti pigmentines d\u0117mes ir l\u0117tina odos sen\u0117jim\u0105.<\/p>\n<p data-start=\"1534\" data-end=\"1549\"><strong data-start=\"1534\" data-end=\"1544\">T\u016bris:<\/strong> 30 g<\/p>\n","protected":false},"excerpt":{"rendered":"<p data-start=\"894\" data-end=\"925\">Sen\u0117jim\u0105 stabdantis serumas<\/p>\n<h2 data-start=\"927\" data-end=\"1168\"><strong data-start=\"927\" data-end=\"976\">NOON Aesthetics In-Depth Filler Serum savyb\u0117s<\/strong><\/h2>\n<p data-start=\"927\" data-end=\"1168\">\u2714\ufe0f U\u017epildo ir i\u0161lygina rauk\u0161les<br data-start=\"1010\" data-end=\"1013\" \/>\u2714\ufe0f Pagerina odos tekst\u016br\u0105 ir tonus\u0105<br data-start=\"1048\" data-end=\"1051\" \/>\u2714\ufe0f Padidina dr\u0117gm\u0117s lyg\u012f ir elastingum\u0105<br data-start=\"1090\" data-end=\"1093\" \/>\u2714\ufe0f Suma\u017eina pigmentini\u0173 d\u0117mi\u0173 matomum\u0105<br data-start=\"1131\" data-end=\"1134\" \/>\u2714\ufe0f L\u0117tina odos sen\u0117jimo procesus<\/p>\n","protected":false},"featured_media":66490,"template":"","meta":[],"pwb-brand":[791],"product_brand":[],"product_cat":[1150,752,750,724],"product_tag":[],"giftcard-category":[],"class_list":{"0":"post-42781","1":"product","2":"type-product","3":"status-publish","4":"has-post-thumbnail","6":"pwb-brand-noon-aesthetics","7":"product_cat-noon-aesthetics-lt","8":"product_cat-pigmentacija-lt","9":"product_cat-senstanti-oda","10":"product_cat-serumai","12":"first","13":"instock","14":"taxable","15":"shipping-taxable","16":"purchasable","17":"product-type-simple"},"acf":[],"brands":[{"id":791,"name":"NOON Aesthetics","slug":"noon-aesthetics"}],"_links":{"self":[{"href":"https:\/\/skinstudio.ee\/lt\/wp-json\/wp\/v2\/product\/42781","targetHints":{"allow":["GET"]}}],"collection":[{"href":"https:\/\/skinstudio.ee\/lt\/wp-json\/wp\/v2\/product"}],"about":[{"href":"https:\/\/skinstudio.ee\/lt\/wp-json\/wp\/v2\/types\/product"}],"version-history":[{"count":0,"href":"https:\/\/skinstudio.ee\/lt\/wp-json\/wp\/v2\/product\/42781\/revisions"}],"wp:featuredmedia":[{"embeddable":true,"href":"https:\/\/skinstudio.ee\/lt\/wp-json\/wp\/v2\/media\/66490"}],"wp:attachment":[{"href":"https:\/\/skinstudio.ee\/lt\/wp-json\/wp\/v2\/media?parent=42781"}],"wp:term":[{"taxonomy":"pwb-brand","embeddable":true,"href":"https:\/\/skinstudio.ee\/lt\/wp-json\/wp\/v2\/pwb-brand?post=42781"},{"taxonomy":"product_brand","embeddable":true,"href":"https:\/\/skinstudio.ee\/lt\/wp-json\/wp\/v2\/product_brand?post=42781"},{"taxonomy":"product_cat","embeddable":true,"href":"https:\/\/skinstudio.ee\/lt\/wp-json\/wp\/v2\/product_cat?post=42781"},{"taxonomy":"product_tag","embeddable":true,"href":"https:\/\/skinstudio.ee\/lt\/wp-json\/wp\/v2\/product_tag?post=42781"},{"taxonomy":"giftcard-category","embeddable":true,"href":"https:\/\/skinstudio.ee\/lt\/wp-json\/wp\/v2\/giftcard-category?post=42781"}],"curies":[{"name":"wp","href":"https:\/\/api.w.org\/{rel}","templated":true}]}}