{"id":42798,"date":"2025-08-08T13:33:30","date_gmt":"2025-08-08T13:33:30","guid":{"rendered":"https:\/\/skinstudio.ee\/?post_type=product&#038;p=42798"},"modified":"2026-02-14T12:00:25","modified_gmt":"2026-02-14T12:00:25","slug":"in-depth-filler-cream","status":"publish","type":"product","link":"https:\/\/skinstudio.ee\/lt\/catalog\/noon-aesthetics\/in-depth-filler-cream\/","title":{"rendered":"In-Depth Filler Cream"},"content":{"rendered":"<p data-start=\"1069\" data-end=\"1286\"><strong data-start=\"1069\" data-end=\"1094\">In-Depth Filler Cream<\/strong> \u2013 tai galingas rauk\u0161les u\u017epildantis kremas, pagr\u012fstas keli\u0173 veiksming\u0173 prie\u0161rauk\u0161lini\u0173 ingredient\u0173 sinerginiu poveikiu. \u012erodyta, kad jis suma\u017eina rauk\u0161li\u0173 ir kit\u0173 sen\u0117jimo po\u017eymi\u0173 atsiradim\u0105.<\/p>\n<p data-start=\"1288\" data-end=\"1453\">Kremas padeda i\u0161lyginti rauk\u0161les, pagerina odos tekst\u016br\u0105 ir tonus\u0105, padidina dr\u0117gm\u0117s lyg\u012f ir elastingum\u0105, ma\u017eina pigmentines d\u0117mes bei l\u0117tina odos sen\u0117jimo procesus.<\/p>\n<p data-start=\"1458\" data-end=\"1473\"><strong data-start=\"1458\" data-end=\"1468\">T\u016bris:<\/strong> 15 ml \/ 50 g<\/p>\n","protected":false},"excerpt":{"rendered":"<p data-start=\"1598\" data-end=\"1620\">Prie\u0161rauk\u0161linis kremas<\/p>\n<h2 data-start=\"1622\" data-end=\"1671\"><strong data-start=\"1622\" data-end=\"1671\">NOON Aesthetics &#8211; In-Depth Filler Cream <\/strong><strong data-start=\"1622\" data-end=\"1671\">Savyb\u0117s<\/strong><\/h2>\n<p data-start=\"1673\" data-end=\"1870\">\u2714\ufe0f U\u017epildo ir i\u0161lygina rauk\u0161les<br data-start=\"1704\" data-end=\"1707\" \/>\u2714\ufe0f Padidina odos stangrum\u0105 ir elastingum\u0105<br data-start=\"1748\" data-end=\"1751\" \/>\u2714\ufe0f Giliai dr\u0117kina ir mink\u0161tina<br data-start=\"1781\" data-end=\"1784\" \/>\u2714\ufe0f I\u0161lygina odos tekst\u016br\u0105 ir ton\u0105<br data-start=\"1817\" data-end=\"1820\" \/>\u2714\ufe0f L\u0117tina sen\u0117jim\u0105 ir pigmentini\u0173 d\u0117mi\u0173 atsiradim\u0105<\/p>\n","protected":false},"featured_media":72993,"template":"","meta":[],"pwb-brand":[791],"product_brand":[],"product_cat":[738,1150,752,750,754],"product_tag":[],"giftcard-category":[],"class_list":{"0":"post-42798","1":"product","2":"type-product","3":"status-publish","4":"has-post-thumbnail","6":"pwb-brand-noon-aesthetics","7":"product_cat-drekinimas","8":"product_cat-noon-aesthetics-lt","9":"product_cat-pigmentacija-lt","10":"product_cat-senstanti-oda","11":"product_cat-travel-size-lt","12":"pa_suurus-15ml-lt","13":"pa_suurus-50g-lt","15":"first","16":"instock","17":"taxable","18":"shipping-taxable","19":"purchasable","20":"product-type-variable"},"acf":[],"brands":[{"id":791,"name":"NOON Aesthetics","slug":"noon-aesthetics"}],"_links":{"self":[{"href":"https:\/\/skinstudio.ee\/lt\/wp-json\/wp\/v2\/product\/42798","targetHints":{"allow":["GET"]}}],"collection":[{"href":"https:\/\/skinstudio.ee\/lt\/wp-json\/wp\/v2\/product"}],"about":[{"href":"https:\/\/skinstudio.ee\/lt\/wp-json\/wp\/v2\/types\/product"}],"version-history":[{"count":1,"href":"https:\/\/skinstudio.ee\/lt\/wp-json\/wp\/v2\/product\/42798\/revisions"}],"predecessor-version":[{"id":80911,"href":"https:\/\/skinstudio.ee\/lt\/wp-json\/wp\/v2\/product\/42798\/revisions\/80911"}],"wp:featuredmedia":[{"embeddable":true,"href":"https:\/\/skinstudio.ee\/lt\/wp-json\/wp\/v2\/media\/72993"}],"wp:attachment":[{"href":"https:\/\/skinstudio.ee\/lt\/wp-json\/wp\/v2\/media?parent=42798"}],"wp:term":[{"taxonomy":"pwb-brand","embeddable":true,"href":"https:\/\/skinstudio.ee\/lt\/wp-json\/wp\/v2\/pwb-brand?post=42798"},{"taxonomy":"product_brand","embeddable":true,"href":"https:\/\/skinstudio.ee\/lt\/wp-json\/wp\/v2\/product_brand?post=42798"},{"taxonomy":"product_cat","embeddable":true,"href":"https:\/\/skinstudio.ee\/lt\/wp-json\/wp\/v2\/product_cat?post=42798"},{"taxonomy":"product_tag","embeddable":true,"href":"https:\/\/skinstudio.ee\/lt\/wp-json\/wp\/v2\/product_tag?post=42798"},{"taxonomy":"giftcard-category","embeddable":true,"href":"https:\/\/skinstudio.ee\/lt\/wp-json\/wp\/v2\/giftcard-category?post=42798"}],"curies":[{"name":"wp","href":"https:\/\/api.w.org\/{rel}","templated":true}]}}