{"id":42861,"date":"2025-08-08T14:43:31","date_gmt":"2025-08-08T14:43:31","guid":{"rendered":"https:\/\/skinstudio.ee\/?post_type=product&#038;p=42861"},"modified":"2026-04-07T08:59:48","modified_gmt":"2026-04-07T08:59:48","slug":"mega-green-tea-extract","status":"publish","type":"product","link":"https:\/\/skinstudio.ee\/lt\/catalog\/life-extension\/mega-green-tea-extract\/","title":{"rendered":"Mega Green Tea Extract"},"content":{"rendered":"<p data-start=\"972\" data-end=\"1165\"><strong data-start=\"972\" data-end=\"1017\">Mega Green Tea Extract nuo Life Extension<\/strong> &#8211; maisto papildas su \u017ealiosios arbatos ekstraktu (Camellia sinensis), kuriame yra polifenolini\u0173 jungini\u0173, \u012fskaitant epigalokatechino galat\u0105 (EGCG).<\/p>\n<p data-start=\"1167\" data-end=\"1362\">Kiekvienoje kapsul\u0117je yra 725 mg \u017ealiosios arbatos ekstrakto, standartizuoto iki 98% polifenoli\u0173. Tokia koncentracija leid\u017eia produkt\u0105 naudoti kaip patog\u0173 polifenoli\u0173 \u0161altin\u012f kasdien\u0117je mityboje.<\/p>\n<p data-start=\"1364\" data-end=\"1436\">Formul\u0117 yra be kofeino ir pateikiama kapsuli\u0173 forma patogiam vartojimui.<\/p>\n<p data-start=\"1438\" data-end=\"1461\"><strong data-start=\"1438\" data-end=\"1461\">Pagaminta Europoje.<\/strong><\/p>\n<p data-start=\"1463\" data-end=\"1610\"><strong data-start=\"1463\" data-end=\"1484\">Galiojimo laikas:<\/strong> \u017ei\u016br\u0117ti ant pakuot\u0117s<br data-start=\"1505\" data-end=\"1508\" \/><strong data-start=\"1508\" data-end=\"1528\">Laikymo s\u0105lygos:<\/strong> laikyti sandariai u\u017edaryt\u0105 v\u0117sioje ir sausoje vietoje<br data-start=\"1582\" data-end=\"1585\" \/><strong data-start=\"1585\" data-end=\"1595\">T\u016bris:<\/strong> 100 kapsuli\u0173<\/p>\n","protected":false},"excerpt":{"rendered":"<p data-start=\"1617\" data-end=\"1665\">Maisto papildas su \u017ealiosios arbatos ekstraktu<\/p>\n<h2 data-section-id=\"xw73wn\" data-start=\"1667\" data-end=\"1722\"><strong data-start=\"1671\" data-end=\"1722\">Life Extension &#8211; Mega Green Tea Extract Savyb\u0117s<\/strong><\/h2>\n<p data-start=\"1724\" data-end=\"1864\">\u2714\ufe0f 725 mg \u017ealiosios arbatos ekstrakto kapsul\u0117je<br data-start=\"1771\" data-end=\"1774\" \/>\u2714\ufe0f Standartizuota iki 98% polifenoli\u0173<br data-start=\"1811\" data-end=\"1814\" \/>\u2714\ufe0f Sud\u0117tyje yra EGCG<br data-start=\"1834\" data-end=\"1837\" \/>\u2714\ufe0f Be kofeino<br data-start=\"1850\" data-end=\"1853\" \/>\u2714\ufe0f Be GMO<\/p>\n","protected":false},"featured_media":42852,"template":"","meta":[],"pwb-brand":[775],"product_brand":[],"product_cat":[769],"product_tag":[],"giftcard-category":[],"class_list":{"0":"post-42861","1":"product","2":"type-product","3":"status-publish","4":"has-post-thumbnail","6":"pwb-brand-life-extension","7":"product_cat-vitaminai","9":"first","10":"instock","11":"taxable","12":"shipping-taxable","13":"purchasable","14":"product-type-simple"},"acf":[],"brands":[{"id":775,"name":"Life Extension","slug":"life-extension"}],"_links":{"self":[{"href":"https:\/\/skinstudio.ee\/lt\/wp-json\/wp\/v2\/product\/42861","targetHints":{"allow":["GET"]}}],"collection":[{"href":"https:\/\/skinstudio.ee\/lt\/wp-json\/wp\/v2\/product"}],"about":[{"href":"https:\/\/skinstudio.ee\/lt\/wp-json\/wp\/v2\/types\/product"}],"version-history":[{"count":2,"href":"https:\/\/skinstudio.ee\/lt\/wp-json\/wp\/v2\/product\/42861\/revisions"}],"predecessor-version":[{"id":87063,"href":"https:\/\/skinstudio.ee\/lt\/wp-json\/wp\/v2\/product\/42861\/revisions\/87063"}],"wp:featuredmedia":[{"embeddable":true,"href":"https:\/\/skinstudio.ee\/lt\/wp-json\/wp\/v2\/media\/42852"}],"wp:attachment":[{"href":"https:\/\/skinstudio.ee\/lt\/wp-json\/wp\/v2\/media?parent=42861"}],"wp:term":[{"taxonomy":"pwb-brand","embeddable":true,"href":"https:\/\/skinstudio.ee\/lt\/wp-json\/wp\/v2\/pwb-brand?post=42861"},{"taxonomy":"product_brand","embeddable":true,"href":"https:\/\/skinstudio.ee\/lt\/wp-json\/wp\/v2\/product_brand?post=42861"},{"taxonomy":"product_cat","embeddable":true,"href":"https:\/\/skinstudio.ee\/lt\/wp-json\/wp\/v2\/product_cat?post=42861"},{"taxonomy":"product_tag","embeddable":true,"href":"https:\/\/skinstudio.ee\/lt\/wp-json\/wp\/v2\/product_tag?post=42861"},{"taxonomy":"giftcard-category","embeddable":true,"href":"https:\/\/skinstudio.ee\/lt\/wp-json\/wp\/v2\/giftcard-category?post=42861"}],"curies":[{"name":"wp","href":"https:\/\/api.w.org\/{rel}","templated":true}]}}