{"id":42877,"date":"2025-08-08T14:57:12","date_gmt":"2025-08-08T14:57:12","guid":{"rendered":"https:\/\/skinstudio.ee\/?post_type=product&#038;p=42877"},"modified":"2026-04-03T09:47:40","modified_gmt":"2026-04-03T09:47:40","slug":"soothing-cream","status":"publish","type":"product","link":"https:\/\/skinstudio.ee\/lt\/catalog\/zeroid\/soothing-cream\/","title":{"rendered":"Soothing Cream"},"content":{"rendered":"<p data-start=\"3250\" data-end=\"3523\"><strong data-start=\"3250\" data-end=\"3279\">Soothing Cream nuo ZEROID<\/strong> yra lengvas, ta\u010diau veiksmingas aliej\u0173 neturintis dr\u0117kinamasis kremas, skirtas kasdienei sausos ir jautrios odos prie\u017ei\u016brai. Kremas u\u017etikrina ilgalaik\u012f dr\u0117kinim\u0105 ir stiprina odos apsaugin\u012f barjer\u0105, i\u0161laikydamas komfort\u0105 ir \u0161velnum\u0105 vis\u0105 dien\u0105.<\/p>\n<p data-start=\"3525\" data-end=\"3747\">Lengva tekst\u016bra tolygiai pasiskirsto ir greitai \u012fsigeria, mink\u0161tina od\u0105 ir ma\u017eina sausumo bei diskomforto poj\u016bt\u012f neapsunkindama odos. Tinka reguliariam naudojimui ir lengvai integruojamas \u012f kasdien\u0119 odos prie\u017ei\u016bros rutin\u0105.<\/p>\n<p data-start=\"3749\" data-end=\"3957\"><strong data-start=\"3749\" data-end=\"3780\">Kam skirtas Soothing Cream:<\/strong> sukurtas sausai, jautriai ir reaktyviai odai, \u012fskaitant pa\u017eeist\u0105 apsaugin\u012f barjer\u0105 turin\u010di\u0105 od\u0105. Tinka naudoti kasdien bet kokio am\u017eiaus \u017emon\u0117ms, taip pat k\u016bdikiams ir vaikams.<\/p>\n<p data-start=\"3959\" data-end=\"3975\"><strong data-start=\"3959\" data-end=\"3969\">T\u016bris:<\/strong> 80 ml<\/p>\n","protected":false},"excerpt":{"rendered":"<p data-start=\"4021\" data-end=\"4052\">Raminamasis dr\u0117kinamasis kremas<\/p>\n<h2 data-start=\"4054\" data-end=\"4089\"><strong data-start=\"4054\" data-end=\"4089\">ZEROID &#8211; Soothing Cream Savyb\u0117s<\/strong><\/h2>\n<p data-start=\"4091\" data-end=\"4269\">\u2714\ufe0f U\u017etikrina ilgalaik\u012f dr\u0117kinim\u0105<br data-start=\"4123\" data-end=\"4126\" \/>\u2714\ufe0f Stiprina odos apsaugin\u012f barjer\u0105<br data-start=\"4160\" data-end=\"4163\" \/>\u2714\ufe0f Mink\u0161tina ir ramina od\u0105<br data-start=\"4189\" data-end=\"4192\" \/>\u2714\ufe0f Ma\u017eina sausumo ir diskomforto poj\u016bt\u012f<br data-start=\"4231\" data-end=\"4234\" \/>\u2714\ufe0f I\u0161laiko odos komfort\u0105 vis\u0105 dien\u0105<\/p>\n","protected":false},"featured_media":42868,"template":"","meta":[],"pwb-brand":[1256],"product_brand":[],"product_cat":[738,746,740],"product_tag":[],"giftcard-category":[],"class_list":{"0":"post-42877","1":"product","2":"type-product","3":"status-publish","4":"has-post-thumbnail","6":"pwb-brand-zeroid","7":"product_cat-drekinimas","8":"product_cat-jautriai-odai","9":"product_cat-sausai-odai","11":"first","12":"instock","13":"taxable","14":"shipping-taxable","15":"purchasable","16":"product-type-simple"},"acf":[],"brands":[{"id":1256,"name":"ZEROID","slug":"zeroid"}],"_links":{"self":[{"href":"https:\/\/skinstudio.ee\/lt\/wp-json\/wp\/v2\/product\/42877","targetHints":{"allow":["GET"]}}],"collection":[{"href":"https:\/\/skinstudio.ee\/lt\/wp-json\/wp\/v2\/product"}],"about":[{"href":"https:\/\/skinstudio.ee\/lt\/wp-json\/wp\/v2\/types\/product"}],"version-history":[{"count":1,"href":"https:\/\/skinstudio.ee\/lt\/wp-json\/wp\/v2\/product\/42877\/revisions"}],"predecessor-version":[{"id":79544,"href":"https:\/\/skinstudio.ee\/lt\/wp-json\/wp\/v2\/product\/42877\/revisions\/79544"}],"wp:featuredmedia":[{"embeddable":true,"href":"https:\/\/skinstudio.ee\/lt\/wp-json\/wp\/v2\/media\/42868"}],"wp:attachment":[{"href":"https:\/\/skinstudio.ee\/lt\/wp-json\/wp\/v2\/media?parent=42877"}],"wp:term":[{"taxonomy":"pwb-brand","embeddable":true,"href":"https:\/\/skinstudio.ee\/lt\/wp-json\/wp\/v2\/pwb-brand?post=42877"},{"taxonomy":"product_brand","embeddable":true,"href":"https:\/\/skinstudio.ee\/lt\/wp-json\/wp\/v2\/product_brand?post=42877"},{"taxonomy":"product_cat","embeddable":true,"href":"https:\/\/skinstudio.ee\/lt\/wp-json\/wp\/v2\/product_cat?post=42877"},{"taxonomy":"product_tag","embeddable":true,"href":"https:\/\/skinstudio.ee\/lt\/wp-json\/wp\/v2\/product_tag?post=42877"},{"taxonomy":"giftcard-category","embeddable":true,"href":"https:\/\/skinstudio.ee\/lt\/wp-json\/wp\/v2\/giftcard-category?post=42877"}],"curies":[{"name":"wp","href":"https:\/\/api.w.org\/{rel}","templated":true}]}}