{"id":42895,"date":"2025-08-08T15:24:25","date_gmt":"2025-08-08T15:24:25","guid":{"rendered":"https:\/\/skinstudio.ee\/?post_type=product&#038;p=42895"},"modified":"2026-02-13T15:29:09","modified_gmt":"2026-02-13T15:29:09","slug":"e-y-e-recovery","status":"publish","type":"product","link":"https:\/\/skinstudio.ee\/lt\/catalog\/ph-formula\/e-y-e-recovery\/","title":{"rendered":"E.Y.E. Recovery"},"content":{"rendered":"<p data-start=\"4615\" data-end=\"4929\"><strong data-start=\"4615\" data-end=\"4648\">E.Y.E. Recovery nuo pHformula<\/strong> yra atkuriamasis kremas aki\u0173 sri\u010diai su inovatyvia formule, kuri veikia pana\u0161iai kaip retinolis, ta\u010diau nesukelia dirginimo. Jis padeda suma\u017einti smulki\u0173 linij\u0173 ir rauk\u0161li\u0173 matomum\u0105, ma\u017eina tamsius ratilus ir paburkim\u0105, suteikdamas odai glotnesn\u0119, stangresn\u0119 ir gaivesn\u0119 i\u0161vaizd\u0105.<\/p>\n<p data-start=\"4931\" data-end=\"5069\">Kremas taip pat puikiai tinka naudoti ant antakio kaulo srities, suteikdamas pastebim\u0105 stangrinam\u0105j\u012f efekt\u0105 ir pagerindamas odos tvirtum\u0105.<\/p>\n<p data-start=\"5071\" data-end=\"5107\"><strong data-start=\"5071\" data-end=\"5107\">Pagrindini\u0173 ingredient\u0173 poveikis<\/strong><\/p>\n<ul data-start=\"5109\" data-end=\"5442\">\n<li data-start=\"5109\" data-end=\"5234\">\n<p data-start=\"5111\" data-end=\"5234\"><strong data-start=\"5111\" data-end=\"5125\">Bakuchiol:<\/strong> augalin\u0117 retinolio alternatyva, padedanti ma\u017einti sen\u0117jimo po\u017eymius ir gerinti odos tekst\u016br\u0105 be dirginimo.<\/p>\n<\/li>\n<li data-start=\"5235\" data-end=\"5331\">\n<p data-start=\"5237\" data-end=\"5331\"><strong data-start=\"5237\" data-end=\"5260\">Peptid\u0173 kompleksas:<\/strong> palaiko odos elastingum\u0105 ir stangrum\u0105 bei padeda glotninti rauk\u0161les.<\/p>\n<\/li>\n<li data-start=\"5332\" data-end=\"5442\">\n<p data-start=\"5334\" data-end=\"5442\"><strong data-start=\"5334\" data-end=\"5362\">Chrysinimide + Arginine:<\/strong> padeda suma\u017einti paburkim\u0105 ir tamsius ratilus, gerindami aki\u0173 srities i\u0161vaizd\u0105.<\/p>\n<\/li>\n<\/ul>\n<p data-start=\"5444\" data-end=\"5596\">Tinka vis\u0173 tip\u0173 odai, \u012fskaitant jautri\u0105, ypa\u010d esant pirmiesiems sen\u0117jimo po\u017eymiams, pavargusiam \u017evilgsniui ir suma\u017e\u0117jusiam odos stangrumui aki\u0173 srityje.<\/p>\n<p data-start=\"5598\" data-end=\"5614\"><strong data-start=\"5598\" data-end=\"5608\">T\u016bris:<\/strong> 20 ml<\/p>\n","protected":false},"excerpt":{"rendered":"<p data-start=\"1838\" data-end=\"1898\"><span style=\"color: #ff0000;\"><strong data-start=\"1838\" data-end=\"1898\">pHformula produktai pristatomi tik Estijos teritorijoje.<\/strong><\/span><\/p>\n<p data-start=\"1838\" data-end=\"1898\"><span style=\"color: #ff0000;\">NB! \u0160\u012f produkt\u0105 galima \u012fsigyti tik po konsultacijos su specialistu. Skambinkite mums telefonu +372 58 500 171 arba si\u0173skite savo u\u017eklaus\u0105 el. pa\u0161tu <a class=\"decorated-link cursor-pointer\" style=\"color: #ff0000;\" href=\"mailto:info@skinstudio.ee\" rel=\"noopener\" data-start=\"560\" data-end=\"578\">info@skinstudio.ee<\/a>. M\u016bs\u0173 konsultantai pad\u0117s jums \u012fsigyti \u0161io prek\u0117s \u017eenklo produktus.<\/span><\/p>\n<p data-start=\"5820\" data-end=\"5852\">Atkuriamasis kremas aki\u0173 sri\u010diai<\/p>\n<h2 data-start=\"5854\" data-end=\"5893\"><strong data-start=\"5854\" data-end=\"5893\">pHformula &#8211; E.Y.E. Recovery Savyb\u0117s<\/strong><\/h2>\n<p data-start=\"5895\" data-end=\"6120\">\u2714\ufe0f Ma\u017eina paburkim\u0105 ir tamsius ratilus<br data-start=\"5933\" data-end=\"5936\" \/>\u2714\ufe0f Glotnina rauk\u0161les ir smulkias linijas aplink akis<br data-start=\"5988\" data-end=\"5991\" \/>\u2714\ufe0f Gerina odos elastingum\u0105 ir stangrum\u0105<br data-start=\"6030\" data-end=\"6033\" \/>\u2714\ufe0f Suteikia odai lygesn\u0119 ir pri\u017ei\u016br\u0117t\u0105 i\u0161vaizd\u0105<br data-start=\"6080\" data-end=\"6083\" \/>\u2714\ufe0f Tinka jautriai aki\u0173 srities odai<\/p>\n","protected":false},"featured_media":64686,"template":"","meta":[],"pwb-brand":[779],"product_brand":[],"product_cat":[734,654,750],"product_tag":[],"giftcard-category":[],"class_list":{"0":"post-42895","1":"product","2":"type-product","3":"status-publish","4":"has-post-thumbnail","6":"pwb-brand-ph-formula","7":"product_cat-oda-aplink-akis","8":"product_cat-ph-formula-lt","9":"product_cat-senstanti-oda","11":"first","12":"instock","13":"taxable","14":"shipping-taxable","15":"purchasable","16":"product-type-simple"},"acf":[],"brands":[{"id":779,"name":"pH Formula","slug":"ph-formula"}],"_links":{"self":[{"href":"https:\/\/skinstudio.ee\/lt\/wp-json\/wp\/v2\/product\/42895","targetHints":{"allow":["GET"]}}],"collection":[{"href":"https:\/\/skinstudio.ee\/lt\/wp-json\/wp\/v2\/product"}],"about":[{"href":"https:\/\/skinstudio.ee\/lt\/wp-json\/wp\/v2\/types\/product"}],"version-history":[{"count":3,"href":"https:\/\/skinstudio.ee\/lt\/wp-json\/wp\/v2\/product\/42895\/revisions"}],"predecessor-version":[{"id":77713,"href":"https:\/\/skinstudio.ee\/lt\/wp-json\/wp\/v2\/product\/42895\/revisions\/77713"}],"wp:featuredmedia":[{"embeddable":true,"href":"https:\/\/skinstudio.ee\/lt\/wp-json\/wp\/v2\/media\/64686"}],"wp:attachment":[{"href":"https:\/\/skinstudio.ee\/lt\/wp-json\/wp\/v2\/media?parent=42895"}],"wp:term":[{"taxonomy":"pwb-brand","embeddable":true,"href":"https:\/\/skinstudio.ee\/lt\/wp-json\/wp\/v2\/pwb-brand?post=42895"},{"taxonomy":"product_brand","embeddable":true,"href":"https:\/\/skinstudio.ee\/lt\/wp-json\/wp\/v2\/product_brand?post=42895"},{"taxonomy":"product_cat","embeddable":true,"href":"https:\/\/skinstudio.ee\/lt\/wp-json\/wp\/v2\/product_cat?post=42895"},{"taxonomy":"product_tag","embeddable":true,"href":"https:\/\/skinstudio.ee\/lt\/wp-json\/wp\/v2\/product_tag?post=42895"},{"taxonomy":"giftcard-category","embeddable":true,"href":"https:\/\/skinstudio.ee\/lt\/wp-json\/wp\/v2\/giftcard-category?post=42895"}],"curies":[{"name":"wp","href":"https:\/\/api.w.org\/{rel}","templated":true}]}}