{"id":42911,"date":"2025-08-08T15:38:30","date_gmt":"2025-08-08T15:38:30","guid":{"rendered":"https:\/\/skinstudio.ee\/?post_type=product&#038;p=42911"},"modified":"2026-02-13T15:29:08","modified_gmt":"2026-02-13T15:29:08","slug":"e-y-e-balm-cleanse","status":"publish","type":"product","link":"https:\/\/skinstudio.ee\/lt\/catalog\/ph-formula\/e-y-e-balm-cleanse\/","title":{"rendered":"E.Y.E.\u202fBalm Cleanse"},"content":{"rendered":"<p data-start=\"4138\" data-end=\"4405\"><strong data-start=\"4138\" data-end=\"4175\">E.Y.E.\u202fBalm Cleanse nuo pHformula<\/strong> yra \u0161velnus valomasis balzamas, kuris, susiliet\u0119s su oda, virsta \u0161ilkiniu aliejumi ir efektyviai pa\u0161alina makia\u017e\u0105, \u012fskaitant ilgai i\u0161liekant\u012f. Jis valo od\u0105, nepa\u017eeisdamas komforto, ir palieka j\u0105 mink\u0161t\u0105, pamaitint\u0105 ir pri\u017ei\u016br\u0117t\u0105.<\/p>\n<p data-start=\"4407\" data-end=\"4502\">D\u0117l kompakti\u0161ko dyd\u017eio balzam\u0105 patogu tur\u0117ti su savimi &#8211; puikiai tinka kosmetinei ir kelion\u0117ms.<\/p>\n<p data-start=\"4504\" data-end=\"4540\"><strong data-start=\"4504\" data-end=\"4540\">Pagrindini\u0173 ingredient\u0173 poveikis<\/strong><\/p>\n<ul data-start=\"4542\" data-end=\"4819\">\n<li data-start=\"4542\" data-end=\"4629\">\n<p data-start=\"4544\" data-end=\"4629\"><strong data-start=\"4544\" data-end=\"4566\">Murumuru sviestas:<\/strong> \u0161velniai tirpdo makia\u017e\u0105, maitina od\u0105 ir apsaugo nuo sausumo.<\/p>\n<\/li>\n<li data-start=\"4630\" data-end=\"4717\">\n<p data-start=\"4632\" data-end=\"4717\"><strong data-start=\"4632\" data-end=\"4648\">Vitaminas E:<\/strong> suteikia antioksidacin\u0119 apsaug\u0105 ir padeda palaikyti odos komfort\u0105.<\/p>\n<\/li>\n<li data-start=\"4718\" data-end=\"4819\">\n<p data-start=\"4720\" data-end=\"4819\"><strong data-start=\"4720\" data-end=\"4757\">Mink\u0161tinan\u010di\u0173 esteri\u0173 kompleksas:<\/strong> padeda \u0161velniai valyti od\u0105 ir i\u0161laikyti jos nat\u016bral\u0173 balans\u0105.<\/p>\n<\/li>\n<\/ul>\n<p data-start=\"4821\" data-end=\"4901\">Tinka visiems odos tipams, \u012fskaitant jautri\u0105, bei jautriai aki\u0173 ir l\u016bp\u0173 sri\u010diai.<\/p>\n<p data-start=\"4903\" data-end=\"4919\"><strong data-start=\"4903\" data-end=\"4913\">T\u016bris:<\/strong> 10 ml<\/p>\n","protected":false},"excerpt":{"rendered":"<p data-start=\"1493\" data-end=\"1560\"><span style=\"color: #ff0000;\"><strong>pHformula produkt\u0173 pristatymas vykdomas tik per Estijos teritorij\u0105.<\/strong><\/span><\/p>\n<p data-start=\"1493\" data-end=\"1560\"><span style=\"color: #ff0000;\">NB! \u0160\u012f produkt\u0105 galima \u012fsigyti tik po konsultacijos su specialistu. Skambinkite mums telefonu +372 58 500 171 arba si\u0173skite savo u\u017eklaus\u0105 el. pa\u0161tu <a class=\"decorated-link cursor-pointer\" style=\"color: #ff0000;\" href=\"mailto:info@skinstudio.ee\" rel=\"noopener\" data-start=\"560\" data-end=\"578\">info@skinstudio.ee<\/a>. M\u016bs\u0173 konsultantai pad\u0117s jums \u012fsigyti \u0161io prek\u0117s \u017eenklo produktus.<\/span><\/p>\n<p data-start=\"5132\" data-end=\"5163\">Valomasis balzamas aki\u0173 sri\u010diai<\/p>\n<h2 data-start=\"5165\" data-end=\"5208\"><strong data-start=\"5165\" data-end=\"5208\">pHformula &#8211; E.Y.E.\u202fBalm Cleanse Savyb\u0117s<\/strong><\/h2>\n<p data-start=\"5210\" data-end=\"5405\">\u2714\ufe0f Efektyviai pa\u0161alina makia\u017e\u0105 nuo aki\u0173 ir l\u016bp\u0173<br data-start=\"5257\" data-end=\"5260\" \/>\u2714\ufe0f Tinka jautriai odai<br data-start=\"5282\" data-end=\"5285\" \/>\u2714\ufe0f Nesukelia dirginimo ar per\u0161t\u0117jimo<br data-start=\"5321\" data-end=\"5324\" \/>\u2714\ufe0f Mink\u0161tina ir ramina od\u0105<br data-start=\"5350\" data-end=\"5353\" \/>\u2714\ufe0f Nuvalo od\u0105 nepa\u017eeisdamas jos nat\u016bralaus balanso<\/p>\n","protected":false},"featured_media":64681,"template":"","meta":[],"pwb-brand":[779],"product_brand":[],"product_cat":[734,654,718],"product_tag":[],"giftcard-category":[],"class_list":{"0":"post-42911","1":"product","2":"type-product","3":"status-publish","4":"has-post-thumbnail","6":"pwb-brand-ph-formula","7":"product_cat-oda-aplink-akis","8":"product_cat-ph-formula-lt","9":"product_cat-valymas","11":"first","12":"instock","13":"taxable","14":"shipping-taxable","15":"purchasable","16":"product-type-simple"},"acf":[],"brands":[{"id":779,"name":"pH Formula","slug":"ph-formula"}],"_links":{"self":[{"href":"https:\/\/skinstudio.ee\/lt\/wp-json\/wp\/v2\/product\/42911","targetHints":{"allow":["GET"]}}],"collection":[{"href":"https:\/\/skinstudio.ee\/lt\/wp-json\/wp\/v2\/product"}],"about":[{"href":"https:\/\/skinstudio.ee\/lt\/wp-json\/wp\/v2\/types\/product"}],"version-history":[{"count":3,"href":"https:\/\/skinstudio.ee\/lt\/wp-json\/wp\/v2\/product\/42911\/revisions"}],"predecessor-version":[{"id":77708,"href":"https:\/\/skinstudio.ee\/lt\/wp-json\/wp\/v2\/product\/42911\/revisions\/77708"}],"wp:featuredmedia":[{"embeddable":true,"href":"https:\/\/skinstudio.ee\/lt\/wp-json\/wp\/v2\/media\/64681"}],"wp:attachment":[{"href":"https:\/\/skinstudio.ee\/lt\/wp-json\/wp\/v2\/media?parent=42911"}],"wp:term":[{"taxonomy":"pwb-brand","embeddable":true,"href":"https:\/\/skinstudio.ee\/lt\/wp-json\/wp\/v2\/pwb-brand?post=42911"},{"taxonomy":"product_brand","embeddable":true,"href":"https:\/\/skinstudio.ee\/lt\/wp-json\/wp\/v2\/product_brand?post=42911"},{"taxonomy":"product_cat","embeddable":true,"href":"https:\/\/skinstudio.ee\/lt\/wp-json\/wp\/v2\/product_cat?post=42911"},{"taxonomy":"product_tag","embeddable":true,"href":"https:\/\/skinstudio.ee\/lt\/wp-json\/wp\/v2\/product_tag?post=42911"},{"taxonomy":"giftcard-category","embeddable":true,"href":"https:\/\/skinstudio.ee\/lt\/wp-json\/wp\/v2\/giftcard-category?post=42911"}],"curies":[{"name":"wp","href":"https:\/\/api.w.org\/{rel}","templated":true}]}}