{"id":42927,"date":"2025-08-09T08:27:20","date_gmt":"2025-08-09T08:27:20","guid":{"rendered":"https:\/\/skinstudio.ee\/?post_type=product&#038;p=42927"},"modified":"2026-02-13T15:29:06","modified_gmt":"2026-02-13T15:29:06","slug":"d-e-r-m-a-b-r-a-s-i-o-n-mild-cream","status":"publish","type":"product","link":"https:\/\/skinstudio.ee\/lt\/catalog\/ph-formula\/d-e-r-m-a-b-r-a-s-i-o-n-mild-cream\/","title":{"rendered":"D.E.R.M.A.B.R.A.S.I.O.N. Mild Cream"},"content":{"rendered":"<p data-start=\"5064\" data-end=\"5379\"><strong data-start=\"5064\" data-end=\"5117\">D.E.R.M.A.B.R.A.S.I.O.N. Mild Cream nuo pHformula<\/strong> yra veiksmingas \u0161vei\u010diamasis kremas odos atnaujinimui namuose su \u0161velnia, bet efektyvia formule. Jis skatina l\u0105steli\u0173 atsinaujinim\u0105, gerina odos tekst\u016br\u0105, padaro od\u0105 lygesn\u0119, tolygesn\u0119 ir \u0161vytin\u010di\u0105, taip pat padeda suma\u017einti smulki\u0173 linij\u0173 ir nelygum\u0173 matomum\u0105.<\/p>\n<p data-start=\"5381\" data-end=\"5501\">Formul\u0117 stiprina nat\u016bral\u0173 odos \u0161veitimo proces\u0105 ir padeda atkurti \u0161varesn\u0119, gaivesn\u0119 ir labiau pri\u017ei\u016br\u0117t\u0105 odos i\u0161vaizd\u0105.<\/p>\n<p data-start=\"5503\" data-end=\"5539\"><strong data-start=\"5503\" data-end=\"5539\">Pagrindini\u0173 ingredient\u0173 poveikis<\/strong><\/p>\n<ul data-start=\"5541\" data-end=\"5919\">\n<li data-start=\"5541\" data-end=\"5682\">\n<p data-start=\"5543\" data-end=\"5682\"><strong data-start=\"5543\" data-end=\"5606\">R\u016bg\u0161\u010di\u0173 kompleksas (pieno, salicilo, laktobionin\u0117 r\u016bg\u0161tys):<\/strong> \u0161velniai \u0161vei\u010dia, lygina odos tekst\u016br\u0105 ir skatina l\u0105steli\u0173 atsinaujinim\u0105.<\/p>\n<\/li>\n<li data-start=\"5683\" data-end=\"5808\">\n<p data-start=\"5685\" data-end=\"5808\"><strong data-start=\"5685\" data-end=\"5699\">Retinolis:<\/strong> palaiko odos atsinaujinimo procesus ir padeda i\u0161lyginti smulkias linijas bei pagerinti bendr\u0105 odos kokyb\u0119.<\/p>\n<\/li>\n<li data-start=\"5809\" data-end=\"5919\">\n<p data-start=\"5811\" data-end=\"5919\"><strong data-start=\"5811\" data-end=\"5852\">Fermentuotas atkuriamasis kompleksas:<\/strong> padeda palaikyti odos komfort\u0105 ir skatina atsistatym\u0105 po \u0161veitimo.<\/p>\n<\/li>\n<\/ul>\n<p data-start=\"5921\" data-end=\"6005\">Tinka odai su nelygia tekst\u016bra, blankiu atspalviu ir pirmaisiais sen\u0117jimo po\u017eymiais.<\/p>\n<p data-start=\"6007\" data-end=\"6023\"><strong data-start=\"6007\" data-end=\"6017\">T\u016bris:<\/strong> 50 ml<\/p>\n","protected":false},"excerpt":{"rendered":"<p data-start=\"2376\" data-end=\"2423\"><span style=\"color: #ff0000;\"><strong>pHformula produktai pristatomi tik Estijoje.<\/strong><\/span><\/p>\n<p data-start=\"412\" data-end=\"645\"><span style=\"color: #ff0000;\">NB! \u0160\u012f produkt\u0105 galima \u012fsigyti tik po konsultacijos su specialistu. Skambinkite mums telefonu +372 58 500 171 arba si\u0173skite savo u\u017eklaus\u0105 el. pa\u0161tu <a class=\"decorated-link cursor-pointer\" style=\"color: #ff0000;\" href=\"mailto:info@skinstudio.ee\" rel=\"noopener\" data-start=\"560\" data-end=\"578\">info@skinstudio.ee<\/a>. M\u016bs\u0173 konsultantai pad\u0117s jums \u012fsigyti \u0161io prek\u0117s \u017eenklo produktus.<\/span><\/p>\n<p data-start=\"6350\" data-end=\"6389\">Odos atnaujinamasis \u0161vei\u010diamasis kremas<\/p>\n<h2 data-start=\"6391\" data-end=\"6450\"><strong data-start=\"6391\" data-end=\"6450\">pHformula &#8211; D.E.R.M.A.B.R.A.S.I.O.N. Mild Cream Savyb\u0117s<\/strong><\/h2>\n<p data-start=\"6452\" data-end=\"6689\">\u2714\ufe0f U\u017etikrina \u0161veln\u0173, bet efektyv\u0173 odos atnaujinim\u0105<br data-start=\"6502\" data-end=\"6505\" \/>\u2714\ufe0f Lygina odos tekst\u016br\u0105 ir gerina odos kokyb\u0119<br data-start=\"6550\" data-end=\"6553\" \/>\u2714\ufe0f Padeda suma\u017einti smulkias linijas ir nelygumus<br data-start=\"6602\" data-end=\"6605\" \/>\u2714\ufe0f Skaistina ir gaivina veido od\u0105<br data-start=\"6638\" data-end=\"6641\" \/>\u2714\ufe0f Padaro od\u0105 lygesn\u0119, \u0161vytin\u010di\u0105 ir pri\u017ei\u016br\u0117t\u0105<\/p>\n","protected":false},"featured_media":42919,"template":"","meta":[],"pwb-brand":[779],"product_brand":[],"product_cat":[654,750,720],"product_tag":[],"giftcard-category":[],"class_list":{"0":"post-42927","1":"product","2":"type-product","3":"status-publish","4":"has-post-thumbnail","6":"pwb-brand-ph-formula","7":"product_cat-ph-formula-lt","8":"product_cat-senstanti-oda","9":"product_cat-sveitikliai-ir-pilingai","11":"first","12":"instock","13":"taxable","14":"shipping-taxable","15":"purchasable","16":"product-type-simple"},"acf":[],"brands":[{"id":779,"name":"pH Formula","slug":"ph-formula"}],"_links":{"self":[{"href":"https:\/\/skinstudio.ee\/lt\/wp-json\/wp\/v2\/product\/42927","targetHints":{"allow":["GET"]}}],"collection":[{"href":"https:\/\/skinstudio.ee\/lt\/wp-json\/wp\/v2\/product"}],"about":[{"href":"https:\/\/skinstudio.ee\/lt\/wp-json\/wp\/v2\/types\/product"}],"version-history":[{"count":3,"href":"https:\/\/skinstudio.ee\/lt\/wp-json\/wp\/v2\/product\/42927\/revisions"}],"predecessor-version":[{"id":77702,"href":"https:\/\/skinstudio.ee\/lt\/wp-json\/wp\/v2\/product\/42927\/revisions\/77702"}],"wp:featuredmedia":[{"embeddable":true,"href":"https:\/\/skinstudio.ee\/lt\/wp-json\/wp\/v2\/media\/42919"}],"wp:attachment":[{"href":"https:\/\/skinstudio.ee\/lt\/wp-json\/wp\/v2\/media?parent=42927"}],"wp:term":[{"taxonomy":"pwb-brand","embeddable":true,"href":"https:\/\/skinstudio.ee\/lt\/wp-json\/wp\/v2\/pwb-brand?post=42927"},{"taxonomy":"product_brand","embeddable":true,"href":"https:\/\/skinstudio.ee\/lt\/wp-json\/wp\/v2\/product_brand?post=42927"},{"taxonomy":"product_cat","embeddable":true,"href":"https:\/\/skinstudio.ee\/lt\/wp-json\/wp\/v2\/product_cat?post=42927"},{"taxonomy":"product_tag","embeddable":true,"href":"https:\/\/skinstudio.ee\/lt\/wp-json\/wp\/v2\/product_tag?post=42927"},{"taxonomy":"giftcard-category","embeddable":true,"href":"https:\/\/skinstudio.ee\/lt\/wp-json\/wp\/v2\/giftcard-category?post=42927"}],"curies":[{"name":"wp","href":"https:\/\/api.w.org\/{rel}","templated":true}]}}