{"id":42945,"date":"2025-08-09T08:41:42","date_gmt":"2025-08-09T08:41:42","guid":{"rendered":"https:\/\/skinstudio.ee\/?post_type=product&#038;p=42945"},"modified":"2025-12-30T17:05:44","modified_gmt":"2025-12-30T17:05:44","slug":"restart-serum","status":"publish","type":"product","link":"https:\/\/skinstudio.ee\/lt\/catalog\/noon-aesthetics\/restart-serum\/","title":{"rendered":"Restart Serum"},"content":{"rendered":"<p data-start=\"1128\" data-end=\"1295\">Ilgalaikis oksidacinis stresas (UV spinduliai, oro tar\u0161a, pesticidai ir sen\u0117jimas) pa\u017eeid\u017eia DNR, sukelia epigenetinius poky\u010dius ir lemia prie\u0161laikin\u012f odos sen\u0117jim\u0105.<\/p>\n<p data-start=\"1297\" data-end=\"1653\">Restart Serum sud\u0117tyje yra trigubas sinerginis antioksidant\u0173 kompleksas, kuris ne tik patikimai apsaugo od\u0105 nuo aplinkos streso veiksni\u0173 poveikio, bet ir \u017eymiai pagerina jos bendr\u0105 b\u016bkl\u0119. Serumas padeda suma\u017einti pigmentacijos sankaupas, kovoja su fotopa\u017eeidimais ir kitais odos sen\u0117jimo po\u017eymiais, suteikdamas odai matomo \u0161vyt\u0117jimo ir sveikos i\u0161vaizdos.<\/p>\n<p data-start=\"1655\" data-end=\"1673\"><strong data-start=\"1655\" data-end=\"1665\">T\u016bris:<\/strong> 50 ml<\/p>\n","protected":false},"excerpt":{"rendered":"<p data-start=\"1853\" data-end=\"1906\">Antioksidacinis serumas odos apsaugai ir spindesiui<\/p>\n<h2 data-start=\"1908\" data-end=\"2174\"><strong data-start=\"1908\" data-end=\"1949\">NOON Aesthetics Restart Serum savyb\u0117s<\/strong><\/h2>\n<p data-start=\"1908\" data-end=\"2174\">\u2714\ufe0f Apsaugo od\u0105 nuo \u017ealingo aplinkos poveikio<br data-start=\"1996\" data-end=\"1999\" \/>\u2714\ufe0f Ma\u017eina pigmentacij\u0105 ir fotopa\u017eeidimus<br data-start=\"2039\" data-end=\"2042\" \/>\u2714\ufe0f L\u0117tina prie\u0161laikinio sen\u0117jimo procesus<br data-start=\"2083\" data-end=\"2086\" \/>\u2714\ufe0f Pagerina bendr\u0105 odos b\u016bkl\u0119<br data-start=\"2115\" data-end=\"2118\" \/>\u2714\ufe0f Suteikia odai matomo \u0161vyt\u0117jimo ir sveikos i\u0161vaizdos<\/p>\n","protected":false},"featured_media":42936,"template":"","meta":[],"pwb-brand":[791],"product_brand":[],"product_cat":[1150,752,750,724],"product_tag":[],"giftcard-category":[],"class_list":{"0":"post-42945","1":"product","2":"type-product","3":"status-publish","4":"has-post-thumbnail","6":"pwb-brand-noon-aesthetics","7":"product_cat-noon-aesthetics-lt","8":"product_cat-pigmentacija-lt","9":"product_cat-senstanti-oda","10":"product_cat-serumai","12":"first","13":"instock","14":"taxable","15":"shipping-taxable","16":"purchasable","17":"product-type-simple"},"acf":[],"brands":[{"id":791,"name":"NOON Aesthetics","slug":"noon-aesthetics"}],"_links":{"self":[{"href":"https:\/\/skinstudio.ee\/lt\/wp-json\/wp\/v2\/product\/42945","targetHints":{"allow":["GET"]}}],"collection":[{"href":"https:\/\/skinstudio.ee\/lt\/wp-json\/wp\/v2\/product"}],"about":[{"href":"https:\/\/skinstudio.ee\/lt\/wp-json\/wp\/v2\/types\/product"}],"version-history":[{"count":0,"href":"https:\/\/skinstudio.ee\/lt\/wp-json\/wp\/v2\/product\/42945\/revisions"}],"wp:featuredmedia":[{"embeddable":true,"href":"https:\/\/skinstudio.ee\/lt\/wp-json\/wp\/v2\/media\/42936"}],"wp:attachment":[{"href":"https:\/\/skinstudio.ee\/lt\/wp-json\/wp\/v2\/media?parent=42945"}],"wp:term":[{"taxonomy":"pwb-brand","embeddable":true,"href":"https:\/\/skinstudio.ee\/lt\/wp-json\/wp\/v2\/pwb-brand?post=42945"},{"taxonomy":"product_brand","embeddable":true,"href":"https:\/\/skinstudio.ee\/lt\/wp-json\/wp\/v2\/product_brand?post=42945"},{"taxonomy":"product_cat","embeddable":true,"href":"https:\/\/skinstudio.ee\/lt\/wp-json\/wp\/v2\/product_cat?post=42945"},{"taxonomy":"product_tag","embeddable":true,"href":"https:\/\/skinstudio.ee\/lt\/wp-json\/wp\/v2\/product_tag?post=42945"},{"taxonomy":"giftcard-category","embeddable":true,"href":"https:\/\/skinstudio.ee\/lt\/wp-json\/wp\/v2\/giftcard-category?post=42945"}],"curies":[{"name":"wp","href":"https:\/\/api.w.org\/{rel}","templated":true}]}}