{"id":42962,"date":"2025-08-09T09:16:41","date_gmt":"2025-08-09T09:16:41","guid":{"rendered":"https:\/\/skinstudio.ee\/?post_type=product&#038;p=42962"},"modified":"2025-12-30T17:05:44","modified_gmt":"2025-12-30T17:05:44","slug":"restart-serum-refill","status":"publish","type":"product","link":"https:\/\/skinstudio.ee\/lt\/catalog\/noon-aesthetics\/restart-serum-refill\/","title":{"rendered":"Restart Serum Refill"},"content":{"rendered":"<p data-start=\"1468\" data-end=\"2322\">Antioksidacinis veido serumas nuo sen\u0117jimo be dozatoriaus yra papildymas j\u016bs\u0173 NOON Aesthetics Restart Serum, sukurtas kovoti su odos sen\u0117jimo po\u017eymiais. Tai atsarginis buteliukas, kur\u012f reikia naudoti kartu su originalia pakuote. Serumas sudarytas i\u0161 trigubo sinerginio antioksidant\u0173 komplekso, kuris ne tik veiksmingai apsaugo od\u0105 nuo aplinkos streso veiksni\u0173 poveikio, bet ir \u017eymiai pagerina jos b\u016bkl\u0119. Fotopa\u017eeidimai ir sen\u0117jimo po\u017eymiai akivaizd\u017eiai suma\u017e\u0117ja, o oda \u012fgauna spindin\u010di\u0105 i\u0161vaizd\u0105. Aktyviosios serumo sudedamosios dalys padeda suma\u017einti rauk\u0161li\u0173 ir smulki\u0173 linij\u0173 gyl\u012f, tod\u0117l oda tampa lygesn\u0117 ir elastingesn\u0117. Lengva tekst\u016bra greitai \u012fsigeria ir nepalieka riebios pl\u0117vel\u0117s. Tinka \u012fvairiems odos tipams, \u012fskaitant jautri\u0105 od\u0105. Reguliarus serumo naudojimas padeda pasiekti ilgalaiki\u0173 rezultat\u0173, tod\u0117l oda tampa jaunatvi\u0161kesn\u0117 ir \u0161vytinti.<\/p>\n<p data-start=\"2324\" data-end=\"2342\"><strong data-start=\"2324\" data-end=\"2334\">T\u016bris:<\/strong> 50 ml<\/p>\n","protected":false},"excerpt":{"rendered":"<p data-start=\"2564\" data-end=\"2618\">Antioksidacinis veido serumo papildymas nuo sen\u0117jimo<\/p>\n<h2 data-start=\"2620\" data-end=\"2910\"><strong data-start=\"2620\" data-end=\"2668\">NOON Aesthetics Restart Serum Refill savyb\u0117s<\/strong><\/h2>\n<p data-start=\"2620\" data-end=\"2910\">\u2714\ufe0f Kovoja su odos sen\u0117jimo po\u017eymiais<br data-start=\"2707\" data-end=\"2710\" \/>\u2714\ufe0f Apsaugo nuo kenksmingo aplinkos poveikio<br data-start=\"2753\" data-end=\"2756\" \/>\u2714\ufe0f Ma\u017eina rauk\u0161li\u0173 gyl\u012f ir i\u0161lygina odos tekst\u016br\u0105<br data-start=\"2805\" data-end=\"2808\" \/>\u2714\ufe0f Pagerina odos elastingum\u0105 ir stangrum\u0105<br data-start=\"2849\" data-end=\"2852\" \/>\u2714\ufe0f Suteikia odai sveiko \u0161vyt\u0117jimo ir pri\u017ei\u016br\u0117t\u0105 i\u0161vaizd\u0105<\/p>\n","protected":false},"featured_media":66465,"template":"","meta":[],"pwb-brand":[791],"product_brand":[],"product_cat":[1150,752,750,724],"product_tag":[],"giftcard-category":[],"class_list":{"0":"post-42962","1":"product","2":"type-product","3":"status-publish","4":"has-post-thumbnail","6":"pwb-brand-noon-aesthetics","7":"product_cat-noon-aesthetics-lt","8":"product_cat-pigmentacija-lt","9":"product_cat-senstanti-oda","10":"product_cat-serumai","12":"first","13":"instock","14":"taxable","15":"shipping-taxable","16":"purchasable","17":"product-type-simple"},"acf":[],"brands":[{"id":791,"name":"NOON Aesthetics","slug":"noon-aesthetics"}],"_links":{"self":[{"href":"https:\/\/skinstudio.ee\/lt\/wp-json\/wp\/v2\/product\/42962","targetHints":{"allow":["GET"]}}],"collection":[{"href":"https:\/\/skinstudio.ee\/lt\/wp-json\/wp\/v2\/product"}],"about":[{"href":"https:\/\/skinstudio.ee\/lt\/wp-json\/wp\/v2\/types\/product"}],"version-history":[{"count":0,"href":"https:\/\/skinstudio.ee\/lt\/wp-json\/wp\/v2\/product\/42962\/revisions"}],"wp:featuredmedia":[{"embeddable":true,"href":"https:\/\/skinstudio.ee\/lt\/wp-json\/wp\/v2\/media\/66465"}],"wp:attachment":[{"href":"https:\/\/skinstudio.ee\/lt\/wp-json\/wp\/v2\/media?parent=42962"}],"wp:term":[{"taxonomy":"pwb-brand","embeddable":true,"href":"https:\/\/skinstudio.ee\/lt\/wp-json\/wp\/v2\/pwb-brand?post=42962"},{"taxonomy":"product_brand","embeddable":true,"href":"https:\/\/skinstudio.ee\/lt\/wp-json\/wp\/v2\/product_brand?post=42962"},{"taxonomy":"product_cat","embeddable":true,"href":"https:\/\/skinstudio.ee\/lt\/wp-json\/wp\/v2\/product_cat?post=42962"},{"taxonomy":"product_tag","embeddable":true,"href":"https:\/\/skinstudio.ee\/lt\/wp-json\/wp\/v2\/product_tag?post=42962"},{"taxonomy":"giftcard-category","embeddable":true,"href":"https:\/\/skinstudio.ee\/lt\/wp-json\/wp\/v2\/giftcard-category?post=42962"}],"curies":[{"name":"wp","href":"https:\/\/api.w.org\/{rel}","templated":true}]}}