{"id":42980,"date":"2025-08-09T09:46:54","date_gmt":"2025-08-09T09:46:54","guid":{"rendered":"https:\/\/skinstudio.ee\/?post_type=product&#038;p=42980"},"modified":"2026-02-14T12:03:26","modified_gmt":"2026-02-14T12:03:26","slug":"halo-ronic-serum","status":"publish","type":"product","link":"https:\/\/skinstudio.ee\/lt\/catalog\/noon-aesthetics\/halo-ronic-serum\/","title":{"rendered":"Halo-Ronic Serum"},"content":{"rendered":"<p data-start=\"948\" data-end=\"1235\">Serumas sudarytas i\u0161 dviej\u0173 hialurono r\u016bg\u0161ties tip\u0173 ir neem bei ciber\u017eol\u0117s ekstrakt\u0173 derinio. Hialurono r\u016bg\u0161tis dr\u0117kina, atjaunina ir suteikia spindesio, neem ekstraktas \u017einomas d\u0117l savo puiki\u0173 dr\u0117kinam\u0173j\u0173 savybi\u0173, o ciber\u017eol\u0117s gelis yra stipri prie\u0161u\u017edegimin\u0117 ir dr\u0117kinamoji priemon\u0117.<\/p>\n<p data-start=\"1237\" data-end=\"1402\">\u0160is auk\u0161\u010diausios klas\u0117s serumas sukurtas taip, kad oda i\u0161likt\u0173 sudr\u0117kinta ir spindinti, kartu suteikiant odos imuninei sistemai didesn\u012f reikalingos energijos lyg\u012f.<\/p>\n<p data-start=\"1404\" data-end=\"1422\"><strong data-start=\"1404\" data-end=\"1414\">T\u016bris:<\/strong> 15 ml \/ 50 ml<\/p>\n","protected":false},"excerpt":{"rendered":"<p data-start=\"1509\" data-end=\"1553\">Dr\u0117kinamasis serumas su hialurono r\u016bg\u0161timi<\/p>\n<h2 data-start=\"1555\" data-end=\"1837\"><strong data-start=\"1555\" data-end=\"1599\">NOON Aesthetics &#8211; Halo-Ronic Serum savyb\u0117s<\/strong><\/h2>\n<p data-start=\"1555\" data-end=\"1837\">\u2714\ufe0f Intensyviai dr\u0117kina ir i\u0161laiko dr\u0117gm\u0119 odoje<br data-start=\"1648\" data-end=\"1651\" \/>\u2714\ufe0f Atkuria elastingum\u0105 ir stangrum\u0105<br data-start=\"1686\" data-end=\"1689\" \/>\u2714\ufe0f I\u0161lygina odos tekst\u016br\u0105 ir mink\u0161tina od\u0105<br data-start=\"1731\" data-end=\"1734\" \/>\u2714\ufe0f Pagerina odos ton\u0105 ir suteikia sveiko spindesio<br data-start=\"1784\" data-end=\"1787\" \/>\u2714\ufe0f Apsaugo od\u0105 nuo dr\u0117gm\u0117s praradimo dienos metu<\/p>\n","protected":false},"featured_media":70837,"template":"","meta":[],"pwb-brand":[791],"product_brand":[],"product_cat":[738,1150,750,724,754],"product_tag":[],"giftcard-category":[],"class_list":{"0":"post-42980","1":"product","2":"type-product","3":"status-publish","4":"has-post-thumbnail","6":"pwb-brand-noon-aesthetics","7":"product_cat-drekinimas","8":"product_cat-noon-aesthetics-lt","9":"product_cat-senstanti-oda","10":"product_cat-serumai","11":"product_cat-travel-size-lt","12":"pa_suurus-15ml-lt","13":"pa_suurus-50ml-lt","15":"first","16":"instock","17":"taxable","18":"shipping-taxable","19":"purchasable","20":"product-type-variable"},"acf":[],"brands":[{"id":791,"name":"NOON Aesthetics","slug":"noon-aesthetics"}],"_links":{"self":[{"href":"https:\/\/skinstudio.ee\/lt\/wp-json\/wp\/v2\/product\/42980","targetHints":{"allow":["GET"]}}],"collection":[{"href":"https:\/\/skinstudio.ee\/lt\/wp-json\/wp\/v2\/product"}],"about":[{"href":"https:\/\/skinstudio.ee\/lt\/wp-json\/wp\/v2\/types\/product"}],"version-history":[{"count":1,"href":"https:\/\/skinstudio.ee\/lt\/wp-json\/wp\/v2\/product\/42980\/revisions"}],"predecessor-version":[{"id":80931,"href":"https:\/\/skinstudio.ee\/lt\/wp-json\/wp\/v2\/product\/42980\/revisions\/80931"}],"wp:featuredmedia":[{"embeddable":true,"href":"https:\/\/skinstudio.ee\/lt\/wp-json\/wp\/v2\/media\/70837"}],"wp:attachment":[{"href":"https:\/\/skinstudio.ee\/lt\/wp-json\/wp\/v2\/media?parent=42980"}],"wp:term":[{"taxonomy":"pwb-brand","embeddable":true,"href":"https:\/\/skinstudio.ee\/lt\/wp-json\/wp\/v2\/pwb-brand?post=42980"},{"taxonomy":"product_brand","embeddable":true,"href":"https:\/\/skinstudio.ee\/lt\/wp-json\/wp\/v2\/product_brand?post=42980"},{"taxonomy":"product_cat","embeddable":true,"href":"https:\/\/skinstudio.ee\/lt\/wp-json\/wp\/v2\/product_cat?post=42980"},{"taxonomy":"product_tag","embeddable":true,"href":"https:\/\/skinstudio.ee\/lt\/wp-json\/wp\/v2\/product_tag?post=42980"},{"taxonomy":"giftcard-category","embeddable":true,"href":"https:\/\/skinstudio.ee\/lt\/wp-json\/wp\/v2\/giftcard-category?post=42980"}],"curies":[{"name":"wp","href":"https:\/\/api.w.org\/{rel}","templated":true}]}}