{"id":42996,"date":"2025-08-09T10:35:45","date_gmt":"2025-08-09T10:35:45","guid":{"rendered":"https:\/\/skinstudio.ee\/?post_type=product&#038;p=42996"},"modified":"2026-02-14T12:06:25","modified_gmt":"2026-02-14T12:06:25","slug":"omg-cream","status":"publish","type":"product","link":"https:\/\/skinstudio.ee\/lt\/catalog\/noon-aesthetics\/omg-cream\/","title":{"rendered":"OMG Cream"},"content":{"rendered":"<p data-start=\"1136\" data-end=\"1761\">Unikali fiziologinio lipid\u0173 korekcinio komplekso sud\u0117tis optimaliu santykiu (3:1:1) \u012fsiskverbia \u012f pa\u017eeist\u0105 odos apsaugin\u012f barjer\u0105. Maitina od\u0105 lipidais ir suteikia stipri\u0105 antioksidacin\u0119 apsaug\u0105, tod\u0117l oda tampa sveikesn\u0117, sudr\u0117kinta, lygi ir elastinga. Kremas praturtintas intensyviais dr\u0117kinamaisiais komponentais, kurie padeda i\u0161laikyti dr\u0117gm\u0119 odos l\u0105stel\u0117se, tod\u0117l ji tampa mink\u0161tesn\u0117 ir elastingesn\u0117. Antioksidant\u0173 buvimas padeda kovoti su laisv\u0173j\u0173 radikal\u0173 poveikiu, kuris sukelia stres\u0105 ir prie\u0161laikin\u012f odos sen\u0117jim\u0105. Reguliarus kremo naudojimas padeda pagerinti bendr\u0105 odos b\u016bkl\u0119, tod\u0117l ji tampa \u0161vytinti ir sveika.<\/p>\n<p data-start=\"1763\" data-end=\"1780\"><strong data-start=\"1763\" data-end=\"1773\">T\u016bris:<\/strong> 15 ml \/ 50 g<\/p>\n","protected":false},"excerpt":{"rendered":"<p data-start=\"1973\" data-end=\"2014\">Atkuriamasis kremas su lipid\u0173 kompleksu<\/p>\n<h2 data-start=\"2016\" data-end=\"2289\"><strong data-start=\"2016\" data-end=\"2053\">NOON Aesthetics &#8211; OMG Cream savyb\u0117s<\/strong><\/h2>\n<p data-start=\"2016\" data-end=\"2289\">\u2714\ufe0f Atkuria pa\u017eeist\u0105 odos apsaugin\u012f barjer\u0105<br data-start=\"2098\" data-end=\"2101\" \/>\u2714\ufe0f Maitina lipidais ir intensyviai dr\u0117kina<br data-start=\"2143\" data-end=\"2146\" \/>\u2714\ufe0f Pagerina odos elastingum\u0105 ir stangrum\u0105<br data-start=\"2187\" data-end=\"2190\" \/>\u2714\ufe0f Apsaugo nuo laisv\u0173j\u0173 radikal\u0173 \u017ealingo poveikio<br data-start=\"2239\" data-end=\"2242\" \/>\u2714\ufe0f Padaro od\u0105 lygesn\u0119, \u0161vytin\u010di\u0105 ir sveikesn\u0119<\/p>\n","protected":false},"featured_media":73029,"template":"","meta":[],"pwb-brand":[791],"product_brand":[],"product_cat":[738,1150,750,754],"product_tag":[],"giftcard-category":[],"class_list":{"0":"post-42996","1":"product","2":"type-product","3":"status-publish","4":"has-post-thumbnail","6":"pwb-brand-noon-aesthetics","7":"product_cat-drekinimas","8":"product_cat-noon-aesthetics-lt","9":"product_cat-senstanti-oda","10":"product_cat-travel-size-lt","11":"pa_suurus-15ml-lt","12":"pa_suurus-50g-lt","14":"first","15":"instock","16":"taxable","17":"shipping-taxable","18":"purchasable","19":"product-type-variable"},"acf":[],"brands":[{"id":791,"name":"NOON Aesthetics","slug":"noon-aesthetics"}],"_links":{"self":[{"href":"https:\/\/skinstudio.ee\/lt\/wp-json\/wp\/v2\/product\/42996","targetHints":{"allow":["GET"]}}],"collection":[{"href":"https:\/\/skinstudio.ee\/lt\/wp-json\/wp\/v2\/product"}],"about":[{"href":"https:\/\/skinstudio.ee\/lt\/wp-json\/wp\/v2\/types\/product"}],"version-history":[{"count":1,"href":"https:\/\/skinstudio.ee\/lt\/wp-json\/wp\/v2\/product\/42996\/revisions"}],"predecessor-version":[{"id":80952,"href":"https:\/\/skinstudio.ee\/lt\/wp-json\/wp\/v2\/product\/42996\/revisions\/80952"}],"wp:featuredmedia":[{"embeddable":true,"href":"https:\/\/skinstudio.ee\/lt\/wp-json\/wp\/v2\/media\/73029"}],"wp:attachment":[{"href":"https:\/\/skinstudio.ee\/lt\/wp-json\/wp\/v2\/media?parent=42996"}],"wp:term":[{"taxonomy":"pwb-brand","embeddable":true,"href":"https:\/\/skinstudio.ee\/lt\/wp-json\/wp\/v2\/pwb-brand?post=42996"},{"taxonomy":"product_brand","embeddable":true,"href":"https:\/\/skinstudio.ee\/lt\/wp-json\/wp\/v2\/product_brand?post=42996"},{"taxonomy":"product_cat","embeddable":true,"href":"https:\/\/skinstudio.ee\/lt\/wp-json\/wp\/v2\/product_cat?post=42996"},{"taxonomy":"product_tag","embeddable":true,"href":"https:\/\/skinstudio.ee\/lt\/wp-json\/wp\/v2\/product_tag?post=42996"},{"taxonomy":"giftcard-category","embeddable":true,"href":"https:\/\/skinstudio.ee\/lt\/wp-json\/wp\/v2\/giftcard-category?post=42996"}],"curies":[{"name":"wp","href":"https:\/\/api.w.org\/{rel}","templated":true}]}}