{"id":43012,"date":"2025-08-09T10:47:47","date_gmt":"2025-08-09T10:47:47","guid":{"rendered":"https:\/\/skinstudio.ee\/?post_type=product&#038;p=43012"},"modified":"2026-02-19T10:12:35","modified_gmt":"2026-02-19T10:12:35","slug":"sos-cream","status":"publish","type":"product","link":"https:\/\/skinstudio.ee\/lt\/catalog\/noon-aesthetics\/sos-cream\/","title":{"rendered":"SOS Cream"},"content":{"rendered":"<p data-start=\"807\" data-end=\"1090\">SOS Cream yra dr\u0117kinamasis ir atkuriamasis kremas sausai ir labai sausai odai, kuris atkuria odos apsaugin\u0117s barjero funkcij\u0105 ir suteikia greit\u0105 bei ilgalaik\u012f dr\u0117kinim\u0105. Jis apsaugo od\u0105 nuo \u012fvairi\u0173 aplinkos veiksni\u0173, galin\u010di\u0173 sukelti dr\u0117gm\u0117s praradim\u0105 ir pa\u017eeisti odos apsaugin\u012f barjer\u0105.<\/p>\n<p data-start=\"1092\" data-end=\"1109\"><strong data-start=\"1092\" data-end=\"1102\">T\u016bris:<\/strong> 15 ml \/ 50 g<\/p>\n","protected":false},"excerpt":{"rendered":"<p data-start=\"1286\" data-end=\"1319\">Dr\u0117kinamasis kremas sausai odai<\/p>\n<h2 data-start=\"1321\" data-end=\"1584\"><strong data-start=\"1321\" data-end=\"1358\">NOON Aesthetics &#8211; SOS Cream savyb\u0117s<\/strong><\/h2>\n<p data-start=\"1321\" data-end=\"1584\">\u2714\ufe0f I\u0161 karto dr\u0117kina ir maitina saus\u0105 bei labai saus\u0105 od\u0105<br data-start=\"1417\" data-end=\"1420\" \/>\u2714\ufe0f Atkuria apsaugin\u012f barjer\u0105<br data-start=\"1448\" data-end=\"1451\" \/>\u2714\ufe0f U\u017etikrina ilgalaik\u012f dr\u0117gm\u0117s i\u0161saugojim\u0105<br data-start=\"1493\" data-end=\"1496\" \/>\u2714\ufe0f Apsaugo nuo kenksmingo aplinkos poveikio<br data-start=\"1539\" data-end=\"1542\" \/>\u2714\ufe0f Pagerina odos komfort\u0105 ir elastingum\u0105<\/p>\n","protected":false},"featured_media":43003,"template":"","meta":[],"pwb-brand":[791],"product_brand":[],"product_cat":[738,1150,740,750,754],"product_tag":[],"giftcard-category":[],"class_list":{"0":"post-43012","1":"product","2":"type-product","3":"status-publish","4":"has-post-thumbnail","6":"pwb-brand-noon-aesthetics","7":"product_cat-drekinimas","8":"product_cat-noon-aesthetics-lt","9":"product_cat-sausai-odai","10":"product_cat-senstanti-oda","11":"product_cat-travel-size-lt","12":"pa_suurus-15ml-lt","13":"pa_suurus-50g-lt","15":"first","16":"instock","17":"taxable","18":"shipping-taxable","19":"purchasable","20":"product-type-variable"},"acf":[],"brands":[{"id":791,"name":"NOON Aesthetics","slug":"noon-aesthetics"}],"_links":{"self":[{"href":"https:\/\/skinstudio.ee\/lt\/wp-json\/wp\/v2\/product\/43012","targetHints":{"allow":["GET"]}}],"collection":[{"href":"https:\/\/skinstudio.ee\/lt\/wp-json\/wp\/v2\/product"}],"about":[{"href":"https:\/\/skinstudio.ee\/lt\/wp-json\/wp\/v2\/types\/product"}],"version-history":[{"count":1,"href":"https:\/\/skinstudio.ee\/lt\/wp-json\/wp\/v2\/product\/43012\/revisions"}],"predecessor-version":[{"id":80973,"href":"https:\/\/skinstudio.ee\/lt\/wp-json\/wp\/v2\/product\/43012\/revisions\/80973"}],"wp:featuredmedia":[{"embeddable":true,"href":"https:\/\/skinstudio.ee\/lt\/wp-json\/wp\/v2\/media\/43003"}],"wp:attachment":[{"href":"https:\/\/skinstudio.ee\/lt\/wp-json\/wp\/v2\/media?parent=43012"}],"wp:term":[{"taxonomy":"pwb-brand","embeddable":true,"href":"https:\/\/skinstudio.ee\/lt\/wp-json\/wp\/v2\/pwb-brand?post=43012"},{"taxonomy":"product_brand","embeddable":true,"href":"https:\/\/skinstudio.ee\/lt\/wp-json\/wp\/v2\/product_brand?post=43012"},{"taxonomy":"product_cat","embeddable":true,"href":"https:\/\/skinstudio.ee\/lt\/wp-json\/wp\/v2\/product_cat?post=43012"},{"taxonomy":"product_tag","embeddable":true,"href":"https:\/\/skinstudio.ee\/lt\/wp-json\/wp\/v2\/product_tag?post=43012"},{"taxonomy":"giftcard-category","embeddable":true,"href":"https:\/\/skinstudio.ee\/lt\/wp-json\/wp\/v2\/giftcard-category?post=43012"}],"curies":[{"name":"wp","href":"https:\/\/api.w.org\/{rel}","templated":true}]}}