{"id":43027,"date":"2025-08-09T11:08:27","date_gmt":"2025-08-09T11:08:27","guid":{"rendered":"https:\/\/skinstudio.ee\/?post_type=product&#038;p=43027"},"modified":"2025-12-30T17:05:45","modified_gmt":"2025-12-30T17:05:45","slug":"anti-aging-starter-kit","status":"publish","type":"product","link":"https:\/\/skinstudio.ee\/lt\/catalog\/noon-aesthetics\/anti-aging-starter-kit\/","title":{"rendered":"Anti-Aging Starter Kit"},"content":{"rendered":"<p>NOON Aesthetics Anti-Aging Starter Kit sukurtas siekiant pa\u0161alinti pagrindines fiziologini\u0173 poky\u010di\u0173, susijusi\u0173 su odos sen\u0117jimo procesu, prie\u017eastis. \u0160i prie\u0161rauk\u0161lin\u0117 prie\u017ei\u016bra skatina odos atsinaujinim\u0105, stiprina j\u0105 ir i\u0161lygina ton\u0105. Ji taip pat padeda sustiprinti odos apsaugin\u012f barjer\u0105, pagerinti jos elastingum\u0105 ir padidinti dr\u0117gm\u0117s lyg\u012f. Galutinis \u0161ios prie\u017ei\u016bros tikslas \u2013 suma\u017einti esam\u0173 smulki\u0173 rauk\u0161li\u0173 gyl\u012f, pagerinti odos tekst\u016br\u0105 ir ton\u0105 bei sul\u0117tinti nauj\u0173 sen\u0117jimo po\u017eymi\u0173 atsiradim\u0105.<\/p>\n","protected":false},"excerpt":{"rendered":"<p data-start=\"1549\" data-end=\"1591\">Prie\u0161rauk\u0161lin\u0117s odos prie\u017ei\u016bros rinkinys<\/p>\n<h2 data-start=\"1593\" data-end=\"1823\">NOON Aesthetics Anti-Aging Starter Kit sudaro<\/h2>\n<p data-start=\"1593\" data-end=\"1823\">\u2714\ufe0f LactoCeramide-15 (15 ml)<br data-start=\"1668\" data-end=\"1671\" \/>\u2714\ufe0f Retinol Delicate (10 ml)<br data-start=\"1698\" data-end=\"1701\" \/>\u2714\ufe0f In-Depth Filler Cream (15 ml)<br data-start=\"1733\" data-end=\"1736\" \/>\u2714\ufe0f In-Depth Filler Serum (10 ml)<br data-start=\"1768\" data-end=\"1771\" \/>\u2714\ufe0f Lift &amp; Whitening Peptide Complex Ampoule (5 ml)<\/p>\n","protected":false},"featured_media":66454,"template":"","meta":[],"pwb-brand":[791],"product_brand":[],"product_cat":[1150,756,750],"product_tag":[],"giftcard-category":[],"class_list":{"0":"post-43027","1":"product","2":"type-product","3":"status-publish","4":"has-post-thumbnail","6":"pwb-brand-noon-aesthetics","7":"product_cat-noon-aesthetics-lt","8":"product_cat-rinkinys","9":"product_cat-senstanti-oda","11":"first","12":"instock","13":"taxable","14":"shipping-taxable","15":"purchasable","16":"product-type-simple"},"acf":[],"brands":[{"id":791,"name":"NOON Aesthetics","slug":"noon-aesthetics"}],"_links":{"self":[{"href":"https:\/\/skinstudio.ee\/lt\/wp-json\/wp\/v2\/product\/43027","targetHints":{"allow":["GET"]}}],"collection":[{"href":"https:\/\/skinstudio.ee\/lt\/wp-json\/wp\/v2\/product"}],"about":[{"href":"https:\/\/skinstudio.ee\/lt\/wp-json\/wp\/v2\/types\/product"}],"version-history":[{"count":0,"href":"https:\/\/skinstudio.ee\/lt\/wp-json\/wp\/v2\/product\/43027\/revisions"}],"wp:featuredmedia":[{"embeddable":true,"href":"https:\/\/skinstudio.ee\/lt\/wp-json\/wp\/v2\/media\/66454"}],"wp:attachment":[{"href":"https:\/\/skinstudio.ee\/lt\/wp-json\/wp\/v2\/media?parent=43027"}],"wp:term":[{"taxonomy":"pwb-brand","embeddable":true,"href":"https:\/\/skinstudio.ee\/lt\/wp-json\/wp\/v2\/pwb-brand?post=43027"},{"taxonomy":"product_brand","embeddable":true,"href":"https:\/\/skinstudio.ee\/lt\/wp-json\/wp\/v2\/product_brand?post=43027"},{"taxonomy":"product_cat","embeddable":true,"href":"https:\/\/skinstudio.ee\/lt\/wp-json\/wp\/v2\/product_cat?post=43027"},{"taxonomy":"product_tag","embeddable":true,"href":"https:\/\/skinstudio.ee\/lt\/wp-json\/wp\/v2\/product_tag?post=43027"},{"taxonomy":"giftcard-category","embeddable":true,"href":"https:\/\/skinstudio.ee\/lt\/wp-json\/wp\/v2\/giftcard-category?post=43027"}],"curies":[{"name":"wp","href":"https:\/\/api.w.org\/{rel}","templated":true}]}}