{"id":43043,"date":"2025-08-09T11:20:20","date_gmt":"2025-08-09T11:20:20","guid":{"rendered":"https:\/\/skinstudio.ee\/?post_type=product&#038;p=43043"},"modified":"2025-12-30T17:05:45","modified_gmt":"2025-12-30T17:05:45","slug":"acne-starter-kit","status":"publish","type":"product","link":"https:\/\/skinstudio.ee\/lt\/catalog\/noon-aesthetics\/acne-starter-kit\/","title":{"rendered":"Acne Starter Kit"},"content":{"rendered":"<p data-start=\"16\" data-end=\"497\">NOON\u2122 Acne Starter Kit sukurtas spr\u0119sti odos problemas, susijusias su riebi\u0105 ir \u012f akn\u0119 linkusi\u0105 od\u0105. \u0160is labai veiksmingas rinkinys padeda paruo\u0161ti kliento od\u0105 profesionalioms akn\u0117s proced\u016broms klinikoje ir suteikia visapusi\u0161k\u0105 sprendim\u0105 nam\u0173 prie\u017ei\u016brai. Rinkinio produktai veikia sinergi\u0161kai \u2013 subalansuoja od\u0105 ir suma\u017eina jos riebum\u0105, ma\u017eina bakterij\u0173 kiek\u012f, slopina u\u017edegimo po\u017eymius ir pagerina problemin\u0117s bei \u012f akn\u0119 linkusios odos bendr\u0105 b\u016bkl\u0119.<\/p>\n","protected":false},"excerpt":{"rendered":"<p data-start=\"1457\" data-end=\"1505\">Pradinis rinkinys odos valymui ir balansavimui<\/p>\n<h2 data-start=\"1507\" data-end=\"1718\">NOON Aesthetics Acne Starter Kit sudaro<\/h2>\n<p data-start=\"1507\" data-end=\"1718\">\u2714\ufe0f AcNo Solution (10 ml)<br data-start=\"1573\" data-end=\"1576\" \/>\u2714\ufe0f Azelaic 20 (10 ml)<br data-start=\"1597\" data-end=\"1600\" \/>\u2714\ufe0f Intensive Hydrogel (15 ml)<br data-start=\"1629\" data-end=\"1632\" \/>\u2714\ufe0f Igloo Moist (15 ml)<br data-start=\"1654\" data-end=\"1657\" \/>\u2714\ufe0f AcNo Complex Ampoule (5 ml)<br data-start=\"1687\" data-end=\"1690\" \/>\u2714\ufe0f C-Cleanser Foam (15 ml)<\/p>\n","protected":false},"featured_media":66448,"template":"","meta":[],"pwb-brand":[791],"product_brand":[],"product_cat":[742,1150,756],"product_tag":[],"giftcard-category":[],"class_list":{"0":"post-43043","1":"product","2":"type-product","3":"status-publish","4":"has-post-thumbnail","6":"pwb-brand-noon-aesthetics","7":"product_cat-akne","8":"product_cat-noon-aesthetics","9":"product_cat-rinkiniai","11":"first","12":"instock","13":"taxable","14":"shipping-taxable","15":"purchasable","16":"product-type-simple"},"acf":[],"brands":[{"id":791,"name":"NOON Aesthetics","slug":"noon-aesthetics"}],"_links":{"self":[{"href":"https:\/\/skinstudio.ee\/lt\/wp-json\/wp\/v2\/product\/43043","targetHints":{"allow":["GET"]}}],"collection":[{"href":"https:\/\/skinstudio.ee\/lt\/wp-json\/wp\/v2\/product"}],"about":[{"href":"https:\/\/skinstudio.ee\/lt\/wp-json\/wp\/v2\/types\/product"}],"version-history":[{"count":0,"href":"https:\/\/skinstudio.ee\/lt\/wp-json\/wp\/v2\/product\/43043\/revisions"}],"wp:featuredmedia":[{"embeddable":true,"href":"https:\/\/skinstudio.ee\/lt\/wp-json\/wp\/v2\/media\/66448"}],"wp:attachment":[{"href":"https:\/\/skinstudio.ee\/lt\/wp-json\/wp\/v2\/media?parent=43043"}],"wp:term":[{"taxonomy":"pwb-brand","embeddable":true,"href":"https:\/\/skinstudio.ee\/lt\/wp-json\/wp\/v2\/pwb-brand?post=43043"},{"taxonomy":"product_brand","embeddable":true,"href":"https:\/\/skinstudio.ee\/lt\/wp-json\/wp\/v2\/product_brand?post=43043"},{"taxonomy":"product_cat","embeddable":true,"href":"https:\/\/skinstudio.ee\/lt\/wp-json\/wp\/v2\/product_cat?post=43043"},{"taxonomy":"product_tag","embeddable":true,"href":"https:\/\/skinstudio.ee\/lt\/wp-json\/wp\/v2\/product_tag?post=43043"},{"taxonomy":"giftcard-category","embeddable":true,"href":"https:\/\/skinstudio.ee\/lt\/wp-json\/wp\/v2\/giftcard-category?post=43043"}],"curies":[{"name":"wp","href":"https:\/\/api.w.org\/{rel}","templated":true}]}}