{"id":43058,"date":"2025-08-09T11:30:34","date_gmt":"2025-08-09T11:30:34","guid":{"rendered":"https:\/\/skinstudio.ee\/?post_type=product&#038;p=43058"},"modified":"2025-12-30T17:05:45","modified_gmt":"2025-12-30T17:05:45","slug":"experience-starter-kit","status":"publish","type":"product","link":"https:\/\/skinstudio.ee\/lt\/catalog\/noon-aesthetics\/experience-starter-kit\/","title":{"rendered":"Experience Starter Kit"},"content":{"rendered":"<p>NOON\u2122 Experience Starter Kit sukurtas tam, kad supa\u017eindint\u0173 jaunesnius pacientus su NOON\u2122 Aesthetics produkt\u0173 linija, skirta normaliai, neriebiai odai. Rinkinyje yra produkt\u0173 su veikliosiomis med\u017eiagomis, kurios padeda dr\u0117kinti od\u0105, ma\u017einti pigmentacijos po\u017eymius ir u\u017ekirsti keli\u0105 prie\u0161laikiniam odos sen\u0117jimui.<\/p>\n","protected":false},"excerpt":{"rendered":"<p data-start=\"1162\" data-end=\"1233\">Pagrindinis starto rinkinys NOON Aesthetics odos prie\u017ei\u016brai i\u0161bandyti<\/p>\n<h2 data-start=\"1235\" data-end=\"1432\">NOON Aesthetics Experience Starter Kit sudaro<\/h2>\n<p data-start=\"1235\" data-end=\"1432\" data-is-last-node=\"\" data-is-only-node=\"\">\u2714\ufe0f Lacto-10 (15 ml)<br data-start=\"1302\" data-end=\"1305\" \/>\u2714\ufe0f Igloo Moist (15 ml)<br data-start=\"1327\" data-end=\"1330\" \/>\u2714\ufe0f Vit C Serum (15 ml)<br data-start=\"1352\" data-end=\"1355\" \/>\u2714\ufe0f C Cleanser Foam (15 ml)<br data-start=\"1381\" data-end=\"1384\" \/>\u2714\ufe0f Hydrocalming and Vit Complex Ampoule (5 ml)<\/p>\n","protected":false},"featured_media":66443,"template":"","meta":[],"pwb-brand":[791],"product_brand":[],"product_cat":[1150,752,756,750],"product_tag":[],"giftcard-category":[],"class_list":{"0":"post-43058","1":"product","2":"type-product","3":"status-publish","4":"has-post-thumbnail","6":"pwb-brand-noon-aesthetics","7":"product_cat-noon-aesthetics-lt","8":"product_cat-pigmentacija-lt","9":"product_cat-rinkinys","10":"product_cat-senstanti-oda","12":"first","13":"instock","14":"taxable","15":"shipping-taxable","16":"purchasable","17":"product-type-simple"},"acf":[],"brands":[{"id":791,"name":"NOON Aesthetics","slug":"noon-aesthetics"}],"_links":{"self":[{"href":"https:\/\/skinstudio.ee\/lt\/wp-json\/wp\/v2\/product\/43058","targetHints":{"allow":["GET"]}}],"collection":[{"href":"https:\/\/skinstudio.ee\/lt\/wp-json\/wp\/v2\/product"}],"about":[{"href":"https:\/\/skinstudio.ee\/lt\/wp-json\/wp\/v2\/types\/product"}],"version-history":[{"count":0,"href":"https:\/\/skinstudio.ee\/lt\/wp-json\/wp\/v2\/product\/43058\/revisions"}],"wp:featuredmedia":[{"embeddable":true,"href":"https:\/\/skinstudio.ee\/lt\/wp-json\/wp\/v2\/media\/66443"}],"wp:attachment":[{"href":"https:\/\/skinstudio.ee\/lt\/wp-json\/wp\/v2\/media?parent=43058"}],"wp:term":[{"taxonomy":"pwb-brand","embeddable":true,"href":"https:\/\/skinstudio.ee\/lt\/wp-json\/wp\/v2\/pwb-brand?post=43058"},{"taxonomy":"product_brand","embeddable":true,"href":"https:\/\/skinstudio.ee\/lt\/wp-json\/wp\/v2\/product_brand?post=43058"},{"taxonomy":"product_cat","embeddable":true,"href":"https:\/\/skinstudio.ee\/lt\/wp-json\/wp\/v2\/product_cat?post=43058"},{"taxonomy":"product_tag","embeddable":true,"href":"https:\/\/skinstudio.ee\/lt\/wp-json\/wp\/v2\/product_tag?post=43058"},{"taxonomy":"giftcard-category","embeddable":true,"href":"https:\/\/skinstudio.ee\/lt\/wp-json\/wp\/v2\/giftcard-category?post=43058"}],"curies":[{"name":"wp","href":"https:\/\/api.w.org\/{rel}","templated":true}]}}