{"id":43074,"date":"2025-08-09T11:42:38","date_gmt":"2025-08-09T11:42:38","guid":{"rendered":"https:\/\/skinstudio.ee\/?post_type=product&#038;p=43074"},"modified":"2025-12-30T17:05:45","modified_gmt":"2025-12-30T17:05:45","slug":"brightening-starter-kit","status":"publish","type":"product","link":"https:\/\/skinstudio.ee\/lt\/catalog\/noon-aesthetics\/brightening-starter-kit\/","title":{"rendered":"Brightening Starter Kit"},"content":{"rendered":"<p data-start=\"789\" data-end=\"1101\">NOON\u2122 Brightening Starter Kit sukurtas spr\u0119sti odos problemas, susijusias su hiperpigmentacija, netolygiu odos atspalviu ir papilk\u0117jimu. \u0160is galingas rinkinys idealiai tinka odai paruo\u0161ti prie\u0161 klinikoje atliekamas \u0161viesinimo ar pigmento korekcijos proced\u016bras ir suteikia visapusi\u0161k\u0105 sprendim\u0105 nam\u0173 prie\u017ei\u016brai.<\/p>\n","protected":false},"excerpt":{"rendered":"<p data-start=\"1216\" data-end=\"1280\">Pradinis rinkinys odos \u0161viesinimui ir atspalvio suvienodinimui<\/p>\n<h2 data-start=\"1282\" data-end=\"1520\">NOON Aesthetics Brightening Starter Kit sudaro<\/h2>\n<p data-start=\"1282\" data-end=\"1520\" data-is-last-node=\"\" data-is-only-node=\"\">\u2714\ufe0f Lacto-10 (15 ml)<br data-start=\"1350\" data-end=\"1353\" \/>\u2714\ufe0f Azelaic 20 (10 ml)<br data-start=\"1374\" data-end=\"1377\" \/>\u2714\ufe0f Vit C Serum (10 ml)<br data-start=\"1399\" data-end=\"1402\" \/>\u2714\ufe0f MultiVit Sun Protector (15 ml)<br data-start=\"1435\" data-end=\"1438\" \/>\u2714\ufe0f Retinol Charisma (10 ml)<br data-start=\"1465\" data-end=\"1468\" \/>\u2714\ufe0f Lift &amp; Whitening Peptide Complex Ampoule (5 ml)<\/p>\n","protected":false},"featured_media":66438,"template":"","meta":[],"pwb-brand":[791],"product_brand":[],"product_cat":[1150,752,756],"product_tag":[],"giftcard-category":[],"class_list":{"0":"post-43074","1":"product","2":"type-product","3":"status-publish","4":"has-post-thumbnail","6":"pwb-brand-noon-aesthetics","7":"product_cat-noon-aesthetics-lt","8":"product_cat-pigmentacija-lt","9":"product_cat-rinkinys","11":"first","12":"instock","13":"taxable","14":"shipping-taxable","15":"purchasable","16":"product-type-simple"},"acf":[],"brands":[{"id":791,"name":"NOON Aesthetics","slug":"noon-aesthetics"}],"_links":{"self":[{"href":"https:\/\/skinstudio.ee\/lt\/wp-json\/wp\/v2\/product\/43074","targetHints":{"allow":["GET"]}}],"collection":[{"href":"https:\/\/skinstudio.ee\/lt\/wp-json\/wp\/v2\/product"}],"about":[{"href":"https:\/\/skinstudio.ee\/lt\/wp-json\/wp\/v2\/types\/product"}],"version-history":[{"count":0,"href":"https:\/\/skinstudio.ee\/lt\/wp-json\/wp\/v2\/product\/43074\/revisions"}],"wp:featuredmedia":[{"embeddable":true,"href":"https:\/\/skinstudio.ee\/lt\/wp-json\/wp\/v2\/media\/66438"}],"wp:attachment":[{"href":"https:\/\/skinstudio.ee\/lt\/wp-json\/wp\/v2\/media?parent=43074"}],"wp:term":[{"taxonomy":"pwb-brand","embeddable":true,"href":"https:\/\/skinstudio.ee\/lt\/wp-json\/wp\/v2\/pwb-brand?post=43074"},{"taxonomy":"product_brand","embeddable":true,"href":"https:\/\/skinstudio.ee\/lt\/wp-json\/wp\/v2\/product_brand?post=43074"},{"taxonomy":"product_cat","embeddable":true,"href":"https:\/\/skinstudio.ee\/lt\/wp-json\/wp\/v2\/product_cat?post=43074"},{"taxonomy":"product_tag","embeddable":true,"href":"https:\/\/skinstudio.ee\/lt\/wp-json\/wp\/v2\/product_tag?post=43074"},{"taxonomy":"giftcard-category","embeddable":true,"href":"https:\/\/skinstudio.ee\/lt\/wp-json\/wp\/v2\/giftcard-category?post=43074"}],"curies":[{"name":"wp","href":"https:\/\/api.w.org\/{rel}","templated":true}]}}