{"id":43334,"date":"2025-08-10T11:01:24","date_gmt":"2025-08-10T11:01:24","guid":{"rendered":"https:\/\/skinstudio.ee\/?post_type=product&#038;p=43334"},"modified":"2026-01-19T15:13:26","modified_gmt":"2026-01-19T15:13:26","slug":"vitamin-veil-cleanser","status":"publish","type":"product","link":"https:\/\/skinstudio.ee\/lt\/catalog\/circadia\/vitamin-veil-cleanser\/","title":{"rendered":"Vitamin Veil Cleanser"},"content":{"rendered":"<p data-start=\"1442\" data-end=\"1885\">Vitamin Veil Cleanser yra prabangus aliejaus pagrindo prausiklis, kuris \u0161velniai pa\u0161alina kasdienius ne\u0161varumus ir makia\u017eo liku\u010dius, apgaubdamas od\u0105 \u0161ilkiniu antioksidant\u0173 \u0161ydu. Formul\u0117 sukurta jautriai ir pa\u017eeistai odai, \u012fskaitant od\u0105 po piling\u0173 ar chirurgini\u0173 proced\u016br\u0173. Giluminis, bet \u0161velnus valymas i\u0161saugo nat\u016bral\u0173 odos apsaugin\u012f barjer\u0105. Praturtintas maitinan\u010diais augaliniais aliejais, ramina ir paruo\u0161ia od\u0105 kitam prie\u017ei\u016bros etapui.<\/p>\n<p data-start=\"1887\" data-end=\"1906\"><strong data-start=\"1887\" data-end=\"1897\">T\u016bris:<\/strong> 236 ml<\/p>\n","protected":false},"excerpt":{"rendered":"<p data-start=\"2191\" data-end=\"2238\">Maitinamasis aliejaus pagrindo prausiklis<\/p>\n<h2 data-start=\"2240\" data-end=\"2542\"><strong data-start=\"2240\" data-end=\"2282\">Circadia Vitamin Veil Cleanser savyb\u0117s<\/strong><\/h2>\n<p data-start=\"2240\" data-end=\"2542\">\u2714\ufe0f \u0160velniai tirpdo makia\u017e\u0105, ne\u0161varumus ir riebal\u0173 pertekli\u0173<br data-start=\"2344\" data-end=\"2347\" \/>\u2714\ufe0f I\u0161saugo odos apsauginio barjero vientisum\u0105<br data-start=\"2392\" data-end=\"2395\" \/>\u2714\ufe0f Palieka ant odos lengv\u0105 antioksidant\u0173 \u0161yd\u0105<br data-start=\"2440\" data-end=\"2443\" \/>\u2714\ufe0f Tinka sausai ir brand\u017eiai odai, taip pat po proced\u016br\u0173<br data-start=\"2499\" data-end=\"2502\" \/>\u2714\ufe0f Padeda i\u0161laikyti keratino strukt\u016br\u0105<\/p>\n<p data-start=\"2544\" data-end=\"2839\">\n","protected":false},"featured_media":43326,"template":"","meta":[],"pwb-brand":[801],"product_brand":[],"product_cat":[740,750,718],"product_tag":[],"giftcard-category":[],"class_list":{"0":"post-43334","1":"product","2":"type-product","3":"status-publish","4":"has-post-thumbnail","6":"pwb-brand-circadia","7":"product_cat-sausai-odai","8":"product_cat-senstanti-oda","9":"product_cat-valymas","11":"first","12":"instock","13":"taxable","14":"shipping-taxable","15":"purchasable","16":"product-type-simple"},"acf":[],"brands":[{"id":801,"name":"Circadia","slug":"circadia"}],"_links":{"self":[{"href":"https:\/\/skinstudio.ee\/lt\/wp-json\/wp\/v2\/product\/43334","targetHints":{"allow":["GET"]}}],"collection":[{"href":"https:\/\/skinstudio.ee\/lt\/wp-json\/wp\/v2\/product"}],"about":[{"href":"https:\/\/skinstudio.ee\/lt\/wp-json\/wp\/v2\/types\/product"}],"version-history":[{"count":0,"href":"https:\/\/skinstudio.ee\/lt\/wp-json\/wp\/v2\/product\/43334\/revisions"}],"wp:featuredmedia":[{"embeddable":true,"href":"https:\/\/skinstudio.ee\/lt\/wp-json\/wp\/v2\/media\/43326"}],"wp:attachment":[{"href":"https:\/\/skinstudio.ee\/lt\/wp-json\/wp\/v2\/media?parent=43334"}],"wp:term":[{"taxonomy":"pwb-brand","embeddable":true,"href":"https:\/\/skinstudio.ee\/lt\/wp-json\/wp\/v2\/pwb-brand?post=43334"},{"taxonomy":"product_brand","embeddable":true,"href":"https:\/\/skinstudio.ee\/lt\/wp-json\/wp\/v2\/product_brand?post=43334"},{"taxonomy":"product_cat","embeddable":true,"href":"https:\/\/skinstudio.ee\/lt\/wp-json\/wp\/v2\/product_cat?post=43334"},{"taxonomy":"product_tag","embeddable":true,"href":"https:\/\/skinstudio.ee\/lt\/wp-json\/wp\/v2\/product_tag?post=43334"},{"taxonomy":"giftcard-category","embeddable":true,"href":"https:\/\/skinstudio.ee\/lt\/wp-json\/wp\/v2\/giftcard-category?post=43334"}],"curies":[{"name":"wp","href":"https:\/\/api.w.org\/{rel}","templated":true}]}}