{"id":43350,"date":"2025-08-10T11:16:06","date_gmt":"2025-08-10T11:16:06","guid":{"rendered":"https:\/\/skinstudio.ee\/?post_type=product&#038;p=43350"},"modified":"2026-01-19T15:13:24","modified_gmt":"2026-01-19T15:13:24","slug":"lipid-replacing-cleansing-gel","status":"publish","type":"product","link":"https:\/\/skinstudio.ee\/lt\/catalog\/circadia\/lipid-replacing-cleansing-gel\/","title":{"rendered":"Lipid Replacing Cleansing Gel"},"content":{"rendered":"<p data-start=\"1384\" data-end=\"1695\">Lipid Replacing Cleansing Gel yra atkuriamasis putojantis prausimosi gelis, kuris efektyviai pa\u0161alina ne\u0161varumus, makia\u017e\u0105 ir perteklin\u012f sebum\u0105, nepa\u017eeisdamas odos apsauginio barjero ir nedegraduodamas keratino. \u0160velni formul\u0117 su augal\u0173 ekstraktais ramina ir dr\u0117kina od\u0105, palikdama j\u0105 gaivi\u0105, \u0161velni\u0105 ir lygi\u0105.<\/p>\n<p data-start=\"1697\" data-end=\"1716\"><strong data-start=\"1697\" data-end=\"1707\">T\u016bris:<\/strong> 60 ml \/ 200 ml<\/p>\n","protected":false},"excerpt":{"rendered":"<p data-start=\"2326\" data-end=\"2361\">Maitinamasis putojantis gelis<\/p>\n<h2 data-start=\"2363\" data-end=\"2646\"><strong data-start=\"2363\" data-end=\"2413\">Circadia Lipid Replacing Cleansing Gel savyb\u0117s<\/strong><\/h2>\n<p data-start=\"2363\" data-end=\"2646\">\u2714\ufe0f \u0160velniai pa\u0161alina ne\u0161varumus, makia\u017e\u0105 ir perteklin\u012f sebum\u0105<br data-start=\"2477\" data-end=\"2480\" \/>\u2714\ufe0f I\u0161saugo odos apsauginio barjero vientisum\u0105<br data-start=\"2525\" data-end=\"2528\" \/>\u2714\ufe0f Lengvai r\u016bg\u0161tinis pH \u0161velniam poveikiui<br data-start=\"2570\" data-end=\"2573\" \/>\u2714\ufe0f Tinka normaliai ir lengvai riebiai odai<br data-start=\"2615\" data-end=\"2618\" \/>\u2714\ufe0f Ramina ir atgaivina od\u0105<\/p>\n","protected":false},"featured_media":43341,"template":"","meta":[],"pwb-brand":[801],"product_brand":[],"product_cat":[718],"product_tag":[],"giftcard-category":[],"class_list":{"0":"post-43350","1":"product","2":"type-product","3":"status-publish","4":"has-post-thumbnail","6":"pwb-brand-circadia","7":"product_cat-valymas","8":"pa_suurus-200ml-lt","9":"pa_suurus-60ml-lt","11":"first","12":"instock","13":"taxable","14":"shipping-taxable","15":"purchasable","16":"product-type-variable"},"acf":[],"brands":[{"id":801,"name":"Circadia","slug":"circadia"}],"_links":{"self":[{"href":"https:\/\/skinstudio.ee\/lt\/wp-json\/wp\/v2\/product\/43350","targetHints":{"allow":["GET"]}}],"collection":[{"href":"https:\/\/skinstudio.ee\/lt\/wp-json\/wp\/v2\/product"}],"about":[{"href":"https:\/\/skinstudio.ee\/lt\/wp-json\/wp\/v2\/types\/product"}],"version-history":[{"count":0,"href":"https:\/\/skinstudio.ee\/lt\/wp-json\/wp\/v2\/product\/43350\/revisions"}],"wp:featuredmedia":[{"embeddable":true,"href":"https:\/\/skinstudio.ee\/lt\/wp-json\/wp\/v2\/media\/43341"}],"wp:attachment":[{"href":"https:\/\/skinstudio.ee\/lt\/wp-json\/wp\/v2\/media?parent=43350"}],"wp:term":[{"taxonomy":"pwb-brand","embeddable":true,"href":"https:\/\/skinstudio.ee\/lt\/wp-json\/wp\/v2\/pwb-brand?post=43350"},{"taxonomy":"product_brand","embeddable":true,"href":"https:\/\/skinstudio.ee\/lt\/wp-json\/wp\/v2\/product_brand?post=43350"},{"taxonomy":"product_cat","embeddable":true,"href":"https:\/\/skinstudio.ee\/lt\/wp-json\/wp\/v2\/product_cat?post=43350"},{"taxonomy":"product_tag","embeddable":true,"href":"https:\/\/skinstudio.ee\/lt\/wp-json\/wp\/v2\/product_tag?post=43350"},{"taxonomy":"giftcard-category","embeddable":true,"href":"https:\/\/skinstudio.ee\/lt\/wp-json\/wp\/v2\/giftcard-category?post=43350"}],"curies":[{"name":"wp","href":"https:\/\/api.w.org\/{rel}","templated":true}]}}