{"id":43390,"date":"2025-08-10T11:33:33","date_gmt":"2025-08-10T11:33:33","guid":{"rendered":"https:\/\/skinstudio.ee\/?post_type=product&#038;p=43390"},"modified":"2026-01-19T15:13:24","modified_gmt":"2026-01-19T15:13:24","slug":"micro-exfoliating-honey-cleanser","status":"publish","type":"product","link":"https:\/\/skinstudio.ee\/lt\/catalog\/circadia\/micro-exfoliating-honey-cleanser\/","title":{"rendered":"Micro-Exfoliating Honey Cleanser"},"content":{"rendered":"<p data-start=\"1050\" data-end=\"1407\"><strong data-start=\"1050\" data-end=\"1086\">Micro-Exfoliating Honey Cleanser<\/strong> \u2013 \u0161velnus, bet veiksmingas odos valymo ir lengvo \u0161veitimo priemon\u0117 su nat\u016braliu medumi ir mikrodalel\u0117mis. \u0160velniai pa\u0161alina ne\u0161varumus, perteklin\u012f sebum\u0105 ir negyvas odos l\u0105steles, i\u0161lygina odos tekst\u016br\u0105, atgaivina ir paruo\u0161ia od\u0105 tolimesnei prie\u017ei\u016brai. Formul\u0117 palaiko nat\u016bral\u0173 dr\u0117gm\u0117s balans\u0105 ir apsaugo odos barjer\u0105.<\/p>\n<p data-start=\"1409\" data-end=\"1436\"><strong data-start=\"1409\" data-end=\"1419\">T\u016bris:<\/strong> 60 ml \/ 200 ml<\/p>\n","protected":false},"excerpt":{"rendered":"<p data-start=\"1758\" data-end=\"1797\">\u0160velnus medaus \u0161vei\u010diamasis gelis<\/p>\n<h2 data-start=\"1799\" data-end=\"2107\"><strong data-start=\"1799\" data-end=\"1852\">Circadia Micro-Exfoliating Honey Cleanser savyb\u0117s<\/strong><\/h2>\n<p data-start=\"1799\" data-end=\"2107\">\u2714\ufe0f \u0160velniai eksfolijuoja ir pa\u0161alina negyvas odos l\u0105steles<br data-start=\"1913\" data-end=\"1916\" \/>\u2714\ufe0f I\u0161valo nuo ne\u0161varum\u0173 ir perteklinio sebumo<br data-start=\"1961\" data-end=\"1964\" \/>\u2714\ufe0f I\u0161lygina odos tekst\u016br\u0105 ir suteikia spindesio<br data-start=\"2011\" data-end=\"2014\" \/>\u2714\ufe0f Tinka visiems odos tipams<br data-start=\"2042\" data-end=\"2045\" \/>\u2714\ufe0f Sud\u0117tyje yra nat\u016bralaus medaus ir dr\u0117kinan\u010di\u0173 ingredient\u0173<\/p>\n","protected":false},"featured_media":43376,"template":"","meta":[],"pwb-brand":[801],"product_brand":[],"product_cat":[718],"product_tag":[],"giftcard-category":[],"class_list":{"0":"post-43390","1":"product","2":"type-product","3":"status-publish","4":"has-post-thumbnail","6":"pwb-brand-circadia","7":"product_cat-valymas","8":"pa_suurus-200ml-lt","9":"pa_suurus-60ml-lt","11":"first","12":"instock","13":"taxable","14":"shipping-taxable","15":"purchasable","16":"product-type-variable"},"acf":[],"brands":[{"id":801,"name":"Circadia","slug":"circadia"}],"_links":{"self":[{"href":"https:\/\/skinstudio.ee\/lt\/wp-json\/wp\/v2\/product\/43390","targetHints":{"allow":["GET"]}}],"collection":[{"href":"https:\/\/skinstudio.ee\/lt\/wp-json\/wp\/v2\/product"}],"about":[{"href":"https:\/\/skinstudio.ee\/lt\/wp-json\/wp\/v2\/types\/product"}],"version-history":[{"count":0,"href":"https:\/\/skinstudio.ee\/lt\/wp-json\/wp\/v2\/product\/43390\/revisions"}],"wp:featuredmedia":[{"embeddable":true,"href":"https:\/\/skinstudio.ee\/lt\/wp-json\/wp\/v2\/media\/43376"}],"wp:attachment":[{"href":"https:\/\/skinstudio.ee\/lt\/wp-json\/wp\/v2\/media?parent=43390"}],"wp:term":[{"taxonomy":"pwb-brand","embeddable":true,"href":"https:\/\/skinstudio.ee\/lt\/wp-json\/wp\/v2\/pwb-brand?post=43390"},{"taxonomy":"product_brand","embeddable":true,"href":"https:\/\/skinstudio.ee\/lt\/wp-json\/wp\/v2\/product_brand?post=43390"},{"taxonomy":"product_cat","embeddable":true,"href":"https:\/\/skinstudio.ee\/lt\/wp-json\/wp\/v2\/product_cat?post=43390"},{"taxonomy":"product_tag","embeddable":true,"href":"https:\/\/skinstudio.ee\/lt\/wp-json\/wp\/v2\/product_tag?post=43390"},{"taxonomy":"giftcard-category","embeddable":true,"href":"https:\/\/skinstudio.ee\/lt\/wp-json\/wp\/v2\/giftcard-category?post=43390"}],"curies":[{"name":"wp","href":"https:\/\/api.w.org\/{rel}","templated":true}]}}