{"id":43417,"date":"2025-08-10T11:51:28","date_gmt":"2025-08-10T11:51:28","guid":{"rendered":"https:\/\/skinstudio.ee\/?post_type=product&#038;p=43417"},"modified":"2026-01-19T15:13:23","modified_gmt":"2026-01-19T15:13:23","slug":"amandola-milk-cleanser","status":"publish","type":"product","link":"https:\/\/skinstudio.ee\/lt\/catalog\/circadia\/amandola-milk-cleanser\/","title":{"rendered":"Amandola Milk Cleanser"},"content":{"rendered":"<p data-start=\"1259\" data-end=\"1664\">Amandola Milk Cleanser yra \u0161velnus valomasis pienelis su migdol\u0173 ekstraktu, specialiai sukurtas sausai, jautriai ir brand\u017eiai odai. Jis \u0161velniai pa\u0161alina ne\u0161varumus ir makia\u017e\u0105, tuo pa\u010diu maitindamas ir dr\u0117kindamas od\u0105. Sud\u0117tis praturtinta pieno baltymais, kurie padeda sumink\u0161tinti ir atkurti od\u0105, i\u0161laikant jos nat\u016bral\u0173 balans\u0105. Nesutrikdo odos apsauginio barjero ir po valymo suteikia komforto poj\u016bt\u012f.<\/p>\n<p data-start=\"1666\" data-end=\"1693\"><strong data-start=\"1666\" data-end=\"1676\">T\u016bris:<\/strong> 200 ml<\/p>\n","protected":false},"excerpt":{"rendered":"<p data-start=\"1918\" data-end=\"1951\">Maitinamasis valomasis pienelis<\/p>\n<h2 data-start=\"1953\" data-end=\"2218\"><strong data-start=\"1953\" data-end=\"1996\">Circadia Amandola Milk Cleanser savyb\u0117s<\/strong><\/h2>\n<p data-start=\"1953\" data-end=\"2218\">\u2714\ufe0f \u0160velniai pa\u0161alina ne\u0161varumus ir makia\u017e\u0105<br data-start=\"2041\" data-end=\"2044\" \/>\u2714\ufe0f Maitina ir dr\u0117kina od\u0105<br data-start=\"2069\" data-end=\"2072\" \/>\u2714\ufe0f I\u0161laiko odos apsauginio barjero vientisum\u0105<br data-start=\"2117\" data-end=\"2120\" \/>\u2714\ufe0f Tinka sausai, jautriai ir brand\u017eiai odai<br data-start=\"2163\" data-end=\"2166\" \/>\u2714\ufe0f Sud\u0117tyje yra pieno baltym\u0173 ir migdol\u0173 ekstrakto<\/p>\n","protected":false},"featured_media":43403,"template":"","meta":[],"pwb-brand":[801],"product_brand":[],"product_cat":[718],"product_tag":[],"giftcard-category":[],"class_list":{"0":"post-43417","1":"product","2":"type-product","3":"status-publish","4":"has-post-thumbnail","6":"pwb-brand-circadia","7":"product_cat-valymas","8":"pa_suurus-200ml-lt","9":"pa_suurus-60ml-lt","11":"first","12":"instock","13":"taxable","14":"shipping-taxable","15":"purchasable","16":"product-type-simple"},"acf":[],"brands":[{"id":801,"name":"Circadia","slug":"circadia"}],"_links":{"self":[{"href":"https:\/\/skinstudio.ee\/lt\/wp-json\/wp\/v2\/product\/43417","targetHints":{"allow":["GET"]}}],"collection":[{"href":"https:\/\/skinstudio.ee\/lt\/wp-json\/wp\/v2\/product"}],"about":[{"href":"https:\/\/skinstudio.ee\/lt\/wp-json\/wp\/v2\/types\/product"}],"version-history":[{"count":0,"href":"https:\/\/skinstudio.ee\/lt\/wp-json\/wp\/v2\/product\/43417\/revisions"}],"wp:featuredmedia":[{"embeddable":true,"href":"https:\/\/skinstudio.ee\/lt\/wp-json\/wp\/v2\/media\/43403"}],"wp:attachment":[{"href":"https:\/\/skinstudio.ee\/lt\/wp-json\/wp\/v2\/media?parent=43417"}],"wp:term":[{"taxonomy":"pwb-brand","embeddable":true,"href":"https:\/\/skinstudio.ee\/lt\/wp-json\/wp\/v2\/pwb-brand?post=43417"},{"taxonomy":"product_brand","embeddable":true,"href":"https:\/\/skinstudio.ee\/lt\/wp-json\/wp\/v2\/product_brand?post=43417"},{"taxonomy":"product_cat","embeddable":true,"href":"https:\/\/skinstudio.ee\/lt\/wp-json\/wp\/v2\/product_cat?post=43417"},{"taxonomy":"product_tag","embeddable":true,"href":"https:\/\/skinstudio.ee\/lt\/wp-json\/wp\/v2\/product_tag?post=43417"},{"taxonomy":"giftcard-category","embeddable":true,"href":"https:\/\/skinstudio.ee\/lt\/wp-json\/wp\/v2\/giftcard-category?post=43417"}],"curies":[{"name":"wp","href":"https:\/\/api.w.org\/{rel}","templated":true}]}}