{"id":43446,"date":"2025-08-11T09:15:31","date_gmt":"2025-08-11T09:15:31","guid":{"rendered":"https:\/\/skinstudio.ee\/?post_type=product&#038;p=43446"},"modified":"2026-01-19T15:13:24","modified_gmt":"2026-01-19T15:13:24","slug":"cleansing-gel-with-salicylic-acid","status":"publish","type":"product","link":"https:\/\/skinstudio.ee\/lt\/catalog\/circadia\/cleansing-gel-with-salicylic-acid\/","title":{"rendered":"Cleansing Gel with Salicylic Acid"},"content":{"rendered":"<p data-start=\"941\" data-end=\"1020\"><strong data-start=\"941\" data-end=\"978\">Cleansing Gel with Salicylic Acid<\/strong> \u2014 valomasis gelis su salicilo r\u016bg\u0161timi.<\/p>\n<p data-start=\"1022\" data-end=\"1285\">\u0160is gelis su salicilo r\u016bg\u0161timi sukuria lengvas aktyvias putas, kurios giliai valo, \u0161velniai eksfoliuoja, glotnina ir mink\u0161tina od\u0105. D\u0117l antiseptini\u0173 ir antimikrobini\u0173 savybi\u0173 puikiai tinka probleminei odai, linkusiai \u012f akn\u0119, u\u017edegiminius elementus ir komedonus.<\/p>\n<p data-start=\"1287\" data-end=\"1318\"><strong data-start=\"1287\" data-end=\"1297\">T\u016bris:<\/strong> <strong data-start=\"1298\" data-end=\"1316\">60 ml \/ 200 ml<\/strong><\/p>\n","protected":false},"excerpt":{"rendered":"<p data-start=\"1496\" data-end=\"1546\"><strong data-start=\"1496\" data-end=\"1544\">\u0160velnus valomasis gelis su salicilo r\u016bg\u0161timi<\/strong><\/p>\n<h2 data-start=\"1548\" data-end=\"1840\"><strong data-start=\"1548\" data-end=\"1602\">Circadia Cleansing Gel with Salicylic Acid savyb\u0117s<\/strong><\/h2>\n<p data-start=\"1548\" data-end=\"1840\" data-is-last-node=\"\" data-is-only-node=\"\">\u2714\ufe0f Giliai valo poras ir pa\u0161alina riebal\u0173 pertekli\u0173<br data-start=\"1655\" data-end=\"1658\" \/>\u2714\ufe0f Kovoja su b\u0117rimais ir padeda u\u017ekirsti keli\u0105 j\u0173 atsiradimui<br data-start=\"1719\" data-end=\"1722\" \/>\u2714\ufe0f \u0160velniai pa\u0161alina negyvas odos l\u0105steles<br data-start=\"1764\" data-end=\"1767\" \/>\u2714\ufe0f Gaivina ir i\u0161lygina odos atspalv\u012f<br data-start=\"1803\" data-end=\"1806\" \/>\u2714\ufe0f Tinka riebiai ir mi\u0161riai odai<\/p>\n","protected":false},"featured_media":43431,"template":"","meta":[],"pwb-brand":[801],"product_brand":[],"product_cat":[748,718],"product_tag":[],"giftcard-category":[],"class_list":{"0":"post-43446","1":"product","2":"type-product","3":"status-publish","4":"has-post-thumbnail","6":"pwb-brand-circadia","7":"product_cat-riebi-oda","8":"product_cat-valymas","9":"pa_suurus-200ml-lt","10":"pa_suurus-60ml-lt","12":"first","13":"instock","14":"taxable","15":"shipping-taxable","16":"purchasable","17":"product-type-variable"},"acf":[],"brands":[{"id":801,"name":"Circadia","slug":"circadia"}],"_links":{"self":[{"href":"https:\/\/skinstudio.ee\/lt\/wp-json\/wp\/v2\/product\/43446","targetHints":{"allow":["GET"]}}],"collection":[{"href":"https:\/\/skinstudio.ee\/lt\/wp-json\/wp\/v2\/product"}],"about":[{"href":"https:\/\/skinstudio.ee\/lt\/wp-json\/wp\/v2\/types\/product"}],"version-history":[{"count":0,"href":"https:\/\/skinstudio.ee\/lt\/wp-json\/wp\/v2\/product\/43446\/revisions"}],"wp:featuredmedia":[{"embeddable":true,"href":"https:\/\/skinstudio.ee\/lt\/wp-json\/wp\/v2\/media\/43431"}],"wp:attachment":[{"href":"https:\/\/skinstudio.ee\/lt\/wp-json\/wp\/v2\/media?parent=43446"}],"wp:term":[{"taxonomy":"pwb-brand","embeddable":true,"href":"https:\/\/skinstudio.ee\/lt\/wp-json\/wp\/v2\/pwb-brand?post=43446"},{"taxonomy":"product_brand","embeddable":true,"href":"https:\/\/skinstudio.ee\/lt\/wp-json\/wp\/v2\/product_brand?post=43446"},{"taxonomy":"product_cat","embeddable":true,"href":"https:\/\/skinstudio.ee\/lt\/wp-json\/wp\/v2\/product_cat?post=43446"},{"taxonomy":"product_tag","embeddable":true,"href":"https:\/\/skinstudio.ee\/lt\/wp-json\/wp\/v2\/product_tag?post=43446"},{"taxonomy":"giftcard-category","embeddable":true,"href":"https:\/\/skinstudio.ee\/lt\/wp-json\/wp\/v2\/giftcard-category?post=43446"}],"curies":[{"name":"wp","href":"https:\/\/api.w.org\/{rel}","templated":true}]}}