{"id":43466,"date":"2025-08-11T09:40:10","date_gmt":"2025-08-11T09:40:10","guid":{"rendered":"https:\/\/skinstudio.ee\/?post_type=product&#038;p=43466"},"modified":"2026-01-19T15:13:26","modified_gmt":"2026-01-19T15:13:26","slug":"vitamin-c-reversal-serum","status":"publish","type":"product","link":"https:\/\/skinstudio.ee\/lt\/catalog\/circadia\/vitamin-c-reversal-serum\/","title":{"rendered":"Vitamin C Reversal Serum"},"content":{"rendered":"<p data-start=\"1295\" data-end=\"2061\">Vitamin C Reversal Serum \u2013 universalus produktas, tinkantis visiems odos tipams ir bet kokiame am\u017eiuje, skirtas odai stangrinti, dr\u0117kinti ir neutralizuoti laisvuosius radikalus. Jo formul\u0117 dr\u0117kina ir stiprina odos apsaugin\u012f barjer\u0105, padeda l\u0105stel\u0117ms palaikyti optimal\u0173 dr\u0117gm\u0117s lyg\u012f ir l\u0117tina odos sen\u0117jim\u0105. D\u0117l 10 % vitamino C serumas efektyviai kovoja su neigiama aplinkos ir UV spinduli\u0173 \u012ftaka. Antioksidantas apsaugo odos strukt\u016bras nuo laisv\u0173j\u0173 radikal\u0173, skatina kolageno sintez\u0119, gerina audini\u0173 elastingum\u0105 ir lygina rauk\u0161les. Pro\u2013vitaminas B5 mink\u0161tina ir pagreitina pa\u017eeistos odos gijim\u0105. Produktas taip pat padeda suvienodinti odos atspalv\u012f, regeneruoja od\u0105, ma\u017eina u\u017edegim\u0105 ir sudirginim\u0105, reguliuoja pH lyg\u012f ir stiprina l\u0105steli\u0173 imunitet\u0105.<\/p>\n<p data-start=\"2063\" data-end=\"2081\"><strong data-start=\"2063\" data-end=\"2073\">T\u016bris:<\/strong> 15 ml<\/p>\n","protected":false},"excerpt":{"rendered":"<p data-start=\"2244\" data-end=\"2264\">Vitamino C serumas<\/p>\n<h2 data-start=\"2266\" data-end=\"2557\"><strong data-start=\"2266\" data-end=\"2311\">Circadia Vitamin C Reversal Serum savyb\u0117s<\/strong><\/h2>\n<p data-start=\"2266\" data-end=\"2557\" data-is-last-node=\"\" data-is-only-node=\"\">\u2714\ufe0f Dr\u0117kina ir stiprina odos apsaugin\u012f barjer\u0105<br data-start=\"2359\" data-end=\"2362\" \/>\u2714\ufe0f Neutralizuoja laisvuosius radikalus ir saugo nuo fotosen\u0117jimo<br data-start=\"2426\" data-end=\"2429\" \/>\u2714\ufe0f Lygina rauk\u0161les ir gerina odos tekst\u016br\u0105<br data-start=\"2471\" data-end=\"2474\" \/>\u2714\ufe0f Sulygina odos atspalv\u012f ir atkuria spindes\u012f<br data-start=\"2519\" data-end=\"2522\" \/>\u2714\ufe0f Ramina u\u017edegim\u0105 ir sudirginim\u0105<\/p>\n","protected":false},"featured_media":66319,"template":"","meta":[],"pwb-brand":[801],"product_brand":[],"product_cat":[752,750,724,730],"product_tag":[],"giftcard-category":[],"class_list":{"0":"post-43466","1":"product","2":"type-product","3":"status-publish","4":"has-post-thumbnail","6":"pwb-brand-circadia","7":"product_cat-pigmentacija-lt","8":"product_cat-senstanti-oda","9":"product_cat-serumai","10":"product_cat-vitaminas-c","12":"first","13":"instock","14":"taxable","15":"shipping-taxable","16":"purchasable","17":"product-type-simple"},"acf":[],"brands":[{"id":801,"name":"Circadia","slug":"circadia"}],"_links":{"self":[{"href":"https:\/\/skinstudio.ee\/lt\/wp-json\/wp\/v2\/product\/43466","targetHints":{"allow":["GET"]}}],"collection":[{"href":"https:\/\/skinstudio.ee\/lt\/wp-json\/wp\/v2\/product"}],"about":[{"href":"https:\/\/skinstudio.ee\/lt\/wp-json\/wp\/v2\/types\/product"}],"version-history":[{"count":0,"href":"https:\/\/skinstudio.ee\/lt\/wp-json\/wp\/v2\/product\/43466\/revisions"}],"wp:featuredmedia":[{"embeddable":true,"href":"https:\/\/skinstudio.ee\/lt\/wp-json\/wp\/v2\/media\/66319"}],"wp:attachment":[{"href":"https:\/\/skinstudio.ee\/lt\/wp-json\/wp\/v2\/media?parent=43466"}],"wp:term":[{"taxonomy":"pwb-brand","embeddable":true,"href":"https:\/\/skinstudio.ee\/lt\/wp-json\/wp\/v2\/pwb-brand?post=43466"},{"taxonomy":"product_brand","embeddable":true,"href":"https:\/\/skinstudio.ee\/lt\/wp-json\/wp\/v2\/product_brand?post=43466"},{"taxonomy":"product_cat","embeddable":true,"href":"https:\/\/skinstudio.ee\/lt\/wp-json\/wp\/v2\/product_cat?post=43466"},{"taxonomy":"product_tag","embeddable":true,"href":"https:\/\/skinstudio.ee\/lt\/wp-json\/wp\/v2\/product_tag?post=43466"},{"taxonomy":"giftcard-category","embeddable":true,"href":"https:\/\/skinstudio.ee\/lt\/wp-json\/wp\/v2\/giftcard-category?post=43466"}],"curies":[{"name":"wp","href":"https:\/\/api.w.org\/{rel}","templated":true}]}}