{"id":43493,"date":"2025-08-11T09:59:17","date_gmt":"2025-08-11T09:59:17","guid":{"rendered":"https:\/\/skinstudio.ee\/?post_type=product&#038;p=43493"},"modified":"2026-01-19T15:13:24","modified_gmt":"2026-01-19T15:13:24","slug":"circa-shield-mineral-sunscreen-spf","status":"publish","type":"product","link":"https:\/\/skinstudio.ee\/lt\/catalog\/circadia\/circa-shield-mineral-sunscreen-spf\/","title":{"rendered":"Circa-Shield &#8211; Mineral Sunscreen SPF"},"content":{"rendered":"<p data-start=\"961\" data-end=\"1164\"><strong data-start=\"961\" data-end=\"977\">Circa-Shield<\/strong> yra mineralinis kremas nuo saul\u0117s, kuriame yra fizini\u0173 filtr\u0173 ir galing\u0173 apsaugini\u0173 komponent\u0173, sudaran\u010di\u0173 skyd\u0105 nuo ultravioletini\u0173 spinduli\u0173, aplinkos poveikio ir oksidacinio streso.<\/p>\n<p data-start=\"1166\" data-end=\"1404\">\u0160is unikalus kremas idealiai apsaugo od\u0105 vis\u0105 dien\u0105, nes jo novatori\u0161ka formul\u0117 sukuria apsaug\u0105 nuo kenksming\u0173 aplinkos veiksni\u0173. Produktas suteikia stipri\u0105 apsaug\u0105 nuo oksidacinio streso ir padeda i\u0161vengti laisv\u0173j\u0173 radikal\u0173 susidarymo.<\/p>\n<p data-start=\"1406\" data-end=\"1433\"><strong data-start=\"1406\" data-end=\"1416\">T\u016bris:<\/strong> 59 ml \/ 236 ml<\/p>\n","protected":false},"excerpt":{"rendered":"<p data-start=\"1540\" data-end=\"1578\">Mineralinis kremas nuo saul\u0117s su SPF<\/p>\n<h2 data-start=\"1580\" data-end=\"1873\"><strong data-start=\"1580\" data-end=\"1637\">Circadia Circa-Shield &#8211; Mineral Sunscreen SPF savyb\u0117s<\/strong><\/h2>\n<p data-start=\"1580\" data-end=\"1873\" data-is-last-node=\"\" data-is-only-node=\"\">\u2714\ufe0f Suteikia plataus spektro UVA\/UVB apsaug\u0105<br data-start=\"1683\" data-end=\"1686\" \/>\u2714\ufe0f Padeda i\u0161vengti fotosen\u0117jimo ir odos pa\u017eeidim\u0173<br data-start=\"1735\" data-end=\"1738\" \/>\u2714\ufe0f Sud\u0117tyje yra mineralini\u0173 filtr\u0173 saugiai apsaugai<br data-start=\"1789\" data-end=\"1792\" \/>\u2714\ufe0f Ramina ir dr\u0117kina od\u0105<br data-start=\"1816\" data-end=\"1819\" \/>\u2714\ufe0f Tinka kasdieniam naudojimui, net ir jautriai odai<\/p>\n","protected":false},"featured_media":66314,"template":"","meta":[],"pwb-brand":[801],"product_brand":[],"product_cat":[738,732],"product_tag":[],"giftcard-category":[],"class_list":{"0":"post-43493","1":"product","2":"type-product","3":"status-publish","4":"has-post-thumbnail","6":"pwb-brand-circadia","7":"product_cat-drekinimas","8":"product_cat-spf-apsauga","9":"pa_suurus-236ml-lt","10":"pa_suurus-59ml-lt","12":"first","13":"instock","14":"sale","15":"taxable","16":"shipping-taxable","17":"purchasable","18":"product-type-variable"},"acf":[],"brands":[{"id":801,"name":"Circadia","slug":"circadia"}],"_links":{"self":[{"href":"https:\/\/skinstudio.ee\/lt\/wp-json\/wp\/v2\/product\/43493","targetHints":{"allow":["GET"]}}],"collection":[{"href":"https:\/\/skinstudio.ee\/lt\/wp-json\/wp\/v2\/product"}],"about":[{"href":"https:\/\/skinstudio.ee\/lt\/wp-json\/wp\/v2\/types\/product"}],"version-history":[{"count":0,"href":"https:\/\/skinstudio.ee\/lt\/wp-json\/wp\/v2\/product\/43493\/revisions"}],"wp:featuredmedia":[{"embeddable":true,"href":"https:\/\/skinstudio.ee\/lt\/wp-json\/wp\/v2\/media\/66314"}],"wp:attachment":[{"href":"https:\/\/skinstudio.ee\/lt\/wp-json\/wp\/v2\/media?parent=43493"}],"wp:term":[{"taxonomy":"pwb-brand","embeddable":true,"href":"https:\/\/skinstudio.ee\/lt\/wp-json\/wp\/v2\/pwb-brand?post=43493"},{"taxonomy":"product_brand","embeddable":true,"href":"https:\/\/skinstudio.ee\/lt\/wp-json\/wp\/v2\/product_brand?post=43493"},{"taxonomy":"product_cat","embeddable":true,"href":"https:\/\/skinstudio.ee\/lt\/wp-json\/wp\/v2\/product_cat?post=43493"},{"taxonomy":"product_tag","embeddable":true,"href":"https:\/\/skinstudio.ee\/lt\/wp-json\/wp\/v2\/product_tag?post=43493"},{"taxonomy":"giftcard-category","embeddable":true,"href":"https:\/\/skinstudio.ee\/lt\/wp-json\/wp\/v2\/giftcard-category?post=43493"}],"curies":[{"name":"wp","href":"https:\/\/api.w.org\/{rel}","templated":true}]}}