{"id":43515,"date":"2025-08-11T10:17:22","date_gmt":"2025-08-11T10:17:22","guid":{"rendered":"https:\/\/skinstudio.ee\/?post_type=product&#038;p=43515"},"modified":"2026-01-19T15:13:24","modified_gmt":"2026-01-19T15:13:24","slug":"light-day-sunscreen-broad-spectrum-spf-37","status":"publish","type":"product","link":"https:\/\/skinstudio.ee\/lt\/catalog\/circadia\/light-day-sunscreen-broad-spectrum-spf-37\/","title":{"rendered":"Light Day Sunscreen Broad Spectrum SPF-37"},"content":{"rendered":"<p data-start=\"1413\" data-end=\"1944\"><strong data-start=\"1413\" data-end=\"1458\">Light Day Sunscreen Broad Spectrum SPF-37<\/strong> \u2013 lengvos tekst\u016bros kremas su vynuogi\u0173 kamienini\u0173 l\u0105steli\u0173 kult\u016bros ekstraktu, kuris sustiprina fotoprotekcij\u0105 ir l\u0117tina l\u0105steli\u0173 sen\u0117jim\u0105. Jis greitai \u012fsigeria \u012f od\u0105 ir skirtas kasdieniam naudojimui. Circadia sud\u0117tyje yra gro\u017eio industrijoje apdovanotas fotostabilizatorius Solastay\u00ae S1, padedantis suma\u017einti odos jautrum\u0105, kur\u012f sukelia saul\u0117s apsaugos priemon\u0117s. Inovatyv\u016bs antioksidantai Lipochroman-6\u2122 ir Preventhelia\u2122 apsaugo DNR ir baltymus nuo UV spinduliuot\u0117s sukeltos \u017ealos.<\/p>\n<p data-start=\"1946\" data-end=\"2177\">\u0160is dieninis kremas nuo saul\u0117s specialiai sukurtas optimaliam odos apsaugojimui nuo UV spinduli\u0173 ir neigiamo aplinkos poveikio. Sud\u0117tyje yra antioksidant\u0173, dr\u0117kinan\u010di\u0173 ir raminan\u010di\u0173 komponent\u0173, padedan\u010di\u0173 i\u0161laikyti odos komfort\u0105.<\/p>\n<p data-start=\"2179\" data-end=\"2197\"><strong data-start=\"2179\" data-end=\"2189\">T\u016bris:<\/strong> 59 ml<\/p>\n","protected":false},"excerpt":{"rendered":"<p data-start=\"2383\" data-end=\"2433\">Lengvas dieninis kremas nuo saul\u0117s su SPF 37<\/p>\n<h2 data-start=\"2435\" data-end=\"2750\"><strong data-start=\"2435\" data-end=\"2497\">Circadia Light Day Sunscreen Broad Spectrum SPF-37 savyb\u0117s<\/strong><\/h2>\n<p data-start=\"2435\" data-end=\"2750\" data-is-last-node=\"\" data-is-only-node=\"\">\u2714\ufe0f Suteikia plataus spektro UVA\/UVB apsaug\u0105<br data-start=\"2543\" data-end=\"2546\" \/>\u2714\ufe0f Lengva tekst\u016bra greitai \u012fsigeria ir nepalieka riebumo<br data-start=\"2602\" data-end=\"2605\" \/>\u2714\ufe0f Padeda i\u0161vengti fotosen\u0117jimo ir pigmentacijos<br data-start=\"2653\" data-end=\"2656\" \/>\u2714\ufe0f Dr\u0117kina ir palaiko odos elastingum\u0105<br data-start=\"2694\" data-end=\"2697\" \/>\u2714\ufe0f Tinka kasdieniam naudojimui, taip pat po makia\u017eu<\/p>\n","protected":false},"featured_media":66309,"template":"","meta":[],"pwb-brand":[801],"product_brand":[],"product_cat":[771,732,748],"product_tag":[],"giftcard-category":[],"class_list":{"0":"post-43515","1":"product","2":"type-product","3":"status-publish","4":"has-post-thumbnail","6":"pwb-brand-circadia","7":"product_cat-makiazas","8":"product_cat-spf-apsauga","9":"product_cat-taukainai-adai-lt","11":"first","12":"instock","13":"taxable","14":"shipping-taxable","15":"purchasable","16":"product-type-simple"},"acf":[],"brands":[{"id":801,"name":"Circadia","slug":"circadia"}],"_links":{"self":[{"href":"https:\/\/skinstudio.ee\/lt\/wp-json\/wp\/v2\/product\/43515","targetHints":{"allow":["GET"]}}],"collection":[{"href":"https:\/\/skinstudio.ee\/lt\/wp-json\/wp\/v2\/product"}],"about":[{"href":"https:\/\/skinstudio.ee\/lt\/wp-json\/wp\/v2\/types\/product"}],"version-history":[{"count":0,"href":"https:\/\/skinstudio.ee\/lt\/wp-json\/wp\/v2\/product\/43515\/revisions"}],"wp:featuredmedia":[{"embeddable":true,"href":"https:\/\/skinstudio.ee\/lt\/wp-json\/wp\/v2\/media\/66309"}],"wp:attachment":[{"href":"https:\/\/skinstudio.ee\/lt\/wp-json\/wp\/v2\/media?parent=43515"}],"wp:term":[{"taxonomy":"pwb-brand","embeddable":true,"href":"https:\/\/skinstudio.ee\/lt\/wp-json\/wp\/v2\/pwb-brand?post=43515"},{"taxonomy":"product_brand","embeddable":true,"href":"https:\/\/skinstudio.ee\/lt\/wp-json\/wp\/v2\/product_brand?post=43515"},{"taxonomy":"product_cat","embeddable":true,"href":"https:\/\/skinstudio.ee\/lt\/wp-json\/wp\/v2\/product_cat?post=43515"},{"taxonomy":"product_tag","embeddable":true,"href":"https:\/\/skinstudio.ee\/lt\/wp-json\/wp\/v2\/product_tag?post=43515"},{"taxonomy":"giftcard-category","embeddable":true,"href":"https:\/\/skinstudio.ee\/lt\/wp-json\/wp\/v2\/giftcard-category?post=43515"}],"curies":[{"name":"wp","href":"https:\/\/api.w.org\/{rel}","templated":true}]}}