{"id":43533,"date":"2025-08-11T10:41:00","date_gmt":"2025-08-11T10:41:00","guid":{"rendered":"https:\/\/skinstudio.ee\/?post_type=product&#038;p=43533"},"modified":"2026-01-19T15:13:25","modified_gmt":"2026-01-19T15:13:25","slug":"night-time-repair","status":"publish","type":"product","link":"https:\/\/skinstudio.ee\/lt\/catalog\/circadia\/night-time-repair\/","title":{"rendered":"Night Time Repair"},"content":{"rendered":"<p data-start=\"889\" data-end=\"958\"><strong data-start=\"889\" data-end=\"910\">Night Time Repair<\/strong> yra naktinis kremas-losjonas odos atstatymui.<\/p>\n<p data-start=\"960\" data-end=\"1322\">Galinga Night Time Repair formul\u0117 turi inovatyvi\u0173 peptid\u0173 technologij\u0173, antioksidant\u0173 ir stabilios vitamino C formos. Atstatomasis kremas su 0,3% retinolio koreguoja ankstyvus odos sen\u0117jimo po\u017eymius, pa\u0161alina sausum\u0105 ir hiperkeratoz\u0119, l\u0117tina glikacijos proces\u0105, i\u0161lygina rauk\u0161les ir pagerina odos stangrum\u0105. Kremas taip pat naudojamas akn\u0117s ir poakn\u0117s gydymui.<\/p>\n<p data-start=\"1324\" data-end=\"1342\"><strong data-start=\"1324\" data-end=\"1334\">T\u016bris:<\/strong> 59 ml<\/p>\n","protected":false},"excerpt":{"rendered":"<p data-start=\"1482\" data-end=\"1512\">Atkuriamasis naktinis kremas<\/p>\n<h2 data-start=\"1514\" data-end=\"1772\"><strong data-start=\"1514\" data-end=\"1552\">Circadia Night Time Repair savyb\u0117s<\/strong><\/h2>\n<p data-start=\"1514\" data-end=\"1772\" data-is-last-node=\"\" data-is-only-node=\"\">\u2714\ufe0f Koreguoja ankstyvus sen\u0117jimo po\u017eymius<br data-start=\"1595\" data-end=\"1598\" \/>\u2714\ufe0f Pa\u0161alina sausum\u0105 ir hiperkeratoz\u0119<br data-start=\"1634\" data-end=\"1637\" \/>\u2714\ufe0f I\u0161lygina rauk\u0161les ir pagerina odos stangrum\u0105<br data-start=\"1684\" data-end=\"1687\" \/>\u2714\ufe0f Padeda i\u0161vengti glikacijos ir saugo l\u0105steles<br data-start=\"1734\" data-end=\"1737\" \/>\u2714\ufe0f Tinka akn\u0117s ir poakn\u0117s gydymui<\/p>\n","protected":false},"featured_media":66304,"template":"","meta":[],"pwb-brand":[801],"product_brand":[],"product_cat":[728],"product_tag":[],"giftcard-category":[],"class_list":{"0":"post-43533","1":"product","2":"type-product","3":"status-publish","4":"has-post-thumbnail","6":"pwb-brand-circadia","7":"product_cat-vitaminas-a-retinolis","9":"first","10":"instock","11":"taxable","12":"shipping-taxable","13":"purchasable","14":"product-type-simple"},"acf":[],"brands":[{"id":801,"name":"Circadia","slug":"circadia"}],"_links":{"self":[{"href":"https:\/\/skinstudio.ee\/lt\/wp-json\/wp\/v2\/product\/43533","targetHints":{"allow":["GET"]}}],"collection":[{"href":"https:\/\/skinstudio.ee\/lt\/wp-json\/wp\/v2\/product"}],"about":[{"href":"https:\/\/skinstudio.ee\/lt\/wp-json\/wp\/v2\/types\/product"}],"version-history":[{"count":0,"href":"https:\/\/skinstudio.ee\/lt\/wp-json\/wp\/v2\/product\/43533\/revisions"}],"wp:featuredmedia":[{"embeddable":true,"href":"https:\/\/skinstudio.ee\/lt\/wp-json\/wp\/v2\/media\/66304"}],"wp:attachment":[{"href":"https:\/\/skinstudio.ee\/lt\/wp-json\/wp\/v2\/media?parent=43533"}],"wp:term":[{"taxonomy":"pwb-brand","embeddable":true,"href":"https:\/\/skinstudio.ee\/lt\/wp-json\/wp\/v2\/pwb-brand?post=43533"},{"taxonomy":"product_brand","embeddable":true,"href":"https:\/\/skinstudio.ee\/lt\/wp-json\/wp\/v2\/product_brand?post=43533"},{"taxonomy":"product_cat","embeddable":true,"href":"https:\/\/skinstudio.ee\/lt\/wp-json\/wp\/v2\/product_cat?post=43533"},{"taxonomy":"product_tag","embeddable":true,"href":"https:\/\/skinstudio.ee\/lt\/wp-json\/wp\/v2\/product_tag?post=43533"},{"taxonomy":"giftcard-category","embeddable":true,"href":"https:\/\/skinstudio.ee\/lt\/wp-json\/wp\/v2\/giftcard-category?post=43533"}],"curies":[{"name":"wp","href":"https:\/\/api.w.org\/{rel}","templated":true}]}}