{"id":43551,"date":"2025-08-11T11:09:42","date_gmt":"2025-08-11T11:09:42","guid":{"rendered":"https:\/\/skinstudio.ee\/?post_type=product&#038;p=43551"},"modified":"2026-01-19T15:13:25","modified_gmt":"2026-01-19T15:13:25","slug":"night-time-repair-plus","status":"publish","type":"product","link":"https:\/\/skinstudio.ee\/lt\/catalog\/circadia\/night-time-repair-plus\/","title":{"rendered":"Night Time Repair Plus"},"content":{"rendered":"<p data-start=\"1283\" data-end=\"1729\"><strong data-start=\"1283\" data-end=\"1309\">Night Time Repair Plus<\/strong> yra patobulinta Circadia naktinio atkuriamojo kremo-losjono versija, sukurta intensyviai koreguoti su am\u017eiumi susijusius poky\u010dius. Formul\u0117 su padidinta retinolio koncentracija (0,5%) veiksmingai stimuliuoja l\u0105steli\u0173 atsinaujinim\u0105, pagreitina audini\u0173 regeneracij\u0105 ir pagerina mikrocirkuliacij\u0105. Kremas pastebimai i\u0161lygina rauk\u0161les, pagerina odos stangrum\u0105 ir elastingum\u0105 bei tolygiai i\u0161lygina jos tekst\u016br\u0105 ir atspalv\u012f.<\/p>\n<p data-start=\"1731\" data-end=\"1976\">Peptid\u0173 ir antioksidant\u0173 kompleksas apsaugo l\u0105steles nuo laisv\u0173j\u0173 radikal\u0173, l\u0117tina glikacijos proces\u0105 ir neleid\u017eia irti kolagenui. Produktas pa\u0161alina sausum\u0105, maitina od\u0105 ir atstato jos apsaugin\u012f barjer\u0105, palikdamas komforto ir gaivumo poj\u016bt\u012f.<\/p>\n<p data-start=\"1978\" data-end=\"1996\"><strong data-start=\"1978\" data-end=\"1988\">T\u016bris:<\/strong> 59 ml<\/p>\n","protected":false},"excerpt":{"rendered":"<p data-start=\"2162\" data-end=\"2209\">Atkuriamasis naktinis kremas su retinoliu<\/p>\n<h2 data-start=\"2211\" data-end=\"2541\"><strong data-start=\"2211\" data-end=\"2254\">Circadia Night Time Repair Plus savyb\u0117s<\/strong><\/h2>\n<p data-start=\"2211\" data-end=\"2541\" data-is-last-node=\"\" data-is-only-node=\"\">\u2714\ufe0f Intensyviai koreguoja su am\u017eiumi susijusius odos poky\u010dius<br data-start=\"2317\" data-end=\"2320\" \/>\u2714\ufe0f I\u0161lygina rauk\u0161les ir gerina elastingum\u0105<br data-start=\"2362\" data-end=\"2365\" \/>\u2714\ufe0f Pa\u0161alina sausum\u0105 ir i\u0161lygina odos tekst\u016br\u0105<br data-start=\"2410\" data-end=\"2413\" \/>\u2714\ufe0f Skatina l\u0105steli\u0173 regeneracij\u0105 ir l\u0117tina glikacij\u0105<br data-start=\"2465\" data-end=\"2468\" \/>\u2714\ufe0f Sud\u0117tyje yra padidinta retinolio koncentracija stipresniam poveikiui<\/p>\n","protected":false},"featured_media":66299,"template":"","meta":[],"pwb-brand":[801],"product_brand":[],"product_cat":[728],"product_tag":[],"giftcard-category":[],"class_list":{"0":"post-43551","1":"product","2":"type-product","3":"status-publish","4":"has-post-thumbnail","6":"pwb-brand-circadia","7":"product_cat-vitaminas-a-retinolis","9":"first","10":"instock","11":"taxable","12":"shipping-taxable","13":"purchasable","14":"product-type-simple"},"acf":[],"brands":[{"id":801,"name":"Circadia","slug":"circadia"}],"_links":{"self":[{"href":"https:\/\/skinstudio.ee\/lt\/wp-json\/wp\/v2\/product\/43551","targetHints":{"allow":["GET"]}}],"collection":[{"href":"https:\/\/skinstudio.ee\/lt\/wp-json\/wp\/v2\/product"}],"about":[{"href":"https:\/\/skinstudio.ee\/lt\/wp-json\/wp\/v2\/types\/product"}],"version-history":[{"count":0,"href":"https:\/\/skinstudio.ee\/lt\/wp-json\/wp\/v2\/product\/43551\/revisions"}],"wp:featuredmedia":[{"embeddable":true,"href":"https:\/\/skinstudio.ee\/lt\/wp-json\/wp\/v2\/media\/66299"}],"wp:attachment":[{"href":"https:\/\/skinstudio.ee\/lt\/wp-json\/wp\/v2\/media?parent=43551"}],"wp:term":[{"taxonomy":"pwb-brand","embeddable":true,"href":"https:\/\/skinstudio.ee\/lt\/wp-json\/wp\/v2\/pwb-brand?post=43551"},{"taxonomy":"product_brand","embeddable":true,"href":"https:\/\/skinstudio.ee\/lt\/wp-json\/wp\/v2\/product_brand?post=43551"},{"taxonomy":"product_cat","embeddable":true,"href":"https:\/\/skinstudio.ee\/lt\/wp-json\/wp\/v2\/product_cat?post=43551"},{"taxonomy":"product_tag","embeddable":true,"href":"https:\/\/skinstudio.ee\/lt\/wp-json\/wp\/v2\/product_tag?post=43551"},{"taxonomy":"giftcard-category","embeddable":true,"href":"https:\/\/skinstudio.ee\/lt\/wp-json\/wp\/v2\/giftcard-category?post=43551"}],"curies":[{"name":"wp","href":"https:\/\/api.w.org\/{rel}","templated":true}]}}