{"id":43570,"date":"2025-08-11T11:22:13","date_gmt":"2025-08-11T11:22:13","guid":{"rendered":"https:\/\/skinstudio.ee\/?post_type=product&#038;p=43570"},"modified":"2026-01-19T15:13:26","modified_gmt":"2026-01-19T15:13:26","slug":"vitamin-a-boosting-cream","status":"publish","type":"product","link":"https:\/\/skinstudio.ee\/lt\/catalog\/circadia\/vitamin-a-boosting-cream\/","title":{"rendered":"Vitamin A Boosting Cream"},"content":{"rendered":"<p data-start=\"939\" data-end=\"1024\">Vitamin A Boosting Cream \u2014 atjauninantis veido kremas su A vitaminu.<\/p>\n<p data-start=\"1026\" data-end=\"1337\">Atjauninantis naktinis kremas su A vitamino (Retinyl Acetate 1%) ir E vitamino deriniu, skirtas veiksmingai kovai su \u012fvairiais odos sen\u0117jimo po\u017eymiais: su am\u017eiumi susij\u0119 poky\u010diai, dehidratacija, UV spinduli\u0173 ir laisv\u0173j\u0173 radikal\u0173 padaryta \u017eala. Padeda suma\u017einti esam\u0173 rauk\u0161li\u0173 matomum\u0105 ir pagerina odos kokyb\u0119.<\/p>\n<p data-start=\"1339\" data-end=\"1357\"><strong data-start=\"1339\" data-end=\"1349\">T\u016bris:<\/strong> 50 ml<\/p>\n","protected":false},"excerpt":{"rendered":"<p data-start=\"1453\" data-end=\"1501\">Atstatomasis naktinis kremas su A vitaminu<\/p>\n<h2 data-start=\"1503\" data-end=\"1787\"><strong data-start=\"1503\" data-end=\"1548\">Circadia Vitamin A Boosting Cream savyb\u0117s<\/strong><\/h2>\n<p data-start=\"1503\" data-end=\"1787\">\u2714\ufe0f Skatina l\u0105steli\u0173 atsinaujinim\u0105 ir spartina regeneracij\u0105<br data-start=\"1609\" data-end=\"1612\" \/>\u2714\ufe0f Lygina rauk\u0161les ir gerina odos tekst\u016br\u0105<br data-start=\"1654\" data-end=\"1657\" \/>\u2714\ufe0f Sulygina atspalv\u012f ir didina stangrum\u0105<br data-start=\"1697\" data-end=\"1700\" \/>\u2714\ufe0f Stiprina apsaugin\u012f barjer\u0105 ir i\u0161laiko dr\u0117gm\u0119<br data-start=\"1747\" data-end=\"1750\" \/>\u2714\ufe0f Tinka odai su sen\u0117jimo po\u017eymiais<\/p>\n","protected":false},"featured_media":43559,"template":"","meta":[],"pwb-brand":[801],"product_brand":[],"product_cat":[728],"product_tag":[],"giftcard-category":[],"class_list":{"0":"post-43570","1":"product","2":"type-product","3":"status-publish","4":"has-post-thumbnail","6":"pwb-brand-circadia","7":"product_cat-vitaminas-a-retinolis","9":"first","10":"instock","11":"taxable","12":"shipping-taxable","13":"purchasable","14":"product-type-simple"},"acf":[],"brands":[{"id":801,"name":"Circadia","slug":"circadia"}],"_links":{"self":[{"href":"https:\/\/skinstudio.ee\/lt\/wp-json\/wp\/v2\/product\/43570","targetHints":{"allow":["GET"]}}],"collection":[{"href":"https:\/\/skinstudio.ee\/lt\/wp-json\/wp\/v2\/product"}],"about":[{"href":"https:\/\/skinstudio.ee\/lt\/wp-json\/wp\/v2\/types\/product"}],"version-history":[{"count":0,"href":"https:\/\/skinstudio.ee\/lt\/wp-json\/wp\/v2\/product\/43570\/revisions"}],"wp:featuredmedia":[{"embeddable":true,"href":"https:\/\/skinstudio.ee\/lt\/wp-json\/wp\/v2\/media\/43559"}],"wp:attachment":[{"href":"https:\/\/skinstudio.ee\/lt\/wp-json\/wp\/v2\/media?parent=43570"}],"wp:term":[{"taxonomy":"pwb-brand","embeddable":true,"href":"https:\/\/skinstudio.ee\/lt\/wp-json\/wp\/v2\/pwb-brand?post=43570"},{"taxonomy":"product_brand","embeddable":true,"href":"https:\/\/skinstudio.ee\/lt\/wp-json\/wp\/v2\/product_brand?post=43570"},{"taxonomy":"product_cat","embeddable":true,"href":"https:\/\/skinstudio.ee\/lt\/wp-json\/wp\/v2\/product_cat?post=43570"},{"taxonomy":"product_tag","embeddable":true,"href":"https:\/\/skinstudio.ee\/lt\/wp-json\/wp\/v2\/product_tag?post=43570"},{"taxonomy":"giftcard-category","embeddable":true,"href":"https:\/\/skinstudio.ee\/lt\/wp-json\/wp\/v2\/giftcard-category?post=43570"}],"curies":[{"name":"wp","href":"https:\/\/api.w.org\/{rel}","templated":true}]}}