{"id":43589,"date":"2025-08-11T11:54:46","date_gmt":"2025-08-11T11:54:46","guid":{"rendered":"https:\/\/skinstudio.ee\/?post_type=product&#038;p=43589"},"modified":"2026-01-19T15:13:26","modified_gmt":"2026-01-19T15:13:26","slug":"vitamin-a-gel","status":"publish","type":"product","link":"https:\/\/skinstudio.ee\/lt\/catalog\/circadia\/vitamin-a-gel\/","title":{"rendered":"Vitamin A Gel"},"content":{"rendered":"<p data-start=\"1546\" data-end=\"1591\">Vitamin A Gel \u2014 gelis odai su 1% retinoliu.<\/p>\n<p data-start=\"1593\" data-end=\"2023\">Koncentruotas gelis su retinoliu suteikia ry\u0161k\u0173 poveik\u012f kovojant su sen\u0117jimo po\u017eymiais, suma\u017eindamas rauk\u0161li\u0173 ir smulki\u0173 linij\u0173 matomum\u0105. Gerina odos reljef\u0105 ir atspalv\u012f, skatina odos atsinaujinim\u0105. Retinolis \u2014 gerai i\u0161tirtas, daugiafunkcis ingredientas. Veikia keliais b\u016bdais, taip pat gerina odos b\u016bkl\u0119 esant pigmentacijai ar po akn\u0117s, teigiamai veikia od\u0105 su spuogais. Padeda i\u0161valyti poras ir reguliuoti riebal\u0173 i\u0161siskyrim\u0105.<\/p>\n<p data-start=\"2025\" data-end=\"2043\"><strong data-start=\"2025\" data-end=\"2035\">T\u016bris:<\/strong> 29 ml<\/p>\n","protected":false},"excerpt":{"rendered":"<p data-start=\"2794\" data-end=\"2828\">Atkuriamasis gelis su vitaminu A<\/p>\n<h2 data-start=\"2830\" data-end=\"3099\"><strong data-start=\"2830\" data-end=\"2864\">Circadia Vitamin A Gel savyb\u0117s<\/strong><\/h2>\n<p data-start=\"2830\" data-end=\"3099\" data-is-last-node=\"\" data-is-only-node=\"\">\u2714\ufe0f Skatina l\u0105steli\u0173 atsinaujinim\u0105 ir spartina regeneracij\u0105<br data-start=\"2925\" data-end=\"2928\" \/>\u2714\ufe0f Lygina rauk\u0161les ir gerina odos tekst\u016br\u0105<br data-start=\"2970\" data-end=\"2973\" \/>\u2714\ufe0f Sulygina atspalv\u012f ir pagerina elastingum\u0105<br data-start=\"3017\" data-end=\"3020\" \/>\u2714\ufe0f Palaiko odos elastingum\u0105 ir sveikat\u0105<br data-start=\"3059\" data-end=\"3062\" \/>\u2714\ufe0f Tinka odai su sen\u0117jimo po\u017eymiais<\/p>\n","protected":false},"featured_media":66294,"template":"","meta":[],"pwb-brand":[801],"product_brand":[],"product_cat":[728],"product_tag":[],"giftcard-category":[],"class_list":{"0":"post-43589","1":"product","2":"type-product","3":"status-publish","4":"has-post-thumbnail","6":"pwb-brand-circadia","7":"product_cat-vitaminas-a-retinolis","9":"first","10":"instock","11":"taxable","12":"shipping-taxable","13":"purchasable","14":"product-type-simple"},"acf":[],"brands":[{"id":801,"name":"Circadia","slug":"circadia"}],"_links":{"self":[{"href":"https:\/\/skinstudio.ee\/lt\/wp-json\/wp\/v2\/product\/43589","targetHints":{"allow":["GET"]}}],"collection":[{"href":"https:\/\/skinstudio.ee\/lt\/wp-json\/wp\/v2\/product"}],"about":[{"href":"https:\/\/skinstudio.ee\/lt\/wp-json\/wp\/v2\/types\/product"}],"version-history":[{"count":0,"href":"https:\/\/skinstudio.ee\/lt\/wp-json\/wp\/v2\/product\/43589\/revisions"}],"wp:featuredmedia":[{"embeddable":true,"href":"https:\/\/skinstudio.ee\/lt\/wp-json\/wp\/v2\/media\/66294"}],"wp:attachment":[{"href":"https:\/\/skinstudio.ee\/lt\/wp-json\/wp\/v2\/media?parent=43589"}],"wp:term":[{"taxonomy":"pwb-brand","embeddable":true,"href":"https:\/\/skinstudio.ee\/lt\/wp-json\/wp\/v2\/pwb-brand?post=43589"},{"taxonomy":"product_brand","embeddable":true,"href":"https:\/\/skinstudio.ee\/lt\/wp-json\/wp\/v2\/product_brand?post=43589"},{"taxonomy":"product_cat","embeddable":true,"href":"https:\/\/skinstudio.ee\/lt\/wp-json\/wp\/v2\/product_cat?post=43589"},{"taxonomy":"product_tag","embeddable":true,"href":"https:\/\/skinstudio.ee\/lt\/wp-json\/wp\/v2\/product_tag?post=43589"},{"taxonomy":"giftcard-category","embeddable":true,"href":"https:\/\/skinstudio.ee\/lt\/wp-json\/wp\/v2\/giftcard-category?post=43589"}],"curies":[{"name":"wp","href":"https:\/\/api.w.org\/{rel}","templated":true}]}}