{"id":43606,"date":"2025-08-11T12:06:14","date_gmt":"2025-08-11T12:06:14","guid":{"rendered":"https:\/\/skinstudio.ee\/?post_type=product&#038;p=43606"},"modified":"2026-01-19T15:13:24","modified_gmt":"2026-01-19T15:13:24","slug":"meristem-serum","status":"publish","type":"product","link":"https:\/\/skinstudio.ee\/lt\/catalog\/circadia\/meristem-serum\/","title":{"rendered":"MeriStem Serum"},"content":{"rendered":"<p data-start=\"944\" data-end=\"1460\"><strong data-start=\"944\" data-end=\"970\">MeriStem veido serumas<\/strong> sukurtas remiantis obuoli\u0173 kamienini\u0173 l\u0105steli\u0173 ir edelveis\u0173 kamienini\u0173 l\u0105steli\u0173 ekstraktais. Formul\u0117 turi prie\u0161rauk\u0161lin\u012f poveik\u012f, suteikia antioksidacin\u0119 apsaug\u0105, kovoja su laisv\u0173j\u0173 radikal\u0173 \u017eala ir l\u0117tina l\u0105steli\u0173 sen\u0117jim\u0105. Aktyvieji ingredientai efektyviai glotnina rauk\u0161les, atkuria pa\u017eeist\u0173 l\u0105steli\u0173 vientisum\u0105, apsaugo nuo prie\u0161laikinio sen\u0117jimo ir odos suglebimo. Ekstraktai dr\u0117kina gilesnius odos sluoksnius, i\u0161laiko dr\u0117gm\u0119 l\u0105stel\u0117se, suteikia veidui tolyg\u0173 atspalv\u012f ir \u0161vyt\u0117jim\u0105.<\/p>\n<p data-start=\"1462\" data-end=\"1480\"><strong data-start=\"1462\" data-end=\"1472\">T\u016bris:<\/strong> 15 ml<\/p>\n","protected":false},"excerpt":{"rendered":"<p data-start=\"1551\" data-end=\"1611\">Atkuriamasis serumas su augal\u0173 kamienin\u0117mis l\u0105stel\u0117mis<\/p>\n<h2 data-start=\"1613\" data-end=\"1875\"><strong data-start=\"1613\" data-end=\"1648\">Circadia MeriStem Serum savyb\u0117s<\/strong><\/h2>\n<p data-start=\"1613\" data-end=\"1875\" data-is-last-node=\"\" data-is-only-node=\"\">\u2714\ufe0f Spartina l\u0105steli\u0173 regeneracij\u0105 ir odos gijim\u0105<br data-start=\"1699\" data-end=\"1702\" \/>\u2714\ufe0f Glotnina rauk\u0161les ir gerina odos stangrum\u0105<br data-start=\"1747\" data-end=\"1750\" \/>\u2714\ufe0f Sulygina atspalv\u012f ir gerina tekst\u016br\u0105<br data-start=\"1789\" data-end=\"1792\" \/>\u2714\ufe0f Apsaugo nuo laisv\u0173j\u0173 radikal\u0173 poveikio<br data-start=\"1833\" data-end=\"1836\" \/>\u2714\ufe0f Intensyviai dr\u0117kina ir maitina od\u0105<\/p>\n","protected":false},"featured_media":66289,"template":"","meta":[],"pwb-brand":[801],"product_brand":[],"product_cat":[750,724],"product_tag":[],"giftcard-category":[],"class_list":{"0":"post-43606","1":"product","2":"type-product","3":"status-publish","4":"has-post-thumbnail","6":"pwb-brand-circadia","7":"product_cat-odos-senejimas","8":"product_cat-serumai","10":"first","11":"instock","12":"taxable","13":"shipping-taxable","14":"purchasable","15":"product-type-simple"},"acf":[],"brands":[{"id":801,"name":"Circadia","slug":"circadia"}],"_links":{"self":[{"href":"https:\/\/skinstudio.ee\/lt\/wp-json\/wp\/v2\/product\/43606","targetHints":{"allow":["GET"]}}],"collection":[{"href":"https:\/\/skinstudio.ee\/lt\/wp-json\/wp\/v2\/product"}],"about":[{"href":"https:\/\/skinstudio.ee\/lt\/wp-json\/wp\/v2\/types\/product"}],"version-history":[{"count":0,"href":"https:\/\/skinstudio.ee\/lt\/wp-json\/wp\/v2\/product\/43606\/revisions"}],"wp:featuredmedia":[{"embeddable":true,"href":"https:\/\/skinstudio.ee\/lt\/wp-json\/wp\/v2\/media\/66289"}],"wp:attachment":[{"href":"https:\/\/skinstudio.ee\/lt\/wp-json\/wp\/v2\/media?parent=43606"}],"wp:term":[{"taxonomy":"pwb-brand","embeddable":true,"href":"https:\/\/skinstudio.ee\/lt\/wp-json\/wp\/v2\/pwb-brand?post=43606"},{"taxonomy":"product_brand","embeddable":true,"href":"https:\/\/skinstudio.ee\/lt\/wp-json\/wp\/v2\/product_brand?post=43606"},{"taxonomy":"product_cat","embeddable":true,"href":"https:\/\/skinstudio.ee\/lt\/wp-json\/wp\/v2\/product_cat?post=43606"},{"taxonomy":"product_tag","embeddable":true,"href":"https:\/\/skinstudio.ee\/lt\/wp-json\/wp\/v2\/product_tag?post=43606"},{"taxonomy":"giftcard-category","embeddable":true,"href":"https:\/\/skinstudio.ee\/lt\/wp-json\/wp\/v2\/giftcard-category?post=43606"}],"curies":[{"name":"wp","href":"https:\/\/api.w.org\/{rel}","templated":true}]}}