{"id":43623,"date":"2025-08-11T12:16:32","date_gmt":"2025-08-11T12:16:32","guid":{"rendered":"https:\/\/skinstudio.ee\/?post_type=product&#038;p=43623"},"modified":"2026-01-19T15:13:25","modified_gmt":"2026-01-19T15:13:25","slug":"phito-pep-1-6","status":"publish","type":"product","link":"https:\/\/skinstudio.ee\/lt\/catalog\/circadia\/phito-pep-1-6\/","title":{"rendered":"PhiTo-Pep 1.6"},"content":{"rendered":"<p data-start=\"927\" data-end=\"997\"><strong data-start=\"936\" data-end=\"995\">PhiTo-Pep 1.6 \u2014 stangrinamasis universalus veido kremas<\/strong><\/p>\n<p data-start=\"999\" data-end=\"1437\">Kremas, sukurtas i\u0161 unikalios dr\u0117kinan\u010di\u0173 ir atkuriam\u0173j\u0173 komponent\u0173, taip pat peptid\u0173 ir augal\u0173 ekstrakt\u0173 kombinacijos. Stiprina odos apsaugin\u012f barjer\u0105, reguliuoja dr\u0117gm\u0117s lyg\u012f ir padeda i\u0161vengti transepiderminio vandens praradimo. Apsaugo odos lipidus ir DNR nuo laisv\u0173j\u0173 radikal\u0173 sukeltos \u017ealos, padeda i\u0161vengti prie\u0161laikinio sen\u0117jimo ir chronologinio sen\u0117jimo po\u017eymi\u0173 atsiradimo. Pagerina odos tekst\u016br\u0105, padaro j\u0105 lygi\u0105 ir elasting\u0105.<\/p>\n<p data-start=\"1439\" data-end=\"1457\"><strong data-start=\"1439\" data-end=\"1449\">T\u016bris:<\/strong> 59 ml<\/p>\n","protected":false},"excerpt":{"rendered":"<p data-start=\"1593\" data-end=\"1629\">Atjauninantis serumas su peptidais<\/p>\n<h2 data-start=\"1631\" data-end=\"1876\"><strong data-start=\"1631\" data-end=\"1665\">Circadia PhiTo-Pep 1.6 savyb\u0117s<\/strong><\/h2>\n<p data-start=\"1631\" data-end=\"1876\" data-is-last-node=\"\" data-is-only-node=\"\">\u2714\ufe0f Skatina kolageno ir elastino sintez\u0119<br data-start=\"1707\" data-end=\"1710\" \/>\u2714\ufe0f Lygina rauk\u0161les ir gerina odos elastingum\u0105<br data-start=\"1755\" data-end=\"1758\" \/>\u2714\ufe0f Gerina odos tekst\u016br\u0105 ir ton\u0105<br data-start=\"1789\" data-end=\"1792\" \/>\u2714\ufe0f Dr\u0117kina ir stiprina apsaugin\u012f barjer\u0105<br data-start=\"1832\" data-end=\"1835\" \/>\u2714\ufe0f Saugo nuo laisv\u0173j\u0173 radikal\u0173 poveikio<\/p>\n","protected":false},"featured_media":43614,"template":"","meta":[],"pwb-brand":[801],"product_brand":[],"product_cat":[738],"product_tag":[],"giftcard-category":[],"class_list":{"0":"post-43623","1":"product","2":"type-product","3":"status-publish","4":"has-post-thumbnail","6":"pwb-brand-circadia","7":"product_cat-drekinimas","9":"first","10":"instock","11":"taxable","12":"shipping-taxable","13":"purchasable","14":"product-type-simple"},"acf":[],"brands":[{"id":801,"name":"Circadia","slug":"circadia"}],"_links":{"self":[{"href":"https:\/\/skinstudio.ee\/lt\/wp-json\/wp\/v2\/product\/43623","targetHints":{"allow":["GET"]}}],"collection":[{"href":"https:\/\/skinstudio.ee\/lt\/wp-json\/wp\/v2\/product"}],"about":[{"href":"https:\/\/skinstudio.ee\/lt\/wp-json\/wp\/v2\/types\/product"}],"version-history":[{"count":0,"href":"https:\/\/skinstudio.ee\/lt\/wp-json\/wp\/v2\/product\/43623\/revisions"}],"wp:featuredmedia":[{"embeddable":true,"href":"https:\/\/skinstudio.ee\/lt\/wp-json\/wp\/v2\/media\/43614"}],"wp:attachment":[{"href":"https:\/\/skinstudio.ee\/lt\/wp-json\/wp\/v2\/media?parent=43623"}],"wp:term":[{"taxonomy":"pwb-brand","embeddable":true,"href":"https:\/\/skinstudio.ee\/lt\/wp-json\/wp\/v2\/pwb-brand?post=43623"},{"taxonomy":"product_brand","embeddable":true,"href":"https:\/\/skinstudio.ee\/lt\/wp-json\/wp\/v2\/product_brand?post=43623"},{"taxonomy":"product_cat","embeddable":true,"href":"https:\/\/skinstudio.ee\/lt\/wp-json\/wp\/v2\/product_cat?post=43623"},{"taxonomy":"product_tag","embeddable":true,"href":"https:\/\/skinstudio.ee\/lt\/wp-json\/wp\/v2\/product_tag?post=43623"},{"taxonomy":"giftcard-category","embeddable":true,"href":"https:\/\/skinstudio.ee\/lt\/wp-json\/wp\/v2\/giftcard-category?post=43623"}],"curies":[{"name":"wp","href":"https:\/\/api.w.org\/{rel}","templated":true}]}}