{"id":43638,"date":"2025-08-11T12:24:14","date_gmt":"2025-08-11T12:24:14","guid":{"rendered":"https:\/\/skinstudio.ee\/?post_type=product&#038;p=43638"},"modified":"2026-01-19T15:13:24","modified_gmt":"2026-01-19T15:13:24","slug":"cyto-comm-serum","status":"publish","type":"product","link":"https:\/\/skinstudio.ee\/lt\/catalog\/circadia\/cyto-comm-serum\/","title":{"rendered":"Cyto-Comm Serum"},"content":{"rendered":"<p data-start=\"762\" data-end=\"1056\">Tarp\u0161akin\u0117 komunikacija daro didel\u0119 \u012ftak\u0105 odos sveikatai. \u0160is serumas optimizuoja \u0161\u012f proces\u0105 ir padeda pagerinti odos b\u016bkl\u0119. Cyto-Comm Serum sud\u0117tyje yra ingredient\u0173, kurie stiprina nat\u016bralius tarp\u0161akinius ry\u0161ius, skatindami odos atsinaujinim\u0105 ir restrukt\u016brizacij\u0105. Tinka visiems odos tipams.<\/p>\n<p data-start=\"1058\" data-end=\"1076\"><strong data-start=\"1058\" data-end=\"1068\">T\u016bris:<\/strong> 15 ml<\/p>\n","protected":false},"excerpt":{"rendered":"<p data-start=\"0\" data-end=\"78\">Atkuriamasis serumas<\/p>\n<h2 data-start=\"0\" data-end=\"78\"><strong data-start=\"1170\" data-end=\"1206\">Circadia Cyto-Comm Serum savyb\u0117s<\/strong><\/h2>\n<p data-start=\"0\" data-end=\"78\">\u2714\ufe0f Skatina l\u0105steli\u0173 regeneracij\u0105 ir odos gijim\u0105<br data-start=\"1256\" data-end=\"1259\" \/>\u2714\ufe0f Gerina elastingum\u0105 ir stangrum\u0105<br data-start=\"1293\" data-end=\"1296\" \/>\u2714\ufe0f Ma\u017eina smulkias rauk\u0161leles<br data-start=\"1325\" data-end=\"1328\" \/>\u2714\ufe0f Apsaugo nuo laisv\u0173j\u0173 radikal\u0173 poveikio<br data-start=\"1369\" data-end=\"1372\" \/>\u2714\ufe0f Padeda i\u0161laikyti sveik\u0105 odos ton\u0105 ir tekst\u016br\u0105<\/p>\n","protected":false},"featured_media":66284,"template":"","meta":[],"pwb-brand":[801],"product_brand":[],"product_cat":[750,724],"product_tag":[],"giftcard-category":[],"class_list":{"0":"post-43638","1":"product","2":"type-product","3":"status-publish","4":"has-post-thumbnail","6":"pwb-brand-circadia","7":"product_cat-senstanti-oda","8":"product_cat-serumai","10":"first","11":"instock","12":"taxable","13":"shipping-taxable","14":"purchasable","15":"product-type-simple"},"acf":[],"brands":[{"id":801,"name":"Circadia","slug":"circadia"}],"_links":{"self":[{"href":"https:\/\/skinstudio.ee\/lt\/wp-json\/wp\/v2\/product\/43638","targetHints":{"allow":["GET"]}}],"collection":[{"href":"https:\/\/skinstudio.ee\/lt\/wp-json\/wp\/v2\/product"}],"about":[{"href":"https:\/\/skinstudio.ee\/lt\/wp-json\/wp\/v2\/types\/product"}],"version-history":[{"count":0,"href":"https:\/\/skinstudio.ee\/lt\/wp-json\/wp\/v2\/product\/43638\/revisions"}],"wp:featuredmedia":[{"embeddable":true,"href":"https:\/\/skinstudio.ee\/lt\/wp-json\/wp\/v2\/media\/66284"}],"wp:attachment":[{"href":"https:\/\/skinstudio.ee\/lt\/wp-json\/wp\/v2\/media?parent=43638"}],"wp:term":[{"taxonomy":"pwb-brand","embeddable":true,"href":"https:\/\/skinstudio.ee\/lt\/wp-json\/wp\/v2\/pwb-brand?post=43638"},{"taxonomy":"product_brand","embeddable":true,"href":"https:\/\/skinstudio.ee\/lt\/wp-json\/wp\/v2\/product_brand?post=43638"},{"taxonomy":"product_cat","embeddable":true,"href":"https:\/\/skinstudio.ee\/lt\/wp-json\/wp\/v2\/product_cat?post=43638"},{"taxonomy":"product_tag","embeddable":true,"href":"https:\/\/skinstudio.ee\/lt\/wp-json\/wp\/v2\/product_tag?post=43638"},{"taxonomy":"giftcard-category","embeddable":true,"href":"https:\/\/skinstudio.ee\/lt\/wp-json\/wp\/v2\/giftcard-category?post=43638"}],"curies":[{"name":"wp","href":"https:\/\/api.w.org\/{rel}","templated":true}]}}