{"id":43656,"date":"2025-08-11T13:32:11","date_gmt":"2025-08-11T13:32:11","guid":{"rendered":"https:\/\/skinstudio.ee\/?post_type=product&#038;p=43656"},"modified":"2026-01-19T15:13:25","modified_gmt":"2026-01-19T15:13:25","slug":"revita-cyte-complex","status":"publish","type":"product","link":"https:\/\/skinstudio.ee\/lt\/catalog\/circadia\/revita-cyte-complex\/","title":{"rendered":"Revita-Cyte Complex"},"content":{"rendered":"<p data-start=\"1127\" data-end=\"1414\"><strong data-start=\"1127\" data-end=\"1150\">Revita-Cyte Complex<\/strong> yra vitamino A alternatyva klientams, kuriems retinoidai yra draud\u017eiami. \u0160is prie\u0161rauk\u0161linis kompleksas pagerina odos stangrum\u0105 ir glotnum\u0105, jau po pirmo naudojimo palikdamas j\u0105 \u0161velni\u0105. Puikiai tinka naudoti kartu su m\u016bs\u0173 <strong data-start=\"1374\" data-end=\"1411\">SWiCH\u2122 Dermal Rejuvenation System<\/strong>.<\/p>\n<p data-start=\"1416\" data-end=\"1576\"><strong data-start=\"1416\" data-end=\"1439\">Revita-Cyte Complex<\/strong> yra vitamino A alternatyva klientams, kurie negali naudoti retinoid\u0173. Idealiai tinka derinti su <strong data-start=\"1536\" data-end=\"1573\">SWiCH\u2122 Dermal Rejuvenation System<\/strong>.<\/p>\n<p data-start=\"1578\" data-end=\"1596\"><strong data-start=\"1578\" data-end=\"1588\">T\u016bris:<\/strong> 59 ml<\/p>\n","protected":false},"excerpt":{"rendered":"<p data-start=\"1855\" data-end=\"1913\">Atjauninantis kremas su peptidais ir antioksidantais<\/p>\n<h2 data-start=\"1915\" data-end=\"2225\"><strong data-start=\"1915\" data-end=\"1955\">Circadia Revita-Cyte Complex savyb\u0117s<\/strong><\/h2>\n<p data-start=\"1915\" data-end=\"2225\" data-is-last-node=\"\" data-is-only-node=\"\">\u2714\ufe0f Skatina l\u0105steli\u0173 regeneracij\u0105 ir odos atsinaujinim\u0105<br data-start=\"2012\" data-end=\"2015\" \/>\u2714\ufe0f Stiprina apsaugin\u012f barjer\u0105 ir gerina elastingum\u0105<br data-start=\"2066\" data-end=\"2069\" \/>\u2714\ufe0f Ma\u017eina smulkias rauk\u0161leles ir gerina odos tekst\u016br\u0105<br data-start=\"2122\" data-end=\"2125\" \/>\u2714\ufe0f Apsaugo nuo laisv\u0173j\u0173 radikal\u0173 pa\u017eeidim\u0173<br data-start=\"2167\" data-end=\"2170\" \/>\u2714\ufe0f Padeda i\u0161laikyti sveik\u0105 odos atspalv\u012f ir dr\u0117kinim\u0105<\/p>\n","protected":false},"featured_media":66279,"template":"","meta":[],"pwb-brand":[801],"product_brand":[],"product_cat":[738,750],"product_tag":[],"giftcard-category":[],"class_list":{"0":"post-43656","1":"product","2":"type-product","3":"status-publish","4":"has-post-thumbnail","6":"pwb-brand-circadia","7":"product_cat-drekinimas","8":"product_cat-senstanti-oda","10":"first","11":"instock","12":"taxable","13":"shipping-taxable","14":"purchasable","15":"product-type-simple"},"acf":[],"brands":[{"id":801,"name":"Circadia","slug":"circadia"}],"_links":{"self":[{"href":"https:\/\/skinstudio.ee\/lt\/wp-json\/wp\/v2\/product\/43656","targetHints":{"allow":["GET"]}}],"collection":[{"href":"https:\/\/skinstudio.ee\/lt\/wp-json\/wp\/v2\/product"}],"about":[{"href":"https:\/\/skinstudio.ee\/lt\/wp-json\/wp\/v2\/types\/product"}],"version-history":[{"count":0,"href":"https:\/\/skinstudio.ee\/lt\/wp-json\/wp\/v2\/product\/43656\/revisions"}],"wp:featuredmedia":[{"embeddable":true,"href":"https:\/\/skinstudio.ee\/lt\/wp-json\/wp\/v2\/media\/66279"}],"wp:attachment":[{"href":"https:\/\/skinstudio.ee\/lt\/wp-json\/wp\/v2\/media?parent=43656"}],"wp:term":[{"taxonomy":"pwb-brand","embeddable":true,"href":"https:\/\/skinstudio.ee\/lt\/wp-json\/wp\/v2\/pwb-brand?post=43656"},{"taxonomy":"product_brand","embeddable":true,"href":"https:\/\/skinstudio.ee\/lt\/wp-json\/wp\/v2\/product_brand?post=43656"},{"taxonomy":"product_cat","embeddable":true,"href":"https:\/\/skinstudio.ee\/lt\/wp-json\/wp\/v2\/product_cat?post=43656"},{"taxonomy":"product_tag","embeddable":true,"href":"https:\/\/skinstudio.ee\/lt\/wp-json\/wp\/v2\/product_tag?post=43656"},{"taxonomy":"giftcard-category","embeddable":true,"href":"https:\/\/skinstudio.ee\/lt\/wp-json\/wp\/v2\/giftcard-category?post=43656"}],"curies":[{"name":"wp","href":"https:\/\/api.w.org\/{rel}","templated":true}]}}