{"id":43672,"date":"2025-08-11T13:54:24","date_gmt":"2025-08-11T13:54:24","guid":{"rendered":"https:\/\/skinstudio.ee\/?post_type=product&#038;p=43672"},"modified":"2026-01-19T15:13:24","modified_gmt":"2026-01-19T15:13:24","slug":"counter-a-g-e","status":"publish","type":"product","link":"https:\/\/skinstudio.ee\/lt\/catalog\/circadia\/counter-a-g-e\/","title":{"rendered":"Counter A.G.E."},"content":{"rendered":"<p data-start=\"754\" data-end=\"997\">\u0160is lengvas vandens pagrindu serumas yra specialiai sukurtas neutralizuoti nekontroliuojamos glikacijos \u017eal\u0105 odai. Hialurono r\u016bg\u0161tis pritraukia dr\u0117gm\u0119 \u012f od\u0105, o fitochemin\u0117s med\u017eiagos suteikia stipr\u0173 antioksidacin\u012f ir detoksikuojant\u012f poveik\u012f.<\/p>\n<p data-start=\"999\" data-end=\"1017\"><strong data-start=\"999\" data-end=\"1009\">T\u016bris:<\/strong> 15 ml<\/p>\n","protected":false},"excerpt":{"rendered":"<p data-start=\"1167\" data-end=\"1208\">Prie\u0161 glikacij\u0105 veikiantis odos serumas<\/p>\n<h2 data-start=\"1210\" data-end=\"1470\"><strong data-start=\"1210\" data-end=\"1244\">Circadia Counter A.G.E. savyb\u0117s<\/strong><\/h2>\n<p data-start=\"1210\" data-end=\"1470\" data-is-last-node=\"\" data-is-only-node=\"\">\u2714\ufe0f Neutralizuoja glikacijos poveik\u012f ir l\u0117tina odos sen\u0117jim\u0105<br data-start=\"1306\" data-end=\"1309\" \/>\u2714\ufe0f Giliai dr\u0117kina su hialurono r\u016bg\u0161timi<br data-start=\"1348\" data-end=\"1351\" \/>\u2714\ufe0f Suteikia stipri\u0105 antioksidacin\u0119 apsaug\u0105<br data-start=\"1393\" data-end=\"1396\" \/>\u2714\ufe0f Skatina odos detoksikacij\u0105<br data-start=\"1425\" data-end=\"1428\" \/>\u2714\ufe0f Tinka rytinei ir vakarinei prie\u017ei\u016brai<\/p>\n","protected":false},"featured_media":66274,"template":"","meta":[],"pwb-brand":[801],"product_brand":[],"product_cat":[750,724],"product_tag":[],"giftcard-category":[],"class_list":{"0":"post-43672","1":"product","2":"type-product","3":"status-publish","4":"has-post-thumbnail","6":"pwb-brand-circadia","7":"product_cat-senstanti-oda","8":"product_cat-serumai","10":"first","11":"instock","12":"taxable","13":"shipping-taxable","14":"purchasable","15":"product-type-simple"},"acf":[],"brands":[{"id":801,"name":"Circadia","slug":"circadia"}],"_links":{"self":[{"href":"https:\/\/skinstudio.ee\/lt\/wp-json\/wp\/v2\/product\/43672","targetHints":{"allow":["GET"]}}],"collection":[{"href":"https:\/\/skinstudio.ee\/lt\/wp-json\/wp\/v2\/product"}],"about":[{"href":"https:\/\/skinstudio.ee\/lt\/wp-json\/wp\/v2\/types\/product"}],"version-history":[{"count":0,"href":"https:\/\/skinstudio.ee\/lt\/wp-json\/wp\/v2\/product\/43672\/revisions"}],"wp:featuredmedia":[{"embeddable":true,"href":"https:\/\/skinstudio.ee\/lt\/wp-json\/wp\/v2\/media\/66274"}],"wp:attachment":[{"href":"https:\/\/skinstudio.ee\/lt\/wp-json\/wp\/v2\/media?parent=43672"}],"wp:term":[{"taxonomy":"pwb-brand","embeddable":true,"href":"https:\/\/skinstudio.ee\/lt\/wp-json\/wp\/v2\/pwb-brand?post=43672"},{"taxonomy":"product_brand","embeddable":true,"href":"https:\/\/skinstudio.ee\/lt\/wp-json\/wp\/v2\/product_brand?post=43672"},{"taxonomy":"product_cat","embeddable":true,"href":"https:\/\/skinstudio.ee\/lt\/wp-json\/wp\/v2\/product_cat?post=43672"},{"taxonomy":"product_tag","embeddable":true,"href":"https:\/\/skinstudio.ee\/lt\/wp-json\/wp\/v2\/product_tag?post=43672"},{"taxonomy":"giftcard-category","embeddable":true,"href":"https:\/\/skinstudio.ee\/lt\/wp-json\/wp\/v2\/giftcard-category?post=43672"}],"curies":[{"name":"wp","href":"https:\/\/api.w.org\/{rel}","templated":true}]}}