{"id":43687,"date":"2025-08-11T14:05:52","date_gmt":"2025-08-11T14:05:52","guid":{"rendered":"https:\/\/skinstudio.ee\/?post_type=product&#038;p=43687"},"modified":"2026-01-19T15:13:24","modified_gmt":"2026-01-19T15:13:24","slug":"glyco-guard","status":"publish","type":"product","link":"https:\/\/skinstudio.ee\/lt\/catalog\/circadia\/glyco-guard\/","title":{"rendered":"Glyco-Guard"},"content":{"rendered":"<p data-start=\"913\" data-end=\"1269\">Padeda apsaugoti od\u0105 nuo aplinkos \u017ealos, galin\u010dios sukelti odai kenksming\u0105 glikacij\u0105. \u0160is novatori\u0161kas sud\u0117ties kremas turi sald\u017eiojo osmantuso (kvapiojo alyvmed\u017eio) ekstrakto, pasi\u017eymin\u010dio stipriu antioksidaciniu poveikiu. I\u0161valo od\u0105 nuo kenksming\u0173 oksidant\u0173 ir glikacijos suk\u0117l\u0117j\u0173, suteikia visapusi\u0161k\u0105 apsaug\u0105 ir prie\u0161rauk\u0161lin\u012f poveik\u012f.<\/p>\n<p data-start=\"1271\" data-end=\"1289\"><strong data-start=\"1271\" data-end=\"1281\">T\u016bris:<\/strong> 59 ml<\/p>\n","protected":false},"excerpt":{"rendered":"<p data-start=\"1467\" data-end=\"1501\">Apsauginis kremas nuo glikacijos<\/p>\n<h2 data-start=\"1503\" data-end=\"1802\"><strong data-start=\"1503\" data-end=\"1535\">Circadia Glyco-Guard savyb\u0117s<\/strong><\/h2>\n<p data-start=\"1503\" data-end=\"1802\" data-is-last-node=\"\" data-is-only-node=\"\">\u2714\ufe0f Apsaugo od\u0105 nuo glikacijos ir prie\u0161laikinio sen\u0117jimo<br data-start=\"1593\" data-end=\"1596\" \/>\u2714\ufe0f Sud\u0117tyje yra sald\u017eiojo osmantuso su stipriu antioksidaciniu poveikiu<br data-start=\"1667\" data-end=\"1670\" \/>\u2714\ufe0f Detoksikuoja od\u0105 nuo oksidant\u0173 ir glikacijos suk\u0117l\u0117j\u0173<br data-start=\"1726\" data-end=\"1729\" \/>\u2714\ufe0f Palaiko odos sveikat\u0105 ir stangrum\u0105<br data-start=\"1766\" data-end=\"1769\" \/>\u2714\ufe0f Tinka naudoti ryte ir vakare<\/p>\n","protected":false},"featured_media":66269,"template":"","meta":[],"pwb-brand":[801],"product_brand":[],"product_cat":[738,750],"product_tag":[],"giftcard-category":[],"class_list":{"0":"post-43687","1":"product","2":"type-product","3":"status-publish","4":"has-post-thumbnail","6":"pwb-brand-circadia","7":"product_cat-drekinimas","8":"product_cat-senstanti-oda","10":"first","11":"instock","12":"taxable","13":"shipping-taxable","14":"purchasable","15":"product-type-simple"},"acf":[],"brands":[{"id":801,"name":"Circadia","slug":"circadia"}],"_links":{"self":[{"href":"https:\/\/skinstudio.ee\/lt\/wp-json\/wp\/v2\/product\/43687","targetHints":{"allow":["GET"]}}],"collection":[{"href":"https:\/\/skinstudio.ee\/lt\/wp-json\/wp\/v2\/product"}],"about":[{"href":"https:\/\/skinstudio.ee\/lt\/wp-json\/wp\/v2\/types\/product"}],"version-history":[{"count":0,"href":"https:\/\/skinstudio.ee\/lt\/wp-json\/wp\/v2\/product\/43687\/revisions"}],"wp:featuredmedia":[{"embeddable":true,"href":"https:\/\/skinstudio.ee\/lt\/wp-json\/wp\/v2\/media\/66269"}],"wp:attachment":[{"href":"https:\/\/skinstudio.ee\/lt\/wp-json\/wp\/v2\/media?parent=43687"}],"wp:term":[{"taxonomy":"pwb-brand","embeddable":true,"href":"https:\/\/skinstudio.ee\/lt\/wp-json\/wp\/v2\/pwb-brand?post=43687"},{"taxonomy":"product_brand","embeddable":true,"href":"https:\/\/skinstudio.ee\/lt\/wp-json\/wp\/v2\/product_brand?post=43687"},{"taxonomy":"product_cat","embeddable":true,"href":"https:\/\/skinstudio.ee\/lt\/wp-json\/wp\/v2\/product_cat?post=43687"},{"taxonomy":"product_tag","embeddable":true,"href":"https:\/\/skinstudio.ee\/lt\/wp-json\/wp\/v2\/product_tag?post=43687"},{"taxonomy":"giftcard-category","embeddable":true,"href":"https:\/\/skinstudio.ee\/lt\/wp-json\/wp\/v2\/giftcard-category?post=43687"}],"curies":[{"name":"wp","href":"https:\/\/api.w.org\/{rel}","templated":true}]}}