{"id":43703,"date":"2025-08-11T14:22:43","date_gmt":"2025-08-11T14:22:43","guid":{"rendered":"https:\/\/skinstudio.ee\/?post_type=product&#038;p=43703"},"modified":"2026-01-19T15:13:24","modified_gmt":"2026-01-19T15:13:24","slug":"myo-cyte-plus-anti-wrinkle-serum","status":"publish","type":"product","link":"https:\/\/skinstudio.ee\/lt\/catalog\/circadia\/myo-cyte-plus-anti-wrinkle-serum\/","title":{"rendered":"Myo-Cyte Plus Anti Wrinkle Serum"},"content":{"rendered":"<p data-start=\"1146\" data-end=\"1586\">Veiksmingas sen\u0117jim\u0105 stabdantis serumas, sukurtas suma\u017einti mimikos rauk\u0161li\u0173 matomum\u0105 ir u\u017ekirsti keli\u0105 j\u0173 atsiradimui. Formul\u0117je yra galingas peptid\u0173 kompleksas \u2014 Matrixyl\u00ae, Matrixyl\u00ae 3000, Snap 8 ir Inyline\u2122, kurie skatina kolageno ir elastino sintez\u0119, atpalaiduoja veido raumenis, gerina odos elastingum\u0105 ir tolygina jos tekst\u016br\u0105. D\u0117l unikalios sud\u0117ties ir didelio veiksmingumo produktas peln\u0117 daugyb\u0119 apdovanojim\u0173 gro\u017eio industrijoje.<\/p>\n<p data-start=\"1588\" data-end=\"1721\">Serumas tinka veido, kaklo ir paaki\u0173 srities prie\u017ei\u016brai. Reguliariai naudojant oda tampa lygesn\u0117, stangresn\u0117 ir vizualiai jaunesn\u0117.<\/p>\n<p data-start=\"1723\" data-end=\"1741\"><strong data-start=\"1723\" data-end=\"1733\">T\u016bris:<\/strong> 15 ml<\/p>\n","protected":false},"excerpt":{"rendered":"<p data-start=\"1920\" data-end=\"1958\">Intensyvus serumas mimikos rauk\u0161l\u0117ms<\/p>\n<h2 data-start=\"1960\" data-end=\"2270\"><strong data-start=\"1960\" data-end=\"2013\">Circadia Myo-Cyte Plus Anti Wrinkle Serum savyb\u0117s<\/strong><\/h2>\n<p data-start=\"1960\" data-end=\"2270\" data-is-last-node=\"\" data-is-only-node=\"\">\u2714\ufe0f Suma\u017eina mimikos rauk\u0161li\u0173 gyl\u012f ir matomum\u0105<br data-start=\"2061\" data-end=\"2064\" \/>\u2714\ufe0f Atpalaiduoja veido raumenis, u\u017ekertant keli\u0105 nauj\u0173 rauk\u0161li\u0173 atsiradimui<br data-start=\"2138\" data-end=\"2141\" \/>\u2714\ufe0f Skatina kolageno ir elastino gamyb\u0105<br data-start=\"2179\" data-end=\"2182\" \/>\u2714\ufe0f Stiprina od\u0105 ir gerina jos elastingum\u0105<br data-start=\"2223\" data-end=\"2226\" \/>\u2714\ufe0f I\u0161lygina tekst\u016br\u0105 ir pagerina odos ton\u0105<\/p>\n","protected":false},"featured_media":66264,"template":"","meta":[],"pwb-brand":[801],"product_brand":[],"product_cat":[750,724],"product_tag":[],"giftcard-category":[],"class_list":{"0":"post-43703","1":"product","2":"type-product","3":"status-publish","4":"has-post-thumbnail","6":"pwb-brand-circadia","7":"product_cat-odos-senejimas","8":"product_cat-serumai","10":"first","11":"instock","12":"taxable","13":"shipping-taxable","14":"purchasable","15":"product-type-simple"},"acf":[],"brands":[{"id":801,"name":"Circadia","slug":"circadia"}],"_links":{"self":[{"href":"https:\/\/skinstudio.ee\/lt\/wp-json\/wp\/v2\/product\/43703","targetHints":{"allow":["GET"]}}],"collection":[{"href":"https:\/\/skinstudio.ee\/lt\/wp-json\/wp\/v2\/product"}],"about":[{"href":"https:\/\/skinstudio.ee\/lt\/wp-json\/wp\/v2\/types\/product"}],"version-history":[{"count":0,"href":"https:\/\/skinstudio.ee\/lt\/wp-json\/wp\/v2\/product\/43703\/revisions"}],"wp:featuredmedia":[{"embeddable":true,"href":"https:\/\/skinstudio.ee\/lt\/wp-json\/wp\/v2\/media\/66264"}],"wp:attachment":[{"href":"https:\/\/skinstudio.ee\/lt\/wp-json\/wp\/v2\/media?parent=43703"}],"wp:term":[{"taxonomy":"pwb-brand","embeddable":true,"href":"https:\/\/skinstudio.ee\/lt\/wp-json\/wp\/v2\/pwb-brand?post=43703"},{"taxonomy":"product_brand","embeddable":true,"href":"https:\/\/skinstudio.ee\/lt\/wp-json\/wp\/v2\/product_brand?post=43703"},{"taxonomy":"product_cat","embeddable":true,"href":"https:\/\/skinstudio.ee\/lt\/wp-json\/wp\/v2\/product_cat?post=43703"},{"taxonomy":"product_tag","embeddable":true,"href":"https:\/\/skinstudio.ee\/lt\/wp-json\/wp\/v2\/product_tag?post=43703"},{"taxonomy":"giftcard-category","embeddable":true,"href":"https:\/\/skinstudio.ee\/lt\/wp-json\/wp\/v2\/giftcard-category?post=43703"}],"curies":[{"name":"wp","href":"https:\/\/api.w.org\/{rel}","templated":true}]}}