{"id":43719,"date":"2025-08-11T14:32:17","date_gmt":"2025-08-11T14:32:17","guid":{"rendered":"https:\/\/skinstudio.ee\/?post_type=product&#038;p=43719"},"modified":"2026-01-19T15:13:24","modified_gmt":"2026-01-19T15:13:24","slug":"full-circle-eye-repair","status":"publish","type":"product","link":"https:\/\/skinstudio.ee\/lt\/catalog\/circadia\/full-circle-eye-repair\/","title":{"rendered":"Full Circle Eye Repair"},"content":{"rendered":"<p data-start=\"1145\" data-end=\"1414\"><strong data-start=\"1145\" data-end=\"1164\">Dienos formul\u0117:<\/strong> Inovatyvi peptid\u0173 technologija ir vitaminai kartu su glotninamosiomis med\u017eiagomis daro \u0161i\u0105 aki\u0173 prie\u017ei\u016bros priemon\u0119 unikali\u0105. Padeda sustiprinti ir sudr\u0117kinti jautri\u0105 paaki\u0173 od\u0105, suma\u017eina rauk\u0161li\u0173 matomum\u0105 ir suteikia gaivi\u0105, pails\u0117jusi\u0105 i\u0161vaizd\u0105.<\/p>\n<p data-start=\"1416\" data-end=\"1631\"><strong data-start=\"1416\" data-end=\"1436\">Nakties formul\u0117:<\/strong> Sustiprina nat\u016bralius odos atsinaujinimo procesus, padeda i\u0161vengti nauj\u0173 rauk\u0161li\u0173 atsiradimo, ma\u017eina paburkim\u0105 ir tamsius ratilus. Maitinan\u010dios med\u017eiagos ryte padaro od\u0105 stangresn\u0119 ir lygesn\u0119.<\/p>\n<p data-start=\"1633\" data-end=\"1655\"><strong data-start=\"1633\" data-end=\"1643\">T\u016bris:<\/strong> 2 x 15 ml<\/p>\n","protected":false},"excerpt":{"rendered":"<p data-start=\"1959\" data-end=\"2000\">Atkuriamasis aki\u0173 prie\u017ei\u016bros kompleksas<\/p>\n<h2 data-start=\"2002\" data-end=\"2266\"><strong data-start=\"2002\" data-end=\"2045\">Circadia Full Circle Eye Repair savyb\u0117s<\/strong><\/h2>\n<p data-start=\"2002\" data-end=\"2266\" data-is-last-node=\"\" data-is-only-node=\"\">\u2714\ufe0f Suma\u017eina rauk\u0161li\u0173 gyl\u012f ir matomum\u0105<br data-start=\"2085\" data-end=\"2088\" \/>\u2714\ufe0f Ma\u017eina paburkim\u0105 ir pa\u0161viesina tamsius ratilus<br data-start=\"2137\" data-end=\"2140\" \/>\u2714\ufe0f Stiprina ir pagerina vok\u0173 odos elastingum\u0105<br data-start=\"2185\" data-end=\"2188\" \/>\u2714\ufe0f Intensyviai dr\u0117kina ir maitina<br data-start=\"2221\" data-end=\"2224\" \/>\u2714\ufe0f Apsaugo nuo \u017ealing\u0173 i\u0161orini\u0173 veiksni\u0173<\/p>\n","protected":false},"featured_media":66259,"template":"","meta":[],"pwb-brand":[801],"product_brand":[],"product_cat":[734],"product_tag":[],"giftcard-category":[],"class_list":{"0":"post-43719","1":"product","2":"type-product","3":"status-publish","4":"has-post-thumbnail","6":"pwb-brand-circadia","7":"product_cat-oda-aplink-akis","9":"first","10":"instock","11":"taxable","12":"shipping-taxable","13":"purchasable","14":"product-type-simple"},"acf":[],"brands":[{"id":801,"name":"Circadia","slug":"circadia"}],"_links":{"self":[{"href":"https:\/\/skinstudio.ee\/lt\/wp-json\/wp\/v2\/product\/43719","targetHints":{"allow":["GET"]}}],"collection":[{"href":"https:\/\/skinstudio.ee\/lt\/wp-json\/wp\/v2\/product"}],"about":[{"href":"https:\/\/skinstudio.ee\/lt\/wp-json\/wp\/v2\/types\/product"}],"version-history":[{"count":0,"href":"https:\/\/skinstudio.ee\/lt\/wp-json\/wp\/v2\/product\/43719\/revisions"}],"wp:featuredmedia":[{"embeddable":true,"href":"https:\/\/skinstudio.ee\/lt\/wp-json\/wp\/v2\/media\/66259"}],"wp:attachment":[{"href":"https:\/\/skinstudio.ee\/lt\/wp-json\/wp\/v2\/media?parent=43719"}],"wp:term":[{"taxonomy":"pwb-brand","embeddable":true,"href":"https:\/\/skinstudio.ee\/lt\/wp-json\/wp\/v2\/pwb-brand?post=43719"},{"taxonomy":"product_brand","embeddable":true,"href":"https:\/\/skinstudio.ee\/lt\/wp-json\/wp\/v2\/product_brand?post=43719"},{"taxonomy":"product_cat","embeddable":true,"href":"https:\/\/skinstudio.ee\/lt\/wp-json\/wp\/v2\/product_cat?post=43719"},{"taxonomy":"product_tag","embeddable":true,"href":"https:\/\/skinstudio.ee\/lt\/wp-json\/wp\/v2\/product_tag?post=43719"},{"taxonomy":"giftcard-category","embeddable":true,"href":"https:\/\/skinstudio.ee\/lt\/wp-json\/wp\/v2\/giftcard-category?post=43719"}],"curies":[{"name":"wp","href":"https:\/\/api.w.org\/{rel}","templated":true}]}}