{"id":43734,"date":"2025-08-11T14:46:19","date_gmt":"2025-08-11T14:46:19","guid":{"rendered":"https:\/\/skinstudio.ee\/?post_type=product&#038;p=43734"},"modified":"2026-01-19T15:13:24","modified_gmt":"2026-01-19T15:13:24","slug":"emergency-eye-lift","status":"publish","type":"product","link":"https:\/\/skinstudio.ee\/lt\/catalog\/circadia\/emergency-eye-lift\/","title":{"rendered":"Emergency Eye Lift"},"content":{"rendered":"<p data-start=\"735\" data-end=\"1055\">Circadia Emergency Eye Lift serumas yra galinga priemon\u0117, ma\u017einanti tamsius ratilus, paburkim\u0105 ir smulkias rauk\u0161leles. Sud\u0117tyje yra Argireline, hialurono r\u016bg\u0161ties, kofeino ir nat\u016brali\u0173 augal\u0173 ekstrakt\u0173, kurie stangrina, pakelia ir dr\u0117kina od\u0105 aplink akis. Tinka kasdieniam naudojimui odos prie\u017ei\u016bros rutinoje.<\/p>\n<p data-start=\"1057\" data-end=\"1075\"><strong data-start=\"1057\" data-end=\"1067\">T\u016bris:<\/strong> 15 ml<\/p>\n","protected":false},"excerpt":{"rendered":"<p data-start=\"1248\" data-end=\"1271\">Aki\u0173 liftingo serumas<\/p>\n<h2 data-start=\"1273\" data-end=\"1502\"><strong data-start=\"1273\" data-end=\"1312\">Circadia Emergency Eye Lift savyb\u0117s<\/strong><\/h2>\n<p data-start=\"1273\" data-end=\"1502\" data-is-last-node=\"\" data-is-only-node=\"\">\u2714\ufe0f Ma\u017eina tamsius ratilus ir paburkim\u0105<br data-start=\"1353\" data-end=\"1356\" \/>\u2714\ufe0f Lygina smulkias rauk\u0161leles<br data-start=\"1385\" data-end=\"1388\" \/>\u2714\ufe0f Stangrina ir pakelia vok\u0173 od\u0105<br data-start=\"1420\" data-end=\"1423\" \/>\u2714\ufe0f Giliai dr\u0117kina ir maitina<br data-start=\"1451\" data-end=\"1454\" \/>\u2714\ufe0f Gaivina ir gerina odos aplink akis i\u0161vaizd\u0105<\/p>\n","protected":false},"featured_media":66254,"template":"","meta":[],"pwb-brand":[801],"product_brand":[],"product_cat":[734],"product_tag":[],"giftcard-category":[],"class_list":{"0":"post-43734","1":"product","2":"type-product","3":"status-publish","4":"has-post-thumbnail","6":"pwb-brand-circadia","7":"product_cat-oda-aplink-akis","9":"first","10":"instock","11":"taxable","12":"shipping-taxable","13":"purchasable","14":"product-type-simple"},"acf":[],"brands":[{"id":801,"name":"Circadia","slug":"circadia"}],"_links":{"self":[{"href":"https:\/\/skinstudio.ee\/lt\/wp-json\/wp\/v2\/product\/43734","targetHints":{"allow":["GET"]}}],"collection":[{"href":"https:\/\/skinstudio.ee\/lt\/wp-json\/wp\/v2\/product"}],"about":[{"href":"https:\/\/skinstudio.ee\/lt\/wp-json\/wp\/v2\/types\/product"}],"version-history":[{"count":0,"href":"https:\/\/skinstudio.ee\/lt\/wp-json\/wp\/v2\/product\/43734\/revisions"}],"wp:featuredmedia":[{"embeddable":true,"href":"https:\/\/skinstudio.ee\/lt\/wp-json\/wp\/v2\/media\/66254"}],"wp:attachment":[{"href":"https:\/\/skinstudio.ee\/lt\/wp-json\/wp\/v2\/media?parent=43734"}],"wp:term":[{"taxonomy":"pwb-brand","embeddable":true,"href":"https:\/\/skinstudio.ee\/lt\/wp-json\/wp\/v2\/pwb-brand?post=43734"},{"taxonomy":"product_brand","embeddable":true,"href":"https:\/\/skinstudio.ee\/lt\/wp-json\/wp\/v2\/product_brand?post=43734"},{"taxonomy":"product_cat","embeddable":true,"href":"https:\/\/skinstudio.ee\/lt\/wp-json\/wp\/v2\/product_cat?post=43734"},{"taxonomy":"product_tag","embeddable":true,"href":"https:\/\/skinstudio.ee\/lt\/wp-json\/wp\/v2\/product_tag?post=43734"},{"taxonomy":"giftcard-category","embeddable":true,"href":"https:\/\/skinstudio.ee\/lt\/wp-json\/wp\/v2\/giftcard-category?post=43734"}],"curies":[{"name":"wp","href":"https:\/\/api.w.org\/{rel}","templated":true}]}}