{"id":43751,"date":"2025-08-11T15:02:50","date_gmt":"2025-08-11T15:02:50","guid":{"rendered":"https:\/\/skinstudio.ee\/?post_type=product&#038;p=43751"},"modified":"2026-01-19T15:13:25","modified_gmt":"2026-01-19T15:13:25","slug":"serum-71","status":"publish","type":"product","link":"https:\/\/skinstudio.ee\/lt\/catalog\/circadia\/serum-71\/","title":{"rendered":"Serum 71"},"content":{"rendered":"<p data-start=\"867\" data-end=\"1296\">Serum 71 \u2013 tai imunitet\u0105 stiprinanti ir maistin\u0117mis med\u017eiagomis praturtinta formul\u0117, kurioje derinamos galingos r\u016bg\u0161tys: traneksamo r\u016bg\u0161tis, migdol\u0173 r\u016bg\u0161tis ir azelaino r\u016bg\u0161tis. \u0160ios r\u016bg\u0161tys intensyviai skaistina od\u0105, ma\u017eina pigmentines d\u0117mes ir b\u0117rimus bei gerina odos tekst\u016br\u0105 ir atspalv\u012f. Serumas pastebimai pagerina odos elastingum\u0105, stangrum\u0105 ir atsparum\u0105, suteikdamas tolygesn\u0119 ir spindin\u010di\u0105 i\u0161vaizd\u0105.<\/p>\n<p data-start=\"1298\" data-end=\"1315\"><strong data-start=\"1298\" data-end=\"1307\">Size:<\/strong> 15 ml<\/p>\n","protected":false},"excerpt":{"rendered":"<p data-start=\"1446\" data-end=\"1507\">Sen\u0117jim\u0105 stabdantis serumas su peptidais ir antioksidantais<\/p>\n<h2 data-start=\"1509\" data-end=\"1740\"><strong data-start=\"1509\" data-end=\"1538\">Circadia Serum 71 savyb\u0117s<\/strong><\/h2>\n<p data-start=\"1509\" data-end=\"1740\" data-is-last-node=\"\" data-is-only-node=\"\">\u2714\ufe0f Skatina kolageno ir elastino gamyb\u0105<br data-start=\"1579\" data-end=\"1582\" \/>\u2714\ufe0f Lygina rauk\u0161les ir gerina odos stangrum\u0105<br data-start=\"1625\" data-end=\"1628\" \/>\u2714\ufe0f Suteikia antioksidacin\u0119 apsaug\u0105<br data-start=\"1662\" data-end=\"1665\" \/>\u2714\ufe0f Dr\u0117kina ir stiprina odos barjer\u0105<br data-start=\"1700\" data-end=\"1703\" \/>\u2714\ufe0f Gerina odos tekst\u016br\u0105 ir atspalv\u012f<\/p>\n","protected":false},"featured_media":66249,"template":"","meta":[],"pwb-brand":[801],"product_brand":[],"product_cat":[750,724],"product_tag":[],"giftcard-category":[],"class_list":{"0":"post-43751","1":"product","2":"type-product","3":"status-publish","4":"has-post-thumbnail","6":"pwb-brand-circadia","7":"product_cat-senstanti-oda","8":"product_cat-serumai","10":"first","11":"instock","12":"taxable","13":"shipping-taxable","14":"purchasable","15":"product-type-simple"},"acf":[],"brands":[{"id":801,"name":"Circadia","slug":"circadia"}],"_links":{"self":[{"href":"https:\/\/skinstudio.ee\/lt\/wp-json\/wp\/v2\/product\/43751","targetHints":{"allow":["GET"]}}],"collection":[{"href":"https:\/\/skinstudio.ee\/lt\/wp-json\/wp\/v2\/product"}],"about":[{"href":"https:\/\/skinstudio.ee\/lt\/wp-json\/wp\/v2\/types\/product"}],"version-history":[{"count":0,"href":"https:\/\/skinstudio.ee\/lt\/wp-json\/wp\/v2\/product\/43751\/revisions"}],"wp:featuredmedia":[{"embeddable":true,"href":"https:\/\/skinstudio.ee\/lt\/wp-json\/wp\/v2\/media\/66249"}],"wp:attachment":[{"href":"https:\/\/skinstudio.ee\/lt\/wp-json\/wp\/v2\/media?parent=43751"}],"wp:term":[{"taxonomy":"pwb-brand","embeddable":true,"href":"https:\/\/skinstudio.ee\/lt\/wp-json\/wp\/v2\/pwb-brand?post=43751"},{"taxonomy":"product_brand","embeddable":true,"href":"https:\/\/skinstudio.ee\/lt\/wp-json\/wp\/v2\/product_brand?post=43751"},{"taxonomy":"product_cat","embeddable":true,"href":"https:\/\/skinstudio.ee\/lt\/wp-json\/wp\/v2\/product_cat?post=43751"},{"taxonomy":"product_tag","embeddable":true,"href":"https:\/\/skinstudio.ee\/lt\/wp-json\/wp\/v2\/product_tag?post=43751"},{"taxonomy":"giftcard-category","embeddable":true,"href":"https:\/\/skinstudio.ee\/lt\/wp-json\/wp\/v2\/giftcard-category?post=43751"}],"curies":[{"name":"wp","href":"https:\/\/api.w.org\/{rel}","templated":true}]}}