{"id":43784,"date":"2025-08-12T09:18:12","date_gmt":"2025-08-12T09:18:12","guid":{"rendered":"https:\/\/skinstudio.ee\/?post_type=product&#038;p=43784"},"modified":"2026-01-19T15:13:24","modified_gmt":"2026-01-19T15:13:24","slug":"blueberry-white-tea-hydrating-mist","status":"publish","type":"product","link":"https:\/\/skinstudio.ee\/lt\/catalog\/circadia\/blueberry-white-tea-hydrating-mist\/","title":{"rendered":"Blueberry &#038; White Tea Hydrating Mist"},"content":{"rendered":"<p data-start=\"1050\" data-end=\"1417\">Suteikite savo odai gil\u0173 dr\u0117kinim\u0105 ir mityb\u0105, tuo pa\u010diu apsaugodami j\u0105 su galingu antioksidant\u0173 kompleksu. \u0160is pur\u0161kiklis ne tik padeda atstatyti dr\u0117gm\u0117s balans\u0105, bet ir aktyviai kovoja su sen\u0117jimo po\u017eymiais, suteikdamas odai sveik\u0105 spindes\u012f ir gaivum\u0105. Naudojant j\u012f vis\u0105 dien\u0105, oda i\u0161lieka dr\u0117kinama, o jos tekst\u016bra tampa tvirtesn\u0117 ir lygesn\u0117.<\/p>\n<p data-start=\"1419\" data-end=\"1436\"><strong data-start=\"1419\" data-end=\"1429\">Dydis:<\/strong> 118 ml<\/p>\n","protected":false},"excerpt":{"rendered":"<p data-start=\"1624\" data-end=\"1697\">Dr\u0117kinamasis pur\u0161kiklis su m\u0117lyn\u0117mis ir balt\u0105ja arbata<\/p>\n<h2 data-start=\"1699\" data-end=\"1759\"><strong data-start=\"1699\" data-end=\"1759\">Circadia Blueberry &amp; White Tea Hydrating Mist privalumai<\/strong><\/h2>\n<p data-start=\"1761\" data-end=\"1991\">\u2714\ufe0f Intensyviai dr\u0117kina ir maitina od\u0105<br data-start=\"1798\" data-end=\"1801\" \/>\u2714\ufe0f Apsaugo od\u0105 su galingu antioksidant\u0173 kompleksu<br data-start=\"1850\" data-end=\"1853\" \/>\u2714\ufe0f Gaivina ir atgaivina vis\u0105 dien\u0105<br data-start=\"1887\" data-end=\"1890\" \/>\u2714\ufe0f Skatina odos atjauninim\u0105 ir pagerina jos b\u016bkl\u0119<br data-start=\"1939\" data-end=\"1942\" \/>\u2714\ufe0f Lengva tekst\u016bra, nepalieka riebaus blizgesio<\/p>\n","protected":false},"featured_media":66244,"template":"","meta":[],"pwb-brand":[801],"product_brand":[],"product_cat":[722],"product_tag":[],"giftcard-category":[],"class_list":{"0":"post-43784","1":"product","2":"type-product","3":"status-publish","4":"has-post-thumbnail","6":"pwb-brand-circadia","7":"product_cat-toneriai","9":"first","10":"instock","11":"taxable","12":"shipping-taxable","13":"purchasable","14":"product-type-simple"},"acf":[],"brands":[{"id":801,"name":"Circadia","slug":"circadia"}],"_links":{"self":[{"href":"https:\/\/skinstudio.ee\/lt\/wp-json\/wp\/v2\/product\/43784","targetHints":{"allow":["GET"]}}],"collection":[{"href":"https:\/\/skinstudio.ee\/lt\/wp-json\/wp\/v2\/product"}],"about":[{"href":"https:\/\/skinstudio.ee\/lt\/wp-json\/wp\/v2\/types\/product"}],"version-history":[{"count":0,"href":"https:\/\/skinstudio.ee\/lt\/wp-json\/wp\/v2\/product\/43784\/revisions"}],"wp:featuredmedia":[{"embeddable":true,"href":"https:\/\/skinstudio.ee\/lt\/wp-json\/wp\/v2\/media\/66244"}],"wp:attachment":[{"href":"https:\/\/skinstudio.ee\/lt\/wp-json\/wp\/v2\/media?parent=43784"}],"wp:term":[{"taxonomy":"pwb-brand","embeddable":true,"href":"https:\/\/skinstudio.ee\/lt\/wp-json\/wp\/v2\/pwb-brand?post=43784"},{"taxonomy":"product_brand","embeddable":true,"href":"https:\/\/skinstudio.ee\/lt\/wp-json\/wp\/v2\/product_brand?post=43784"},{"taxonomy":"product_cat","embeddable":true,"href":"https:\/\/skinstudio.ee\/lt\/wp-json\/wp\/v2\/product_cat?post=43784"},{"taxonomy":"product_tag","embeddable":true,"href":"https:\/\/skinstudio.ee\/lt\/wp-json\/wp\/v2\/product_tag?post=43784"},{"taxonomy":"giftcard-category","embeddable":true,"href":"https:\/\/skinstudio.ee\/lt\/wp-json\/wp\/v2\/giftcard-category?post=43784"}],"curies":[{"name":"wp","href":"https:\/\/api.w.org\/{rel}","templated":true}]}}