{"id":43802,"date":"2025-08-12T09:35:41","date_gmt":"2025-08-12T09:35:41","guid":{"rendered":"https:\/\/skinstudio.ee\/?post_type=product&#038;p=43802"},"modified":"2026-01-19T15:13:24","modified_gmt":"2026-01-19T15:13:24","slug":"hydralox-facial-oil","status":"publish","type":"product","link":"https:\/\/skinstudio.ee\/lt\/catalog\/circadia\/hydralox-facial-oil\/","title":{"rendered":"Hydralox Facial Oil"},"content":{"rendered":"<p data-start=\"940\" data-end=\"1251\">\u0160io aliejaus formul\u0117 sukurta tam, kad i\u0161laikyt\u0173 svarb\u0173 dr\u0117gm\u0117s kiek\u012f odoje, suma\u017eint\u0173 dr\u0117gm\u0117s praradim\u0105 ir suteikt\u0173 odai sveik\u0105 spindes\u012f. Ji padeda atkurti odos hidratacij\u0105, padarydama j\u0105 mink\u0161t\u0105 ir elasting\u0105. \u0160\u012f aliej\u0173 taip pat galima prid\u0117ti prie kit\u0173 Circadia produkt\u0173, kad sustiprintum\u0117te dr\u0117kinimo poveik\u012f.<\/p>\n<p data-start=\"1253\" data-end=\"1269\"><strong data-start=\"1253\" data-end=\"1263\">Dydis:<\/strong> 15 ml<\/p>\n","protected":false},"excerpt":{"rendered":"<p data-start=\"1453\" data-end=\"1498\">Dr\u0117kinamasis veido aliejus<\/p>\n<h2 data-start=\"1500\" data-end=\"1543\"><strong data-start=\"1500\" data-end=\"1543\">Circadia Hydralox Facial Oil privalumai<\/strong><\/h2>\n<p data-start=\"1545\" data-end=\"1853\">\u2714\ufe0f I\u0161laiko svarb\u0173 dr\u0117gm\u0117s kiek\u012f ir atkuria hidratacij\u0105<br data-start=\"1599\" data-end=\"1602\" \/>\u2714\ufe0f Suma\u017eina vandens praradim\u0105 per od\u0105, u\u017etikrinant ilgalaik\u012f dr\u0117kinim\u0105<br data-start=\"1672\" data-end=\"1675\" \/>\u2714\ufe0f Suteikia odai elasting\u0105 spindes\u012f ir lygum\u0105<br data-start=\"1720\" data-end=\"1723\" \/>\u2714\ufe0f Stiprina odos nat\u016bral\u0173 apsaugin\u012f barjer\u0105<br data-start=\"1766\" data-end=\"1769\" \/>\u2714\ufe0f Galima prid\u0117ti prie kit\u0173 Circadia produkt\u0173, kad sustiprintum\u0117te dr\u0117kinimo poveik\u012f<\/p>\n","protected":false},"featured_media":66239,"template":"","meta":[],"pwb-brand":[801],"product_brand":[],"product_cat":[738,740],"product_tag":[],"giftcard-category":[],"class_list":{"0":"post-43802","1":"product","2":"type-product","3":"status-publish","4":"has-post-thumbnail","6":"pwb-brand-circadia","7":"product_cat-drekinimas","8":"product_cat-sausa-oda","10":"first","11":"instock","12":"taxable","13":"shipping-taxable","14":"purchasable","15":"product-type-simple"},"acf":[],"brands":[{"id":801,"name":"Circadia","slug":"circadia"}],"_links":{"self":[{"href":"https:\/\/skinstudio.ee\/lt\/wp-json\/wp\/v2\/product\/43802","targetHints":{"allow":["GET"]}}],"collection":[{"href":"https:\/\/skinstudio.ee\/lt\/wp-json\/wp\/v2\/product"}],"about":[{"href":"https:\/\/skinstudio.ee\/lt\/wp-json\/wp\/v2\/types\/product"}],"version-history":[{"count":0,"href":"https:\/\/skinstudio.ee\/lt\/wp-json\/wp\/v2\/product\/43802\/revisions"}],"wp:featuredmedia":[{"embeddable":true,"href":"https:\/\/skinstudio.ee\/lt\/wp-json\/wp\/v2\/media\/66239"}],"wp:attachment":[{"href":"https:\/\/skinstudio.ee\/lt\/wp-json\/wp\/v2\/media?parent=43802"}],"wp:term":[{"taxonomy":"pwb-brand","embeddable":true,"href":"https:\/\/skinstudio.ee\/lt\/wp-json\/wp\/v2\/pwb-brand?post=43802"},{"taxonomy":"product_brand","embeddable":true,"href":"https:\/\/skinstudio.ee\/lt\/wp-json\/wp\/v2\/product_brand?post=43802"},{"taxonomy":"product_cat","embeddable":true,"href":"https:\/\/skinstudio.ee\/lt\/wp-json\/wp\/v2\/product_cat?post=43802"},{"taxonomy":"product_tag","embeddable":true,"href":"https:\/\/skinstudio.ee\/lt\/wp-json\/wp\/v2\/product_tag?post=43802"},{"taxonomy":"giftcard-category","embeddable":true,"href":"https:\/\/skinstudio.ee\/lt\/wp-json\/wp\/v2\/giftcard-category?post=43802"}],"curies":[{"name":"wp","href":"https:\/\/api.w.org\/{rel}","templated":true}]}}